{"id":283344,"date":"2025-03-06T10:27:47","date_gmt":"2025-03-25T08:07:45","guid":{"rendered":"https:\/\/staging.nbg.eu\/product\/ftcs-buttstock-adapter-ar15-for-akm\/"},"modified":"2025-03-25T08:09:56","modified_gmt":"2025-03-25T08:09:56","slug":"ftcs-kabatas-adapteris-ar15-prieks-akm","status":"publish","type":"product","link":"https:\/\/staging.nbg.eu\/lv\/product\/ftcs-kabatas-adapteris-ar15-prieks-akm\/","title":{"rendered":"FTCS &#8211; kabatas adapteris AR15 priek\u0161 AKM"},"content":{"rendered":"<h2>FTCS &#8211; Laide\u0146a adapters AR15 priek\u0161 AKM<\/h2>\n<p>FTCS Laide\u0146a adapters AR15 \u013cauj uzst\u0101d\u012bt AR15 laide\u0146us uz j\u016bsu AKM \u0161autenes. Tas ir izgatavots no alum\u012bnija un p\u0101rkl\u0101ts ar Cerakote H-146.<\/p>\n<h3>Galven\u0101s \u012bpa\u0161\u012bbas:<\/h3>\n<ul>\n<li>Izgatavots AKM s\u0113rijai<\/li>\n<li>Sader\u012bgs ar AR karb\u012bna laide\u0146iem<\/li>\n<li>MIL-SPEC standarts<\/li>\n<li>Vienk\u0101r\u0161a uzst\u0101d\u012b\u0161ana &#8211; nav nepiecie\u0161amas papildu deta\u013cas<\/li>\n<li>Alum\u012bnija konstrukcija ar Cerakote p\u0101rkl\u0101jumu<\/li>\n<li>Iek\u013cauts vadotne un e\u0146\u0123e ar stiprin\u0101jumu<\/li>\n<\/ul>\n<h3>Tehnisk\u0101 specifik\u0101cija:<\/h3>\n<ul>\n<li>Sader\u012bba: AKM<\/li>\n<li>Pielietojums: AR15 laidenis<\/li>\n<li>Materi\u0101ls: Alum\u012bnijs<\/li>\n<li>P\u0101rkl\u0101jums: Cerakote H-146<\/li>\n<li>Izm\u0113ri: 202 x 28 x 36 mm<\/li>\n<li>Svars: 221 g<\/li>\n<\/ul>\n<p>\u0160is laide\u0146a adapters \u013cauj pievienot AR15 laide\u0146us j\u016bsu AKM.<\/p>\n","protected":false},"excerpt":{"rendered":"<p>AR15 laides adapteris AKM. Alum\u012bnijs, p\u0101rkl\u0101ts ar Cerakote, atbilst milit\u0101rajiem standartiem.<\/p>\n","protected":false},"featured_media":241114,"template":"","meta":{"_acf_changed":false},"product_brand":[11318],"product_cat":[13761,13827,13776],"product_tag":[],"class_list":{"0":"post-283344","1":"product","2":"type-product","3":"status-publish","4":"has-post-thumbnail","6":"product_brand-ftcs","7":"product_cat-ak-uzlabojumi","8":"product_cat-sautene","9":"product_cat-sautenes-uzlabojumi","11":"first","12":"instock","13":"taxable","14":"shipping-taxable","15":"purchasable","16":"product-type-simple"},"acf":[],"_links":{"self":[{"href":"https:\/\/staging.nbg.eu\/lv\/wp-json\/wp\/v2\/product\/283344","targetHints":{"allow":["GET"]}}],"collection":[{"href":"https:\/\/staging.nbg.eu\/lv\/wp-json\/wp\/v2\/product"}],"about":[{"href":"https:\/\/staging.nbg.eu\/lv\/wp-json\/wp\/v2\/types\/product"}],"wp:featuredmedia":[{"embeddable":true,"href":"https:\/\/staging.nbg.eu\/lv\/wp-json\/wp\/v2\/media\/241114"}],"wp:attachment":[{"href":"https:\/\/staging.nbg.eu\/lv\/wp-json\/wp\/v2\/media?parent=283344"}],"wp:term":[{"taxonomy":"product_brand","embeddable":true,"href":"https:\/\/staging.nbg.eu\/lv\/wp-json\/wp\/v2\/product_brand?post=283344"},{"taxonomy":"product_cat","embeddable":true,"href":"https:\/\/staging.nbg.eu\/lv\/wp-json\/wp\/v2\/product_cat?post=283344"},{"taxonomy":"product_tag","embeddable":true,"href":"https:\/\/staging.nbg.eu\/lv\/wp-json\/wp\/v2\/product_tag?post=283344"}],"curies":[{"name":"wp","href":"https:\/\/api.w.org\/{rel}","templated":true}]}}