{"id":282079,"date":"2025-03-06T10:01:39","date_gmt":"2025-03-24T12:40:59","guid":{"rendered":"https:\/\/staging.nbg.eu\/product\/clawgear-m-lok-10-slot-rail-qd-integrated\/"},"modified":"2025-03-24T12:43:32","modified_gmt":"2025-03-24T12:43:32","slug":"clawgear-m-lok-10-slotu-sliede-qd-integreta","status":"publish","type":"product","link":"https:\/\/staging.nbg.eu\/lv\/product\/clawgear-m-lok-10-slotu-sliede-qd-integreta\/","title":{"rendered":"Clawgear M-LOK 10 slotu sliede QD integr\u0113ta"},"content":{"rendered":"<h2>Clawgear M-LOK 10 slotu sliede ar integr\u0113tu QD<\/h2>\n<p>Picatinny sliede M-LOK interfeisam. Ar 10 slotiem un integr\u0113tu QD stiprin\u0101juma punktu siksnas \u0101\u0137iem. Izgatavota no alum\u012bnija ar anod\u0113tu p\u0101rkl\u0101jumu, kas atbilst milit\u0101raj\u0101m specifik\u0101cij\u0101m.<\/p>\n<ul>\n<li>Iek\u013cauta mont\u0101\u017eas aparat\u016bra ar ner\u016bs\u0113jo\u0161\u0101 t\u0113rauda T uzgrie\u017e\u0146iem<\/li>\n<li>Iztur\u012bga pret koroziju<\/li>\n<li>Maksim\u0101lais griezes moments: 4Nm vai 35in\/lb<\/li>\n<\/ul>\n<p><strong>Padoms:<\/strong> Ja nav pieejama griezes momenta atsl\u0113ga, izmantojiet Allen atsl\u0113gas \u012bso rokturi pievilk\u0161anai.<\/p>\n<p><em>Izm\u0113ri (iepakots):<\/em> 17 x 10,7 x 1 cm<br \/>\n<em>Svars:<\/em> 45g (53g iepakots)<\/p>\n","protected":false},"excerpt":{"rendered":"<p>M-LOK Picatinny sliede ar 10 slotiem un QD stiprin\u0101jumu. Iztur\u012bgs alum\u012bnijs.<\/p>\n","protected":false},"featured_media":240506,"template":"","meta":{"_acf_changed":false},"product_brand":[11225],"product_cat":[13827,13776,13790,13775],"product_tag":[],"class_list":{"0":"post-282079","1":"product","2":"type-product","3":"status-publish","4":"has-post-thumbnail","6":"product_brand-clawgear","7":"product_cat-sautene","8":"product_cat-sautenes-uzlabojumi","9":"product_cat-siksnas","10":"product_cat-sliedes","12":"first","13":"instock","14":"taxable","15":"shipping-taxable","16":"purchasable","17":"product-type-simple"},"acf":[],"_links":{"self":[{"href":"https:\/\/staging.nbg.eu\/lv\/wp-json\/wp\/v2\/product\/282079","targetHints":{"allow":["GET"]}}],"collection":[{"href":"https:\/\/staging.nbg.eu\/lv\/wp-json\/wp\/v2\/product"}],"about":[{"href":"https:\/\/staging.nbg.eu\/lv\/wp-json\/wp\/v2\/types\/product"}],"wp:featuredmedia":[{"embeddable":true,"href":"https:\/\/staging.nbg.eu\/lv\/wp-json\/wp\/v2\/media\/240506"}],"wp:attachment":[{"href":"https:\/\/staging.nbg.eu\/lv\/wp-json\/wp\/v2\/media?parent=282079"}],"wp:term":[{"taxonomy":"product_brand","embeddable":true,"href":"https:\/\/staging.nbg.eu\/lv\/wp-json\/wp\/v2\/product_brand?post=282079"},{"taxonomy":"product_cat","embeddable":true,"href":"https:\/\/staging.nbg.eu\/lv\/wp-json\/wp\/v2\/product_cat?post=282079"},{"taxonomy":"product_tag","embeddable":true,"href":"https:\/\/staging.nbg.eu\/lv\/wp-json\/wp\/v2\/product_tag?post=282079"}],"curies":[{"name":"wp","href":"https:\/\/api.w.org\/{rel}","templated":true}]}}