{"id":279248,"date":"2025-03-03T19:53:03","date_gmt":"2025-03-21T12:33:05","guid":{"rendered":"https:\/\/staging.nbg.eu\/product\/daa-x-ray-aluminum-pouch\/"},"modified":"2025-03-21T12:35:25","modified_gmt":"2025-03-21T12:35:25","slug":"daa-x-ray-aluminija-kabata","status":"publish","type":"product","link":"https:\/\/staging.nbg.eu\/lv\/product\/daa-x-ray-aluminija-kabata\/","title":{"rendered":"DAA X-Ray alum\u012bnija kabata"},"content":{"rendered":"<h2>DAA X-Ray alum\u012bnija maci\u0146\u0161<\/h2>\n<p>DAA X-Ray alum\u012bnija maci\u0146\u0161 ir balst\u012bts uz Xi un XIP mode\u013ciem. Tam ir \u0161\u0101das \u012bpa\u0161\u012bbas:<\/p>\n<ul>\n<li>Optimiz\u0113ta aug\u0161\u0113j\u0101 mala viegl\u0101kai magaz\u012bnas ievieto\u0161anai<\/li>\n<li>Papildu regul\u0113\u0161anas skr\u016bve, lai nov\u0113rstu nejau\u0161u atblo\u0137\u0113\u0161anu<\/li>\n<li>Palielin\u0101ta 13mm lodveida savienojuma da\u013ca uzlabotai stabilit\u0101tei<\/li>\n<li>Caursp\u012bd\u012bgs dizains ar izgriezumiem svara samazin\u0101\u0161anai<\/li>\n<li>Asto\u0146i stiprin\u0101juma punkti abpus\u0113jai lieto\u0161anai<\/li>\n<li>Alum\u012bnija lodveida savienojuma jostas stiprin\u0101jums regul\u0113jamiem le\u0146\u0137iem<\/li>\n<li>Tr\u012bs starplikas komplekti pla\u0161ai magaz\u012bnu sader\u012bbai<\/li>\n<li>Regul\u0113jamas augstuma poz\u012bcijas t\u0113rauda atdures tapai<\/li>\n<li>Spriegojuma regul\u0113\u0161ana bez instrumentiem<\/li>\n<\/ul>\n<p>Pieejams zil\u0101, sarkan\u0101, meln\u0101 un sudraba anod\u0113t\u0101 apdar\u0113.<\/p>\n","protected":false},"excerpt":{"rendered":"<p>DAA rentgena alum\u012bnija maci\u0146\u0161: Inovat\u012bvs, viegls, caursp\u012bd\u012bgs dizains sacens\u012bbu \u0161\u0101v\u0113jiem.<\/p>\n","protected":false},"featured_media":236023,"template":"","meta":{"_acf_changed":false},"product_brand":[11271],"product_cat":[13794,13770,13785],"product_tag":[],"class_list":{"0":"post-279248","1":"product","2":"type-product","3":"status-publish","4":"has-post-thumbnail","6":"product_brand-doublealpha","7":"product_cat-ekipejums","8":"product_cat-magazinu-turetaji","9":"product_cat-sominas","11":"first","12":"outofstock","13":"taxable","14":"shipping-taxable","15":"purchasable","16":"product-type-variable","17":"wvs-archive-product-wrapper"},"acf":[],"_links":{"self":[{"href":"https:\/\/staging.nbg.eu\/lv\/wp-json\/wp\/v2\/product\/279248","targetHints":{"allow":["GET"]}}],"collection":[{"href":"https:\/\/staging.nbg.eu\/lv\/wp-json\/wp\/v2\/product"}],"about":[{"href":"https:\/\/staging.nbg.eu\/lv\/wp-json\/wp\/v2\/types\/product"}],"wp:featuredmedia":[{"embeddable":true,"href":"https:\/\/staging.nbg.eu\/lv\/wp-json\/wp\/v2\/media\/236023"}],"wp:attachment":[{"href":"https:\/\/staging.nbg.eu\/lv\/wp-json\/wp\/v2\/media?parent=279248"}],"wp:term":[{"taxonomy":"product_brand","embeddable":true,"href":"https:\/\/staging.nbg.eu\/lv\/wp-json\/wp\/v2\/product_brand?post=279248"},{"taxonomy":"product_cat","embeddable":true,"href":"https:\/\/staging.nbg.eu\/lv\/wp-json\/wp\/v2\/product_cat?post=279248"},{"taxonomy":"product_tag","embeddable":true,"href":"https:\/\/staging.nbg.eu\/lv\/wp-json\/wp\/v2\/product_tag?post=279248"}],"curies":[{"name":"wp","href":"https:\/\/api.w.org\/{rel}","templated":true}]}}