{"id":278732,"date":"2025-03-02T06:06:39","date_gmt":"2025-03-21T10:59:21","guid":{"rendered":"https:\/\/staging.nbg.eu\/product\/144-area-419-billet-loading-block-clear-anodized\/"},"modified":"2025-03-21T11:01:46","modified_gmt":"2025-03-21T11:01:46","slug":"area-419-billet-ielades-bloks-skaidrs-anodets","status":"publish","type":"product","link":"https:\/\/staging.nbg.eu\/lv\/product\/area-419-billet-ielades-bloks-skaidrs-anodets\/","title":{"rendered":"Area 419 &#8211; Billet iel\u0101des bloks \u2013 skaidrs anod\u0113ts"},"content":{"rendered":"<h2>Area 419 Billet patronu tur\u0113t\u0101js \u2013 Caursp\u012bd\u012bgi anod\u0113ts<\/h2>\n<p>Area 419 Billet anod\u0113tais patronu tur\u0113t\u0101js. \u0160im prec\u012bzi izgatavotajam tur\u0113t\u0101jam ir \u0161\u0101das funkcijas:<\/p>\n<ul>\n<li>50 vietas 308, Magnum vai Lapua patron\u0101m<\/li>\n<li>Izgatavots no 6061-T6 alum\u012bnija ar caursp\u012bd\u012bgu anod\u0113tu apdari<\/li>\n<li>Izm\u0113ri: 9,5&#8243; x 4&#8243; x 5\/8&#8243;<\/li>\n<li>0,500&#8243; dzi\u013ci caurumi ar cie\u0161u patronu ievieto\u0161anu<\/li>\n<li>Centr\u0101lie padzi\u013cin\u0101jumi pulvera da\u013ci\u0146u uztver\u0161anai<\/li>\n<li>Nesl\u012bdo\u0161as gumijas palikt\u0146i apak\u0161\u0101<\/li>\n<\/ul>\n<p>Pieejamie caurumu diametri: 223 (0,390&#8243;), ARC\/Grendel (0,452&#8243;), 308 (0,485&#8243;), 284 (0,515&#8243;), Magnum (0,560&#8243;), Lapua (0,600&#8243;) un Cheytac (0,655&#8243;).<\/p>\n<p>Svars: 1,4 m\u0101rci\u0146as<\/p>\n<p>Patronu tur\u0113t\u0101js no Area 419.<\/p>\n","protected":false},"excerpt":{"rendered":"<p>Iztur\u012bgs anod\u0113ts patronu iel\u0101d\u0113\u0161anas bloks 50 patron\u0101m. Prec\u012bzi apstr\u0101d\u0101ts, nesl\u012bdo\u0161s.<\/p>\n","protected":false},"featured_media":233219,"template":"","meta":{"_acf_changed":false},"product_brand":[11043],"product_cat":[13823,13777],"product_tag":[],"class_list":{"0":"post-278732","1":"product","2":"type-product","3":"status-publish","4":"has-post-thumbnail","6":"product_brand-area-419","7":"product_cat-parladesana","8":"product_cat-parladesanas-aksesuari","10":"first","11":"instock","12":"taxable","13":"shipping-taxable","14":"purchasable","15":"product-type-variable","16":"wvs-archive-product-wrapper"},"acf":[],"_links":{"self":[{"href":"https:\/\/staging.nbg.eu\/lv\/wp-json\/wp\/v2\/product\/278732","targetHints":{"allow":["GET"]}}],"collection":[{"href":"https:\/\/staging.nbg.eu\/lv\/wp-json\/wp\/v2\/product"}],"about":[{"href":"https:\/\/staging.nbg.eu\/lv\/wp-json\/wp\/v2\/types\/product"}],"wp:featuredmedia":[{"embeddable":true,"href":"https:\/\/staging.nbg.eu\/lv\/wp-json\/wp\/v2\/media\/233219"}],"wp:attachment":[{"href":"https:\/\/staging.nbg.eu\/lv\/wp-json\/wp\/v2\/media?parent=278732"}],"wp:term":[{"taxonomy":"product_brand","embeddable":true,"href":"https:\/\/staging.nbg.eu\/lv\/wp-json\/wp\/v2\/product_brand?post=278732"},{"taxonomy":"product_cat","embeddable":true,"href":"https:\/\/staging.nbg.eu\/lv\/wp-json\/wp\/v2\/product_cat?post=278732"},{"taxonomy":"product_tag","embeddable":true,"href":"https:\/\/staging.nbg.eu\/lv\/wp-json\/wp\/v2\/product_tag?post=278732"}],"curies":[{"name":"wp","href":"https:\/\/api.w.org\/{rel}","templated":true}]}}