{"id":278310,"date":"2025-03-07T17:59:41","date_gmt":"2025-03-21T10:04:29","guid":{"rendered":"https:\/\/staging.nbg.eu\/product\/sellier-bellot-40sw-fmj-11-7g-180gr\/"},"modified":"2025-03-21T10:06:46","modified_gmt":"2025-03-21T10:06:46","slug":"sellier-bellot-40sw-fmj-117g-180gr","status":"publish","type":"product","link":"https:\/\/staging.nbg.eu\/lv\/product\/sellier-bellot-40sw-fmj-117g-180gr\/","title":{"rendered":"Sellier &#038; Bellot &#8211; 40S&#038;W FMJ &#8211; 11.7g \/ 180gr"},"content":{"rendered":"<p>Sellier &amp; Bellot 40S&amp;W pilna met\u0101la apvalka mun\u012bcija ir paredz\u0113ta m\u0113r\u0137a \u0161au\u0161anai. Katra patrona satur 180 gr\u0101nu FMJ lodi, nodro\u0161inot stabilu darb\u012bbu .40 S&amp;W pistol\u0113.<\/p>\n<ul>\n<li>Kalibrs: .40 S&amp;W<\/li>\n<li>Lodes svars: 180 gr\u0101ni (11.7g)<\/li>\n<li>Lodes tips: Pilna met\u0101la apvalks (FMJ)<\/li>\n<li>Stobra \u0101trums: 968 p\u0113das sekund\u0113<\/li>\n<li>Stobra ener\u0123ija: 400 p\u0113du-m\u0101rci\u0146as<\/li>\n<li>\u010caul\u012bte: Misi\u0146\u0161<\/li>\n<\/ul>\n<p>\u0160\u012b mun\u012bcija ir pieejama kast\u0113s pa 50 patron\u0101m, ar 20 kast\u0113m vien\u0101 iepakojum\u0101. Misi\u0146a \u010daul\u012bte nodro\u0161ina vienm\u0113r\u012bgu darb\u012bbu un iesp\u0113ju p\u0101rl\u0101d\u0113t. Ar \u0101trumu 940 p\u0113das sekund\u0113, \u0161\u012bs patronas ir piem\u0113rotas m\u0113r\u0137a \u0161au\u0161anai un treni\u0146iem. Sellier &amp; Bellot ra\u017eo mun\u012bciju .40 S&amp;W iero\u010diem.<\/p>\n","protected":false},"excerpt":{"rendered":"<p>40 S&amp;W 180gr FMJ mun\u012bcija \u0161au\u0161anai pa m\u0113r\u0137iem. Misi\u0146a \u010daul\u012bte, 968 p\u0113das sekund\u0113, 50 patronas kast\u0113.<\/p>\n","protected":false},"featured_media":248749,"template":"","meta":{"_acf_changed":false},"product_brand":[],"product_cat":[13802,13772],"product_tag":[],"class_list":{"0":"post-278310","1":"product","2":"type-product","3":"status-publish","4":"has-post-thumbnail","6":"product_cat-municija","7":"product_cat-pistoles-municija","9":"first","10":"instock","11":"taxable","12":"shipping-taxable","13":"purchasable","14":"product-type-simple"},"acf":[],"_links":{"self":[{"href":"https:\/\/staging.nbg.eu\/lv\/wp-json\/wp\/v2\/product\/278310","targetHints":{"allow":["GET"]}}],"collection":[{"href":"https:\/\/staging.nbg.eu\/lv\/wp-json\/wp\/v2\/product"}],"about":[{"href":"https:\/\/staging.nbg.eu\/lv\/wp-json\/wp\/v2\/types\/product"}],"wp:featuredmedia":[{"embeddable":true,"href":"https:\/\/staging.nbg.eu\/lv\/wp-json\/wp\/v2\/media\/248749"}],"wp:attachment":[{"href":"https:\/\/staging.nbg.eu\/lv\/wp-json\/wp\/v2\/media?parent=278310"}],"wp:term":[{"taxonomy":"product_brand","embeddable":true,"href":"https:\/\/staging.nbg.eu\/lv\/wp-json\/wp\/v2\/product_brand?post=278310"},{"taxonomy":"product_cat","embeddable":true,"href":"https:\/\/staging.nbg.eu\/lv\/wp-json\/wp\/v2\/product_cat?post=278310"},{"taxonomy":"product_tag","embeddable":true,"href":"https:\/\/staging.nbg.eu\/lv\/wp-json\/wp\/v2\/product_tag?post=278310"}],"curies":[{"name":"wp","href":"https:\/\/api.w.org\/{rel}","templated":true}]}}