{"id":278196,"date":"2025-03-07T10:00:31","date_gmt":"2025-03-21T09:43:46","guid":{"rendered":"https:\/\/staging.nbg.eu\/product\/hornady-6mm-arc-80gr-eld-vt\/"},"modified":"2025-03-21T09:45:58","modified_gmt":"2025-03-21T09:45:58","slug":"hornady-6mm-arc-80gr-eld-vt","status":"publish","type":"product","link":"https:\/\/staging.nbg.eu\/lv\/product\/hornady-6mm-arc-80gr-eld-vt\/","title":{"rendered":"Hornady &#8211; 6mm ARC 80gr. ELD-VT"},"content":{"rendered":"<div class=\"product-description\">\n<h2>Hornady &#8211; 6mm ARC 80gr. ELD-VT<\/h2>\n<p>Hornady 6mm ARC 80gr. ELD-VT mun\u012bcija. \u0160\u012b mun\u012bcija ir paredz\u0113ta sacens\u012bbu \u0161\u0101v\u0113jiem un s\u012bko dz\u012bvnieku medniekiem.<\/p>\n<h3>Galven\u0101s \u012bpa\u0161\u012bbas:<\/h3>\n<ul>\n<li><strong>Komponenti:<\/strong> Iel\u0101d\u0113ta ar augstas kvalit\u0101tes materi\u0101liem prec\u012bzai \u0161au\u0161anai.<\/li>\n<li><strong>Propelanti:<\/strong> T\u012bri dego\u0161s un temperat\u016brai stabils, nodro\u0161inot konsekventu veiktsp\u0113ju da\u017e\u0101dos laika apst\u0101k\u013cos.<\/li>\n<li><strong>Daudzpus\u012bga:<\/strong> Piem\u0113rota gan sacens\u012bbu \u0161au\u0161anai, gan s\u012bko dz\u012bvnieku med\u012bb\u0101m.<\/li>\n<li><strong>Precizit\u0101te:<\/strong> Izstr\u0101d\u0101ta prec\u012bzai \u0161au\u0161anai da\u017e\u0101dos att\u0101lumos.<\/li>\n<\/ul>\n<p>Hornady 6mm ARC 80gr. ELD-VT &#8211; prec\u012bza mun\u012bcija \u0161au\u0161anai.<\/p>\n<\/div>\n","protected":false},"excerpt":{"rendered":"<p>Prec\u012bza 6mm ARC mun\u012bcija. Sacens\u012bbu l\u012bme\u0146a precizit\u0101te, konsekventa visos temperat\u016bras apst\u0101k\u013cos.<\/p>\n","protected":false},"featured_media":246054,"template":"","meta":{"_acf_changed":false},"product_brand":[11457],"product_cat":[13802,13839],"product_tag":[],"class_list":{"0":"post-278196","1":"product","2":"type-product","3":"status-publish","4":"has-post-thumbnail","6":"product_brand-hornady","7":"product_cat-municija","8":"product_cat-sautenes-municija","10":"first","11":"instock","12":"taxable","13":"shipping-taxable","14":"purchasable","15":"product-type-simple"},"acf":[],"_links":{"self":[{"href":"https:\/\/staging.nbg.eu\/lv\/wp-json\/wp\/v2\/product\/278196","targetHints":{"allow":["GET"]}}],"collection":[{"href":"https:\/\/staging.nbg.eu\/lv\/wp-json\/wp\/v2\/product"}],"about":[{"href":"https:\/\/staging.nbg.eu\/lv\/wp-json\/wp\/v2\/types\/product"}],"wp:featuredmedia":[{"embeddable":true,"href":"https:\/\/staging.nbg.eu\/lv\/wp-json\/wp\/v2\/media\/246054"}],"wp:attachment":[{"href":"https:\/\/staging.nbg.eu\/lv\/wp-json\/wp\/v2\/media?parent=278196"}],"wp:term":[{"taxonomy":"product_brand","embeddable":true,"href":"https:\/\/staging.nbg.eu\/lv\/wp-json\/wp\/v2\/product_brand?post=278196"},{"taxonomy":"product_cat","embeddable":true,"href":"https:\/\/staging.nbg.eu\/lv\/wp-json\/wp\/v2\/product_cat?post=278196"},{"taxonomy":"product_tag","embeddable":true,"href":"https:\/\/staging.nbg.eu\/lv\/wp-json\/wp\/v2\/product_tag?post=278196"}],"curies":[{"name":"wp","href":"https:\/\/api.w.org\/{rel}","templated":true}]}}