{"id":278044,"date":"2025-03-07T09:56:26","date_gmt":"2025-03-21T07:57:05","guid":{"rendered":"https:\/\/staging.nbg.eu\/product\/hornady-6mm-arc-103-gr-eld%e2%80%91x-precision-hunter\/"},"modified":"2025-03-21T07:59:33","modified_gmt":"2025-03-21T07:59:33","slug":"hornady-6mm-arc-103-gr-eldx-precision-hunter","status":"publish","type":"product","link":"https:\/\/staging.nbg.eu\/lv\/product\/hornady-6mm-arc-103-gr-eldx-precision-hunter\/","title":{"rendered":"Hornady &#8211; 6mm ARC 103 gr ELD\u2011X\u00ae Precision Hunter\u00ae"},"content":{"rendered":"<div class=\"product-description\">\n<h2>Hornady 6mm ARC 103 gr ELD\u2011X\u00ae Precision Hunter\u00ae<\/h2>\n<p>6mm ARC ir paredz\u0113ts \u0161\u0101v\u0113jiem. \u0160\u012b patrona nodro\u0161ina:<\/p>\n<ul>\n<li>Precizit\u0101ti un sniegumu lielos att\u0101lumos<\/li>\n<li>Piem\u0113rota med\u012bb\u0101m, sacens\u012bbu \u0161au\u0161anai un personiskajai aizsardz\u012bbai<\/li>\n<li>Optimiz\u0113ta AR-15 platform\u0101m un \u012bs\u0101s darb\u012bbas bultsl\u0113d\u017eu iero\u010diem<\/li>\n<li>Augsts balistiskais koeficients<\/li>\n<li>L\u012bdzsvarots patronas, kameras un propelanta dizains<\/li>\n<li>Labs stobra kalpo\u0161anas laiks<\/li>\n<\/ul>\n<p>6mm ARC ir piem\u0113rots da\u017e\u0101diem pielietojumiem, s\u0101kot no personisk\u0101s aizsardz\u012bbas l\u012bdz med\u012bb\u0101m lielos att\u0101lumos. Sader\u012bgs ar da\u017e\u0101diem iero\u010du ra\u017eot\u0101jiem, ieskaitot Barrett, Mossberg un Wilson Combat.<\/p>\n<\/div>\n","protected":false},"excerpt":{"rendered":"<p>Daudzpus\u012bgs 6mm ARC AR-15 ierocim: Efekt\u012bvas lodes ar augstu balistisko koeficientu prec\u012bzai med\u012b\u0161anai.<\/p>\n","protected":false},"featured_media":246029,"template":"","meta":{"_acf_changed":false},"product_brand":[11457],"product_cat":[13802,13839],"product_tag":[],"class_list":{"0":"post-278044","1":"product","2":"type-product","3":"status-publish","4":"has-post-thumbnail","6":"product_brand-hornady","7":"product_cat-municija","8":"product_cat-sautenes-municija","10":"first","11":"instock","12":"taxable","13":"shipping-taxable","14":"purchasable","15":"product-type-simple"},"acf":[],"_links":{"self":[{"href":"https:\/\/staging.nbg.eu\/lv\/wp-json\/wp\/v2\/product\/278044","targetHints":{"allow":["GET"]}}],"collection":[{"href":"https:\/\/staging.nbg.eu\/lv\/wp-json\/wp\/v2\/product"}],"about":[{"href":"https:\/\/staging.nbg.eu\/lv\/wp-json\/wp\/v2\/types\/product"}],"wp:featuredmedia":[{"embeddable":true,"href":"https:\/\/staging.nbg.eu\/lv\/wp-json\/wp\/v2\/media\/246029"}],"wp:attachment":[{"href":"https:\/\/staging.nbg.eu\/lv\/wp-json\/wp\/v2\/media?parent=278044"}],"wp:term":[{"taxonomy":"product_brand","embeddable":true,"href":"https:\/\/staging.nbg.eu\/lv\/wp-json\/wp\/v2\/product_brand?post=278044"},{"taxonomy":"product_cat","embeddable":true,"href":"https:\/\/staging.nbg.eu\/lv\/wp-json\/wp\/v2\/product_cat?post=278044"},{"taxonomy":"product_tag","embeddable":true,"href":"https:\/\/staging.nbg.eu\/lv\/wp-json\/wp\/v2\/product_tag?post=278044"}],"curies":[{"name":"wp","href":"https:\/\/api.w.org\/{rel}","templated":true}]}}