{"id":277665,"date":"2025-03-07T07:46:42","date_gmt":"2025-03-07T07:46:42","guid":{"rendered":"https:\/\/staging.nbg.eu\/product\/gun-oil-go-juice-4-oz\/"},"modified":"2025-03-21T07:16:03","modified_gmt":"2025-03-21T07:16:03","slug":"gun-oil-go-juice-4oz","status":"publish","type":"product","link":"https:\/\/staging.nbg.eu\/lv\/product\/gun-oil-go-juice-4oz\/","title":{"rendered":"Gun Oil Go Juice 4.oz"},"content":{"rendered":"<div class=\"product-description\">\n<h2>ALG Go-Juice\u00ae (GJ\u00ae) 120 ml pudele<\/h2>\n<p>ALG Go-Juice\u00ae ir biosint\u0113tiska sm\u0113rviela, kas paredz\u0113ta \u0161aujamiero\u010du kop\u0161anai. Galven\u0101s \u012bpa\u0161\u012bbas:<\/p>\n<ul>\n<li>5 reizes sliden\u0101ka nek\u0101 milit\u0101r\u0101s klases CLP<\/li>\n<li>Uzlabota aizsardz\u012bba pret koroziju<\/li>\n<li>Ilgtermi\u0146a stabilit\u0101te<\/li>\n<li>Netoksiska formula, dro\u0161a saskar\u0113 ar \u0101du<\/li>\n<li>Piem\u0113rota autom\u0101tiskajiem iero\u010diem un iero\u010diem sl\u0113ptai n\u0113s\u0101\u0161anai<\/li>\n<\/ul>\n<p>Go-Juice\u00ae ir ieg\u016bts no \u0122MO e\u013c\u013cas s\u0113kl\u0101m. Tas uzr\u0101da lab\u0101kus rezult\u0101tus pa\u0101trin\u0101t\u0101s noveco\u0161anas un s\u0101ls izsmidzin\u0101\u0161anas testos. \u0160\u012b sm\u0113rviela, kas nav veidota uz naftas b\u0101zes, nodro\u0161ina ieroci darb\u012bbai da\u017e\u0101dos apst\u0101k\u013cos.<\/p>\n<\/div>\n","protected":false},"excerpt":{"rendered":"<p>&#8220;\u012apa\u0161i glud\u0101, netoksisk\u0101 biolo\u0123iski sint\u0113tisk\u0101 \u0161aujamiero\u010du sm\u0113rviela maksim\u0101lai veiktsp\u0113jai.&#8221;<\/p>\n","protected":false},"featured_media":245936,"template":"","meta":{"_acf_changed":false},"product_brand":[11383],"product_cat":[13808,13796],"product_tag":[],"class_list":{"0":"post-277665","1":"product","2":"type-product","3":"status-publish","4":"has-post-thumbnail","6":"product_brand-geissele","7":"product_cat-ierocu-tirisana","8":"product_cat-smervielas","10":"first","11":"instock","12":"taxable","13":"shipping-taxable","14":"purchasable","15":"product-type-simple"},"acf":[],"_links":{"self":[{"href":"https:\/\/staging.nbg.eu\/lv\/wp-json\/wp\/v2\/product\/277665","targetHints":{"allow":["GET"]}}],"collection":[{"href":"https:\/\/staging.nbg.eu\/lv\/wp-json\/wp\/v2\/product"}],"about":[{"href":"https:\/\/staging.nbg.eu\/lv\/wp-json\/wp\/v2\/types\/product"}],"wp:featuredmedia":[{"embeddable":true,"href":"https:\/\/staging.nbg.eu\/lv\/wp-json\/wp\/v2\/media\/245936"}],"wp:attachment":[{"href":"https:\/\/staging.nbg.eu\/lv\/wp-json\/wp\/v2\/media?parent=277665"}],"wp:term":[{"taxonomy":"product_brand","embeddable":true,"href":"https:\/\/staging.nbg.eu\/lv\/wp-json\/wp\/v2\/product_brand?post=277665"},{"taxonomy":"product_cat","embeddable":true,"href":"https:\/\/staging.nbg.eu\/lv\/wp-json\/wp\/v2\/product_cat?post=277665"},{"taxonomy":"product_tag","embeddable":true,"href":"https:\/\/staging.nbg.eu\/lv\/wp-json\/wp\/v2\/product_tag?post=277665"}],"curies":[{"name":"wp","href":"https:\/\/api.w.org\/{rel}","templated":true}]}}