{"id":276213,"date":"2025-03-07T07:40:34","date_gmt":"2025-03-20T13:40:48","guid":{"rendered":"https:\/\/staging.nbg.eu\/product\/silicone-gel-pads-for-3m-peltor\/"},"modified":"2025-03-20T13:42:46","modified_gmt":"2025-03-20T13:42:46","slug":"silikona-gela-spilventini-3m-peltor","status":"publish","type":"product","link":"https:\/\/staging.nbg.eu\/lv\/product\/silikona-gela-spilventini-3m-peltor\/","title":{"rendered":"Silikona Gela Spilventi\u0146i 3M Peltor"},"content":{"rendered":"<div class=\"product-description\">\n<h2>Silikona gela polsteri 3M Peltor<\/h2>\n<p>Nomainiet savus 3M Peltor dzirdes aizsargus ar \u0161iem silikona gela ausu polsteriem. Tie ir sader\u012bgi ar da\u017e\u0101diem Peltor mode\u013ciem, ieskaitot Sportac, WS Sportac, Protac III un X4A pas\u012bvo.<\/p>\n<ul>\n<li>Vienk\u0101r\u0161a uzst\u0101d\u012b\u0161ana: Vienk\u0101r\u0161i ieklik\u0161\u0137ina viet\u0101, nav nepiecie\u0161amas modifik\u0101cijas<\/li>\n<li>\u0112rtums: Gela polsteri piel\u0101gojas j\u016bsu galvas formai<\/li>\n<li>Uzlabots bl\u012bv\u0113jums: Veido cie\u0161u barjeru ap bri\u013c\u013cu k\u0101ji\u0146\u0101m<\/li>\n<li>Iztur\u012bga konstrukcija: Sonisk\u0101 metin\u0101juma mont\u0101\u017ea nodro\u0161ina ilgm\u016b\u017e\u012bbu<\/li>\n<li>Sader\u012bba: Der vairumam Peltor dzirdes aizsargu mode\u013cu<\/li>\n<\/ul>\n<p>\u0160ie silikona gela polsteri ir piem\u0113roti ilgsto\u0161ai lieto\u0161anai un dzirdes aizsardz\u012bbai.<\/p>\n<\/div>\n","protected":false},"excerpt":{"rendered":"<p>\u0112rtas, viegli uzst\u0101d\u0101mas g\u0113la polster\u0113juma spilventi\u0146as 3M Peltor dzirdes aizsargiem.<\/p>\n","protected":false},"featured_media":245728,"template":"","meta":{"_acf_changed":false},"product_brand":[11019],"product_cat":[13789,13794],"product_tag":[],"class_list":{"0":"post-276213","1":"product","2":"type-product","3":"status-publish","4":"has-post-thumbnail","6":"product_brand-3m","7":"product_cat-ausu-aizsardziba","8":"product_cat-ekipejums","10":"first","11":"instock","12":"taxable","13":"shipping-taxable","14":"purchasable","15":"product-type-simple"},"acf":[],"_links":{"self":[{"href":"https:\/\/staging.nbg.eu\/lv\/wp-json\/wp\/v2\/product\/276213","targetHints":{"allow":["GET"]}}],"collection":[{"href":"https:\/\/staging.nbg.eu\/lv\/wp-json\/wp\/v2\/product"}],"about":[{"href":"https:\/\/staging.nbg.eu\/lv\/wp-json\/wp\/v2\/types\/product"}],"wp:featuredmedia":[{"embeddable":true,"href":"https:\/\/staging.nbg.eu\/lv\/wp-json\/wp\/v2\/media\/245728"}],"wp:attachment":[{"href":"https:\/\/staging.nbg.eu\/lv\/wp-json\/wp\/v2\/media?parent=276213"}],"wp:term":[{"taxonomy":"product_brand","embeddable":true,"href":"https:\/\/staging.nbg.eu\/lv\/wp-json\/wp\/v2\/product_brand?post=276213"},{"taxonomy":"product_cat","embeddable":true,"href":"https:\/\/staging.nbg.eu\/lv\/wp-json\/wp\/v2\/product_cat?post=276213"},{"taxonomy":"product_tag","embeddable":true,"href":"https:\/\/staging.nbg.eu\/lv\/wp-json\/wp\/v2\/product_tag?post=276213"}],"curies":[{"name":"wp","href":"https:\/\/api.w.org\/{rel}","templated":true}]}}