{"id":276089,"date":"2025-03-02T17:08:39","date_gmt":"2025-03-02T17:08:39","guid":{"rendered":"https:\/\/staging.nbg.eu\/product\/bore-tech-decimator-suppressor-cleaner\/"},"modified":"2025-03-20T13:31:40","modified_gmt":"2025-03-20T13:31:40","slug":"bore-tech-decimator-klusinasanas-tiritajs","status":"publish","type":"product","link":"https:\/\/staging.nbg.eu\/lv\/product\/bore-tech-decimator-klusinasanas-tiritajs\/","title":{"rendered":"Bore Tech Decimator Klusin\u0101\u0161anas T\u012br\u012bt\u0101js"},"content":{"rendered":"<div class=\"product-description\">\n<h2>Bore Tech Decimator klusin\u0101t\u0101ju t\u012br\u012bt\u0101js<\/h2>\n<p>Bore Tech Decimator klusin\u0101t\u0101ju t\u012br\u012bt\u0101js ir divu da\u013cu formula, kas paredz\u0113ta net\u012brumu no\u0146em\u0161anai gan mazkalibra, gan centr\u0101l\u0101s aizdedzes klusin\u0101t\u0101jos.<\/p>\n<ul>\n<li>Dro\u0161s klusin\u0101t\u0101jiem<\/li>\n<li>Nav b\u012bstams un nesatur amonjaku<\/li>\n<li>Bez smar\u017eas un biolo\u0123iski no\u0101rd\u0101ms<\/li>\n<li>Dro\u0161s alum\u012bnijam, ner\u016bs\u0113jo\u0161ajam t\u0113raudam, tit\u0101nam un da\u017e\u0101diem sakaus\u0113jumiem<\/li>\n<\/ul>\n<p>A da\u013ca paredz\u0113ta oglek\u013ca\/svina nogulsn\u0113m, bet B da\u013ca &#8211; vara nogulsn\u0113m. Izmantojot kop\u0101 ar Decimator klusin\u0101t\u0101ju t\u012br\u012b\u0161anas sist\u0113mu, tas ir efekt\u012bvs klusin\u0101t\u0101ju, stobra brem\u017eu, \u0101tri no\u0146emamo stiprin\u0101jumu un liesmu sl\u0101p\u0113t\u0101ju uztur\u0113\u0161anai.<\/p>\n<p>Bore Tech Decimator klusin\u0101t\u0101ju t\u012br\u012bt\u0101js pal\u012bdz uztur\u0113t klusin\u0101t\u0101jus.<\/p>\n<\/div>\n","protected":false},"excerpt":{"rendered":"<p>Efekt\u012bvs, dro\u0161s klusin\u0101t\u0101ju t\u012br\u012b\u0161anas l\u012bdzeklis \u013coti lielu net\u012brumu no\u0146em\u0161anai.<\/p>\n","protected":false},"featured_media":235250,"template":"","meta":{"_acf_changed":false},"product_brand":[],"product_cat":[13808,13843],"product_tag":[],"class_list":{"0":"post-276089","1":"product","2":"type-product","3":"status-publish","4":"has-post-thumbnail","6":"product_cat-ierocu-tirisana","7":"product_cat-nekategorizets","9":"first","10":"instock","11":"taxable","12":"shipping-taxable","13":"purchasable","14":"product-type-simple"},"acf":[],"_links":{"self":[{"href":"https:\/\/staging.nbg.eu\/lv\/wp-json\/wp\/v2\/product\/276089","targetHints":{"allow":["GET"]}}],"collection":[{"href":"https:\/\/staging.nbg.eu\/lv\/wp-json\/wp\/v2\/product"}],"about":[{"href":"https:\/\/staging.nbg.eu\/lv\/wp-json\/wp\/v2\/types\/product"}],"wp:featuredmedia":[{"embeddable":true,"href":"https:\/\/staging.nbg.eu\/lv\/wp-json\/wp\/v2\/media\/235250"}],"wp:attachment":[{"href":"https:\/\/staging.nbg.eu\/lv\/wp-json\/wp\/v2\/media?parent=276089"}],"wp:term":[{"taxonomy":"product_brand","embeddable":true,"href":"https:\/\/staging.nbg.eu\/lv\/wp-json\/wp\/v2\/product_brand?post=276089"},{"taxonomy":"product_cat","embeddable":true,"href":"https:\/\/staging.nbg.eu\/lv\/wp-json\/wp\/v2\/product_cat?post=276089"},{"taxonomy":"product_tag","embeddable":true,"href":"https:\/\/staging.nbg.eu\/lv\/wp-json\/wp\/v2\/product_tag?post=276089"}],"curies":[{"name":"wp","href":"https:\/\/api.w.org\/{rel}","templated":true}]}}