{"id":275676,"date":"2025-03-07T18:52:50","date_gmt":"2025-03-20T12:40:44","guid":{"rendered":"https:\/\/staging.nbg.eu\/product\/vortex-defender-xl-micro-red-dot\/"},"modified":"2025-03-20T12:43:10","modified_gmt":"2025-03-20T12:43:10","slug":"vortex-defender-xl-mikro-sarkanais-punkts","status":"publish","type":"product","link":"https:\/\/staging.nbg.eu\/lv\/product\/vortex-defender-xl-mikro-sarkanais-punkts\/","title":{"rendered":"Vortex &#8211; Defender-XL\u2122 &#8211; Mikro Sarkanais Punkts"},"content":{"rendered":"<div class=\"product-description\">\n<h2>Vortex &#8211; Defender-XL\u2122 &#8211; Mikro sarkanais punkts<\/h2>\n<p>Vortex Defender-XL\u2122 ir mikro sarkanais punkts. \u0160im optiskajam skata ier\u012bcei ir liels skata logs, kas nodro\u0161ina pla\u0161\u0101ku perif\u0113ro redzi un \u0101trumu sekojo\u0161iem \u0161\u0101vieniem.<\/p>\n<h2>Galven\u0101s \u012bpa\u0161\u012bbas:<\/h2>\n<ul>\n<li><strong>5 MOA sarkans punkts:<\/strong> Redzams jebk\u0101dos apgaismojuma apst\u0101k\u013cos<\/li>\n<li><strong>10 spilgtuma iestat\u012bjumi:<\/strong> 8 dienas gaismai un 2 nakts redzam\u012bbai<\/li>\n<li><strong>Liels skata logs:<\/strong> \u0100tra m\u0113r\u0137a noteik\u0161ana un pla\u0161s skata lauks<\/li>\n<li><strong>Asf\u0113riska l\u0113ca:<\/strong> Att\u0113ls bez krop\u013cojumiem<\/li>\n<li><strong>ShockShield\u2122 polim\u0113ra ieliktnis:<\/strong> Aizsardz\u012bba pret triecieniem<\/li>\n<li><strong>Fast-Rack\u2122 tekst\u016bra:<\/strong> Tekst\u016bra vieglai sl\u012bd\u0146a atvilk\u0161anai<\/li>\n<li><strong>Kust\u012bbu aktiviz\u0101cija:<\/strong> Autom\u0101tiska iesl\u0113g\u0161an\u0101s ar 10 min\u016b\u0161u autom\u0101tisku izsl\u0113g\u0161anos<\/li>\n<li><strong>Pogu blo\u0137\u0113\u0161ana:<\/strong> Nov\u0113r\u0161 nejau\u0161u spilgtuma regul\u0113\u0161anu<\/li>\n<li><strong>Aug\u0161\u0113j\u0101 baterijas novietojums:<\/strong> Viegla baterijas nomai\u0146a bez p\u0101rregul\u0113\u0161anas<\/li>\n<\/ul>\n<h2>Tehnisk\u0101s specifik\u0101cijas:<\/h2>\n<ul>\n<li>Mont\u0101\u017eas pamatne: DeltaPoint\u00ae Pro<\/li>\n<li>Mont\u0101\u017eas tips: Picatinny<\/li>\n<li>Palielin\u0101jums: 1x<\/li>\n<li>Baterijas tips: CR2032<\/li>\n<li>Baterijas darb\u012bbas laiks: 25 000 stundas<\/li>\n<li>Regul\u0113\u0161anas grad\u0101cija: 1 MOA<\/li>\n<li>Maksim\u0101l\u0101 pac\u0113luma regul\u0113\u0161ana: 120 MOA<\/li>\n<li>Maksim\u0101l\u0101 s\u0101nu regul\u0113\u0161ana: 115 MOA<\/li>\n<li>Garums: 2,0&#8243;<\/li>\n<li>Svars: 1,93 unces<\/li>\n<\/ul>\n<h2>Iztur\u012bba un veiktsp\u0113ja:<\/h2>\n<ul>\n<li>\u016adensiztur\u012bgs: O-gredzena bl\u012bves darb\u012bbai visos apst\u0101k\u013cos<\/li>\n<li>Miglo\u0161an\u0101s iztur\u012bgs: Paredz\u0113ts pla\u0161am temperat\u016bras diapazonam<\/li>\n<li>Triecieniztur\u012bgs: Iztur\u012bga konstrukcija pret atsitienu un triecieniem<\/li>\n<li>Mat\u0113ts melns anod\u0113ts: Korozijas un nodiluma iztur\u012bga apdare<\/li>\n<li>Viengabala \u0161asija: Kompakts un viegls dizains<\/li>\n<li>Bez paralakses: Uzlabotai precizit\u0101tei<\/li>\n<li>Neierobe\u017eots acs att\u0101lums: \u0100trai m\u0113r\u0137a noteik\u0161anai<\/li>\n<\/ul>\n<p>Vortex Defender-XL\u2122 Mikro sarkanais punkts ir paredz\u0113ts \u0161\u0101v\u0113jiem, kuriem nepiecie\u0161ama augsta veiktsp\u0113ja.<\/p>\n<\/div>\n","protected":false},"excerpt":{"rendered":"<p>Iztur\u012bgs, kompakts sarkan\u0101 punkta t\u0113meklis ar lielu logu \u0101trai m\u0113r\u0137a noteik\u0161anai. 5 MOA punkts, 10 spilgtuma iestat\u012bjumi.<\/p>\n","protected":false},"featured_media":249114,"template":"","meta":{"_acf_changed":false},"product_brand":[11959],"product_cat":[13803,13784,13783,13804,13837],"product_tag":[],"class_list":{"0":"post-275676","1":"product","2":"type-product","3":"status-publish","4":"has-post-thumbnail","6":"product_brand-vortex","7":"product_cat-merkesana","8":"product_cat-pistole","9":"product_cat-pistoles-punktieri","10":"product_cat-sarkanpunkta-temekli","11":"product_cat-sautenes-kolimatori","13":"first","14":"instock","15":"sale","16":"taxable","17":"shipping-taxable","18":"purchasable","19":"product-type-variable","20":"wvs-archive-product-wrapper"},"acf":[],"_links":{"self":[{"href":"https:\/\/staging.nbg.eu\/lv\/wp-json\/wp\/v2\/product\/275676","targetHints":{"allow":["GET"]}}],"collection":[{"href":"https:\/\/staging.nbg.eu\/lv\/wp-json\/wp\/v2\/product"}],"about":[{"href":"https:\/\/staging.nbg.eu\/lv\/wp-json\/wp\/v2\/types\/product"}],"wp:featuredmedia":[{"embeddable":true,"href":"https:\/\/staging.nbg.eu\/lv\/wp-json\/wp\/v2\/media\/249114"}],"wp:attachment":[{"href":"https:\/\/staging.nbg.eu\/lv\/wp-json\/wp\/v2\/media?parent=275676"}],"wp:term":[{"taxonomy":"product_brand","embeddable":true,"href":"https:\/\/staging.nbg.eu\/lv\/wp-json\/wp\/v2\/product_brand?post=275676"},{"taxonomy":"product_cat","embeddable":true,"href":"https:\/\/staging.nbg.eu\/lv\/wp-json\/wp\/v2\/product_cat?post=275676"},{"taxonomy":"product_tag","embeddable":true,"href":"https:\/\/staging.nbg.eu\/lv\/wp-json\/wp\/v2\/product_tag?post=275676"}],"curies":[{"name":"wp","href":"https:\/\/api.w.org\/{rel}","templated":true}]}}