{"id":275394,"date":"2025-03-07T10:54:35","date_gmt":"2025-03-07T10:54:35","guid":{"rendered":"https:\/\/staging.nbg.eu\/product\/ipsc-targets-50pcs\/"},"modified":"2025-03-20T12:10:11","modified_gmt":"2025-03-20T12:10:11","slug":"ipsc-merki-50gab","status":"publish","type":"product","link":"https:\/\/staging.nbg.eu\/lv\/product\/ipsc-merki-50gab\/","title":{"rendered":"IPSC M\u0113r\u0137i 50gab"},"content":{"rendered":"<div class=\"product-description\">\n<h2>Kartona IPSC m\u0113r\u0137i &#8211; 50 gab. iepakojums<\/h2>\n<p>IPSC likum\u012bgi m\u0113r\u0137i, piem\u0113roti gan sacens\u012bb\u0101m, gan treni\u0146iem. Katr\u0101 iepakojum\u0101 ir 50 m\u0113r\u0137i, kas atbilst IPSC sacens\u012bbu standartiem.<\/p>\n<ul>\n<li>Materi\u0101ls: Kartons<\/li>\n<li>Daudzums: 50 m\u0113r\u0137i iepakojum\u0101<\/li>\n<li>Kr\u0101sas: Smil\u0161kr\u0101sas\/Balts divpus\u0113js dizains<\/li>\n<li>Perfor\u0113tas A, C un D zonas prec\u012bzai punktu skait\u012b\u0161anai<\/li>\n<\/ul>\n<p>\u0160iem m\u0113r\u0137iem ir perfor\u0101cijas smil\u0161kr\u0101sas pus\u0113, kas skaidri iez\u012bm\u0113 punktu skait\u012b\u0161anas zonas. Balto pusi var izmantot k\u0101 Soda m\u0113r\u0137i, ar punktu skait\u012b\u0161anas l\u012bnij\u0101m, kas redzamas caur perfor\u0101cij\u0101m.<\/p>\n<p>\u0160ie IPSC m\u0113r\u0137i ir piem\u0113roti gan pieredz\u0113ju\u0161iem sacens\u012bbu dal\u012bbniekiem, gan ies\u0101c\u0113jiem prasmju uzlabo\u0161anai un progresa m\u0113r\u012b\u0161anai.<\/p>\n<\/div>\n","protected":false},"excerpt":{"rendered":"<p>IPSC m\u0113r\u0137i: 50 augstas kvalit\u0101tes kartona m\u0113r\u0137i sacens\u012bb\u0101m un treni\u0146iem.<\/p>\n","protected":false},"featured_media":246680,"template":"","meta":{"_acf_changed":false},"product_brand":[],"product_cat":[13825,13800],"product_tag":[],"class_list":{"0":"post-275394","1":"product","2":"type-product","3":"status-publish","4":"has-post-thumbnail","6":"product_cat-merki","7":"product_cat-papira-merki","9":"first","10":"instock","11":"taxable","12":"shipping-taxable","13":"purchasable","14":"product-type-simple"},"acf":[],"_links":{"self":[{"href":"https:\/\/staging.nbg.eu\/lv\/wp-json\/wp\/v2\/product\/275394","targetHints":{"allow":["GET"]}}],"collection":[{"href":"https:\/\/staging.nbg.eu\/lv\/wp-json\/wp\/v2\/product"}],"about":[{"href":"https:\/\/staging.nbg.eu\/lv\/wp-json\/wp\/v2\/types\/product"}],"wp:featuredmedia":[{"embeddable":true,"href":"https:\/\/staging.nbg.eu\/lv\/wp-json\/wp\/v2\/media\/246680"}],"wp:attachment":[{"href":"https:\/\/staging.nbg.eu\/lv\/wp-json\/wp\/v2\/media?parent=275394"}],"wp:term":[{"taxonomy":"product_brand","embeddable":true,"href":"https:\/\/staging.nbg.eu\/lv\/wp-json\/wp\/v2\/product_brand?post=275394"},{"taxonomy":"product_cat","embeddable":true,"href":"https:\/\/staging.nbg.eu\/lv\/wp-json\/wp\/v2\/product_cat?post=275394"},{"taxonomy":"product_tag","embeddable":true,"href":"https:\/\/staging.nbg.eu\/lv\/wp-json\/wp\/v2\/product_tag?post=275394"}],"curies":[{"name":"wp","href":"https:\/\/api.w.org\/{rel}","templated":true}]}}