{"id":275264,"date":"2025-03-07T19:16:41","date_gmt":"2025-03-20T11:37:01","guid":{"rendered":"https:\/\/staging.nbg.eu\/product\/holosun-hs507comp-mount-plate-trijicon-holosun\/"},"modified":"2025-03-20T11:37:01","modified_gmt":"2025-03-20T11:37:01","slug":"holosun-hs507comp-montazas-plaksne-trijiconholosun","status":"publish","type":"product","link":"https:\/\/staging.nbg.eu\/lv\/product\/holosun-hs507comp-montazas-plaksne-trijiconholosun\/","title":{"rendered":"Holosun &#8211; HS507Comp + Mont\u0101\u017eas pl\u0101ksne TRIJICON\/HOLOSUN"},"content":{"rendered":"","protected":false},"excerpt":{"rendered":"","protected":false},"featured_media":249281,"template":"","meta":{"_acf_changed":false},"product_brand":[11436],"product_cat":[13828,13804],"product_tag":[],"class_list":{"0":"post-275264","1":"product","2":"type-product","3":"status-publish","4":"has-post-thumbnail","6":"product_brand-holosun","7":"product_cat-pistoles-detalas","8":"product_cat-sarkanpunkta-temekli","10":"first","11":"instock","12":"taxable","13":"shipping-taxable","14":"purchasable","15":"product-type-simple"},"acf":[],"_links":{"self":[{"href":"https:\/\/staging.nbg.eu\/lv\/wp-json\/wp\/v2\/product\/275264","targetHints":{"allow":["GET"]}}],"collection":[{"href":"https:\/\/staging.nbg.eu\/lv\/wp-json\/wp\/v2\/product"}],"about":[{"href":"https:\/\/staging.nbg.eu\/lv\/wp-json\/wp\/v2\/types\/product"}],"wp:featuredmedia":[{"embeddable":true,"href":"https:\/\/staging.nbg.eu\/lv\/wp-json\/wp\/v2\/media\/249281"}],"wp:attachment":[{"href":"https:\/\/staging.nbg.eu\/lv\/wp-json\/wp\/v2\/media?parent=275264"}],"wp:term":[{"taxonomy":"product_brand","embeddable":true,"href":"https:\/\/staging.nbg.eu\/lv\/wp-json\/wp\/v2\/product_brand?post=275264"},{"taxonomy":"product_cat","embeddable":true,"href":"https:\/\/staging.nbg.eu\/lv\/wp-json\/wp\/v2\/product_cat?post=275264"},{"taxonomy":"product_tag","embeddable":true,"href":"https:\/\/staging.nbg.eu\/lv\/wp-json\/wp\/v2\/product_tag?post=275264"}],"curies":[{"name":"wp","href":"https:\/\/api.w.org\/{rel}","templated":true}]}}