{"id":274982,"date":"2025-03-03T19:13:19","date_gmt":"2025-03-20T10:48:51","guid":{"rendered":"https:\/\/staging.nbg.eu\/product\/bore-tech-patch-guide\/"},"modified":"2025-03-20T10:51:06","modified_gmt":"2025-03-20T10:51:06","slug":"bore-tech-ielapu-vadotnis","status":"publish","type":"product","link":"https:\/\/staging.nbg.eu\/lv\/product\/bore-tech-ielapu-vadotnis\/","title":{"rendered":"Bore Tech Iel\u0101pu Vadotnis"},"content":{"rendered":"<h2>Bore Tech AR-15\/AR-10 l\u0101psti\u0146as vadotne<\/h2>\n<p>Bore Tech l\u0101psti\u0146as vadotne ir patent\u0113ta sist\u0113ma, kas atvieglo iero\u010da t\u012br\u012b\u0161anas procesu.<\/p>\n<ul>\n<li>CNC fr\u0113z\u0113tas alum\u012bnija deta\u013cas<\/li>\n<li>Anod\u0113ta apdare iztur\u012bbai<\/li>\n<li>Sal\u0101go t\u012br\u012b\u0161anas stieni ar iero\u010da stobru<\/li>\n<li>Nov\u0113r\u0161 boj\u0101jumus aizsl\u0113ga austi\u0146\u0101m un kameras mal\u0101m<\/li>\n<li>Main\u0101mi, \u0161\u0137\u012bdin\u0101t\u0101jiztur\u012bgi priek\u0161\u0113jie adapteri<\/li>\n<li>Pieejams da\u017e\u0101diem AR-15 un AR-10 kalibriem<\/li>\n<\/ul>\n<p>Atvieglo t\u012br\u012b\u0161anu un aizsarg\u0101 ieroci un t\u012br\u012b\u0161anas stieni. Bore Tech l\u0101psti\u0146as vadotne ir noder\u012bgs r\u012bks iero\u010du \u012bpa\u0161niekiem. Ra\u017eots ASV.<\/p>\n<p><strong>Izv\u0113lieties Bore Tech.<\/strong><\/p>\n","protected":false},"excerpt":{"rendered":"<p>Viegla, t\u012bra AR-15\/AR-10 t\u012br\u012b\u0161ana ar br\u012bvroku pl\u0101ksteru uzsprau\u0161anu.<\/p>\n","protected":false},"featured_media":235529,"template":"","meta":{"_acf_changed":false},"product_brand":[11156],"product_cat":[13792,13808,13834],"product_tag":[],"class_list":{"0":"post-274982","1":"product","2":"type-product","3":"status-publish","4":"has-post-thumbnail","6":"product_brand-boretech","7":"product_cat-ielapi-un-ielapu-pistoles","8":"product_cat-ierocu-tirisana","9":"product_cat-lupatinas","10":"pa_model-ar-10-lv","11":"pa_model-ar-15-lv","13":"first","14":"instock","15":"taxable","16":"shipping-taxable","17":"purchasable","18":"product-type-variable","19":"wvs-archive-product-wrapper"},"acf":[],"_links":{"self":[{"href":"https:\/\/staging.nbg.eu\/lv\/wp-json\/wp\/v2\/product\/274982","targetHints":{"allow":["GET"]}}],"collection":[{"href":"https:\/\/staging.nbg.eu\/lv\/wp-json\/wp\/v2\/product"}],"about":[{"href":"https:\/\/staging.nbg.eu\/lv\/wp-json\/wp\/v2\/types\/product"}],"wp:featuredmedia":[{"embeddable":true,"href":"https:\/\/staging.nbg.eu\/lv\/wp-json\/wp\/v2\/media\/235529"}],"wp:attachment":[{"href":"https:\/\/staging.nbg.eu\/lv\/wp-json\/wp\/v2\/media?parent=274982"}],"wp:term":[{"taxonomy":"product_brand","embeddable":true,"href":"https:\/\/staging.nbg.eu\/lv\/wp-json\/wp\/v2\/product_brand?post=274982"},{"taxonomy":"product_cat","embeddable":true,"href":"https:\/\/staging.nbg.eu\/lv\/wp-json\/wp\/v2\/product_cat?post=274982"},{"taxonomy":"product_tag","embeddable":true,"href":"https:\/\/staging.nbg.eu\/lv\/wp-json\/wp\/v2\/product_tag?post=274982"}],"curies":[{"name":"wp","href":"https:\/\/api.w.org\/{rel}","templated":true}]}}