{"id":274800,"date":"2025-03-03T19:50:37","date_gmt":"2025-03-03T19:50:37","guid":{"rendered":"https:\/\/staging.nbg.eu\/product\/daa-dry-fire-target-set-metric-uspsa\/"},"modified":"2025-03-20T10:17:58","modified_gmt":"2025-03-20T10:17:58","slug":"daa-sausas-sausanas-merku-komplekts-metric-uspsa","status":"publish","type":"product","link":"https:\/\/staging.nbg.eu\/lv\/product\/daa-sausas-sausanas-merku-komplekts-metric-uspsa\/","title":{"rendered":"DAA Saus\u0101s \u0160au\u0161anas M\u0113r\u0137u Komplekts (Metric &#8211; USPSA)"},"content":{"rendered":"<div class=\"product-description\">\n<h2>DAA saus\u0101s \u0161au\u0161anas m\u0113r\u0137u komplekts (Metriskais &#8211; USPSA)<\/h2>\n<p>\u0160is komplekts ietver 17 samazin\u0101ta izm\u0113ra USPSA metriskos m\u0113r\u0137us, kas paredz\u0113ti treni\u0146iem telp\u0101s.<\/p>\n<ul>\n<li>Izgriezti ar l\u0101zeru no 3mm koka pl\u0101ksn\u0113m<\/li>\n<li>Imit\u0113 m\u0113r\u0137us 15, 20 un 30 metru att\u0101lum\u0101, kad novietoti 2,5-3 metru att\u0101lum\u0101<\/li>\n<li>Tr\u012bs izm\u0113ri: 32% (24cm), 20% (15cm) un 12% (9cm) no pilna izm\u0113ra m\u0113r\u0137iem<\/li>\n<li>Ietver da\u013c\u0113jus m\u0113r\u0137us da\u017e\u0101diem treni\u0146u scen\u0101rijiem<\/li>\n<li>Ar caurumiem \u0113rtai piek\u0101r\u0161anai<\/li>\n<\/ul>\n<p>Izmantojiet \u0161o m\u0113r\u0137u komplektu saus\u0101s \u0161au\u0161anas treni\u0146iem m\u0101j\u0101s, lai uzlabotu t\u0113m\u0113\u0161anu un kontroli p\u0101r m\u0113l\u012bti.<\/p>\n<\/div>\n","protected":false},"excerpt":{"rendered":"<p>Re\u0101listiski, m\u0113rog\u0101 veidoti USPSA m\u0113r\u0137i efekt\u012bvai saus\u0101s \u0161au\u0161anas praksei m\u0101j\u0101s.<\/p>\n","protected":false},"featured_media":235975,"template":"","meta":{"_acf_changed":false},"product_brand":[11271],"product_cat":[13825,13800],"product_tag":[],"class_list":{"0":"post-274800","1":"product","2":"type-product","3":"status-publish","4":"has-post-thumbnail","6":"product_brand-doublealpha","7":"product_cat-merki","8":"product_cat-papira-merki","10":"first","11":"outofstock","12":"taxable","13":"shipping-taxable","14":"purchasable","15":"product-type-simple"},"acf":[],"_links":{"self":[{"href":"https:\/\/staging.nbg.eu\/lv\/wp-json\/wp\/v2\/product\/274800","targetHints":{"allow":["GET"]}}],"collection":[{"href":"https:\/\/staging.nbg.eu\/lv\/wp-json\/wp\/v2\/product"}],"about":[{"href":"https:\/\/staging.nbg.eu\/lv\/wp-json\/wp\/v2\/types\/product"}],"wp:featuredmedia":[{"embeddable":true,"href":"https:\/\/staging.nbg.eu\/lv\/wp-json\/wp\/v2\/media\/235975"}],"wp:attachment":[{"href":"https:\/\/staging.nbg.eu\/lv\/wp-json\/wp\/v2\/media?parent=274800"}],"wp:term":[{"taxonomy":"product_brand","embeddable":true,"href":"https:\/\/staging.nbg.eu\/lv\/wp-json\/wp\/v2\/product_brand?post=274800"},{"taxonomy":"product_cat","embeddable":true,"href":"https:\/\/staging.nbg.eu\/lv\/wp-json\/wp\/v2\/product_cat?post=274800"},{"taxonomy":"product_tag","embeddable":true,"href":"https:\/\/staging.nbg.eu\/lv\/wp-json\/wp\/v2\/product_tag?post=274800"}],"curies":[{"name":"wp","href":"https:\/\/api.w.org\/{rel}","templated":true}]}}