{"id":274664,"date":"2025-03-06T20:28:07","date_gmt":"2025-03-20T10:00:36","guid":{"rendered":"https:\/\/staging.nbg.eu\/product\/3m-peltor-protac-iii-slim-headset\/"},"modified":"2025-03-20T10:03:10","modified_gmt":"2025-03-20T10:03:10","slug":"3m-peltor-protac-iii-slim-austinas","status":"publish","type":"product","link":"https:\/\/staging.nbg.eu\/lv\/product\/3m-peltor-protac-iii-slim-austinas\/","title":{"rendered":"3M PELTOR ProTac III Slim Austi\u0146as"},"content":{"rendered":"<div class=\"product-description\">\n<h2>3M\u2122 PELTOR\u2122 ProTac III Slim austi\u0146as<\/h2>\n<p>ProTac III Slim austi\u0146as. \u0160\u012bs austi\u0146as pied\u0101v\u0101:<\/p>\n<ul>\n<li>23dB trok\u0161\u0146a samazin\u0101\u0161anas reitings (NRR)<\/li>\n<li>Vides mikrofoni l\u012bme\u0146atkar\u012bgai dzirdes aizsardz\u012bbai<\/li>\n<li>Apk\u0101rt\u0113j\u0101s vides klaus\u012b\u0161an\u0101s iesp\u0113ja<\/li>\n<li>Ska\u0146as ierobe\u017eo\u0161anas tehnolo\u0123ija, kas ierobe\u017eo ska\u013cru\u0146a ska\u013cumu l\u012bdz 82 dBA<\/li>\n<li>3.5mm stereo ieeja \u0101r\u0113j\u0101m ier\u012bc\u0113m (mobilajiem t\u0101lru\u0146iem, divvirzienu radio, iPod)<\/li>\n<\/ul>\n<p>Ietver:<\/p>\n<ul>\n<li>Melns dizains<\/li>\n<li>Galvas st\u012bpa<\/li>\n<li>Vadu savienojums<\/li>\n<\/ul>\n<p>Piem\u0113rotas profesion\u0101\u013ciem, kuriem nepiecie\u0161amas komunik\u0101cijas iesp\u0113jas, vienlaikus nodro\u0161inot dzirdes aizsardz\u012bbu.<\/p>\n<\/div>\n","protected":false},"excerpt":{"rendered":"<p>Vied\u0101 dzirdes aizsardz\u012bba ar apk\u0101rt\u0113j\u0101s vides klaus\u012b\u0161an\u0101s funkciju un ier\u012b\u010du savienojam\u012bbu.<\/p>\n","protected":false},"featured_media":245680,"template":"","meta":{"_acf_changed":false},"product_brand":[11019],"product_cat":[13789,13794],"product_tag":[],"class_list":{"0":"post-274664","1":"product","2":"type-product","3":"status-publish","4":"has-post-thumbnail","6":"product_brand-3m","7":"product_cat-ausu-aizsardziba","8":"product_cat-ekipejums","10":"first","11":"instock","12":"taxable","13":"shipping-taxable","14":"purchasable","15":"product-type-simple"},"acf":[],"_links":{"self":[{"href":"https:\/\/staging.nbg.eu\/lv\/wp-json\/wp\/v2\/product\/274664","targetHints":{"allow":["GET"]}}],"collection":[{"href":"https:\/\/staging.nbg.eu\/lv\/wp-json\/wp\/v2\/product"}],"about":[{"href":"https:\/\/staging.nbg.eu\/lv\/wp-json\/wp\/v2\/types\/product"}],"wp:featuredmedia":[{"embeddable":true,"href":"https:\/\/staging.nbg.eu\/lv\/wp-json\/wp\/v2\/media\/245680"}],"wp:attachment":[{"href":"https:\/\/staging.nbg.eu\/lv\/wp-json\/wp\/v2\/media?parent=274664"}],"wp:term":[{"taxonomy":"product_brand","embeddable":true,"href":"https:\/\/staging.nbg.eu\/lv\/wp-json\/wp\/v2\/product_brand?post=274664"},{"taxonomy":"product_cat","embeddable":true,"href":"https:\/\/staging.nbg.eu\/lv\/wp-json\/wp\/v2\/product_cat?post=274664"},{"taxonomy":"product_tag","embeddable":true,"href":"https:\/\/staging.nbg.eu\/lv\/wp-json\/wp\/v2\/product_tag?post=274664"}],"curies":[{"name":"wp","href":"https:\/\/api.w.org\/{rel}","templated":true}]}}