{"id":274530,"date":"2025-03-03T19:48:45","date_gmt":"2025-03-03T19:48:45","guid":{"rendered":"https:\/\/staging.nbg.eu\/product\/daa-dry-fire-target-set-classic-ipsc\/"},"modified":"2025-03-20T09:17:18","modified_gmt":"2025-03-20T09:17:18","slug":"daa-sausas-sausanas-merku-komplekts-classic-ipsc","status":"publish","type":"product","link":"https:\/\/staging.nbg.eu\/lv\/product\/daa-sausas-sausanas-merku-komplekts-classic-ipsc\/","title":{"rendered":"DAA Saus\u0101s \u0160au\u0161anas M\u0113r\u0137u Komplekts (Classic-IPSC)"},"content":{"rendered":"<h2>DAA Saus\u0101s \u0161au\u0161anas m\u0113r\u0137u komplekts (Klasiskais-IPSC)<\/h2>\n<p>M\u016bsu saus\u0101s \u0161au\u0161anas m\u0113r\u0137u komplekts ietver 20 prec\u012bzi samazin\u0101tus IPSC klasiskos m\u0113r\u0137us. Paredz\u0113ts iek\u0161telpu treni\u0146iem, \u0161ie l\u0101zera griezti koka m\u0113r\u0137i imit\u0113 re\u0101listiskus att\u0101lumus un t\u0113m\u0113\u0161anas ainas.<\/p>\n<ul>\n<li>3mm biezas koka pl\u0101ksnes iztur\u012bbai un autentiskai kr\u0101sai<\/li>\n<li>Izm\u0113ri: 32% (18.5cm), 20% (11.5cm) un 12% (6.8cm) no pilna izm\u0113ra m\u0113r\u0137iem<\/li>\n<li>Iek\u013cauj 3 mazus popper m\u0113r\u0137us un da\u013c\u0113jus m\u0113r\u0137us<\/li>\n<li>\u0112rti piek\u0101r\u0161anas caurumi vieglai uzst\u0101d\u012b\u0161anai<\/li>\n<\/ul>\n<p>Uzlabojiet \u0161au\u0161anas tehniku bez mun\u012bcijas izmaks\u0101m vai \u0161autuves laika. Tren\u0113jieties ar savu apr\u012bkojumu un att\u012bstiet zemapzi\u0146as prasmes. Novietojiet m\u0113r\u0137us 2.5-3 metru att\u0101lum\u0101, lai imit\u0113tu 15, 20 un 30 metru att\u0101lumus. Pilnveidojiet t\u0113m\u0113\u0161anas ainu un m\u0113l\u012btes kontroli m\u0101j\u0101s.<\/p>\n<p>Uzlabojiet savu sauso \u0161au\u0161anas praksi ar DAA saus\u0101s \u0161au\u0161anas m\u0113r\u0137u komplektu.<\/p>\n","protected":false},"excerpt":{"rendered":"<p>Re\u0101listiski, m\u0113rogoti IPSC m\u0113r\u0137i efekt\u012bvai saus\u0101s \u0161au\u0161anas praksei m\u0101j\u0101s.<\/p>\n","protected":false},"featured_media":235928,"template":"","meta":{"_acf_changed":false},"product_brand":[11271],"product_cat":[13825,13800],"product_tag":[],"class_list":{"0":"post-274530","1":"product","2":"type-product","3":"status-publish","4":"has-post-thumbnail","6":"product_brand-doublealpha","7":"product_cat-merki","8":"product_cat-papira-merki","10":"first","11":"outofstock","12":"taxable","13":"shipping-taxable","14":"purchasable","15":"product-type-simple"},"acf":[],"_links":{"self":[{"href":"https:\/\/staging.nbg.eu\/lv\/wp-json\/wp\/v2\/product\/274530","targetHints":{"allow":["GET"]}}],"collection":[{"href":"https:\/\/staging.nbg.eu\/lv\/wp-json\/wp\/v2\/product"}],"about":[{"href":"https:\/\/staging.nbg.eu\/lv\/wp-json\/wp\/v2\/types\/product"}],"wp:featuredmedia":[{"embeddable":true,"href":"https:\/\/staging.nbg.eu\/lv\/wp-json\/wp\/v2\/media\/235928"}],"wp:attachment":[{"href":"https:\/\/staging.nbg.eu\/lv\/wp-json\/wp\/v2\/media?parent=274530"}],"wp:term":[{"taxonomy":"product_brand","embeddable":true,"href":"https:\/\/staging.nbg.eu\/lv\/wp-json\/wp\/v2\/product_brand?post=274530"},{"taxonomy":"product_cat","embeddable":true,"href":"https:\/\/staging.nbg.eu\/lv\/wp-json\/wp\/v2\/product_cat?post=274530"},{"taxonomy":"product_tag","embeddable":true,"href":"https:\/\/staging.nbg.eu\/lv\/wp-json\/wp\/v2\/product_tag?post=274530"}],"curies":[{"name":"wp","href":"https:\/\/api.w.org\/{rel}","templated":true}]}}