{"id":236095,"date":"2025-03-03T20:03:09","date_gmt":"2025-03-03T20:03:09","guid":{"rendered":"https:\/\/staging.nbg.eu\/?post_type=product&#038;p=236095"},"modified":"2025-09-30T13:37:08","modified_gmt":"2025-09-30T10:37:08","slug":"grips-kmr-s-modulu-smilspapirs-sudraba","status":"publish","type":"product","link":"https:\/\/staging.nbg.eu\/lv\/product\/grips-kmr-s-modulu-smilspapirs-sudraba\/","title":{"rendered":"GRIPS KMR S Modulu Smil\u0161papirs Sudraba"},"content":{"rendered":"<h2>GRIPS KMR S modul\u0101r\u0101s smil\u0161pap\u012bra rokturis &#8211; Melns<\/h2>\n<p>KMR S-02 pistolei paredz\u0113ts modul\u0101rais smil\u0161pap\u012bra rokturis. Izgatavots no anod\u0113ta duralum\u012bnija, \u0161ie garie rokturi nodro\u0161ina lab\u0101ku satv\u0113rienu un \u0113rtumu.<\/p>\n<h2>\u012apa\u0161\u012bbas:<\/h2>\n<ul>\n<li>Paredz\u0113ts tikai KMR S-02 .22 LR mode\u013ciem<\/li>\n<li>Izgatavots no anod\u0113ta duralum\u012bnija<\/li>\n<li>Paredz\u0113ts lieto\u0161anai bez magaz\u012bnas vadotnes<\/li>\n<li>Komplekt\u0101 iek\u013cautas torx skr\u016bves uzst\u0101d\u012b\u0161anai<\/li>\n<li>Melna apdare ar KMR logotipu<\/li>\n<\/ul>\n<p>Piez\u012bme: \u0160ie rokturi ir \u012bpa\u0161i izstr\u0101d\u0101ti 26mm platam alum\u012bnija r\u0101mim KMR S-02 modelim un nav sader\u012bgi ar W-02 vai L-02 r\u0101mju izm\u0113riem. Uzlabo satv\u0113rienu un \u0161au\u0161anas precizit\u0101ti ar \u0161o KMR S-02 pistolei paredz\u0113to risin\u0101jumu.<\/p>\n<dl class=\"data-sheet\">\n<dt class=\"name\">KMR iero\u010diem<\/dt>\n<dd class=\"value\">KMR S-01 LANCE (OR)<br \/>\nKMR S-02 L\u012aDZ 2023. GADAM<\/dd>\n<dt class=\"name\">CZ iero\u010diem<\/dt>\n<dd class=\"value\">CZ SHADOW 1<br \/>\nCZ SHADOW 2<br \/>\nCZ SHADOW 2 (OR)<br \/>\nCZ SP-01<\/dd>\n<\/dl>\n","protected":false},"excerpt":{"rendered":"<p>KMR S-02 melns modul\u0101rais rokturis, sader\u012bgs ar alum\u012bnija r\u0101mi.<br \/>\n0611-03101-0101<\/p>\n","protected":false},"featured_media":73897,"template":"","meta":{"_acf_changed":false},"product_brand":[11512],"product_cat":[13779],"product_tag":[],"class_list":{"0":"post-236095","1":"product","2":"type-product","3":"status-publish","4":"has-post-thumbnail","6":"product_brand-kmr-precision","7":"product_cat-kmr-detalas","9":"first","10":"instock","11":"taxable","12":"shipping-taxable","13":"purchasable","14":"product-type-simple"},"acf":[],"_links":{"self":[{"href":"https:\/\/staging.nbg.eu\/lv\/wp-json\/wp\/v2\/product\/236095","targetHints":{"allow":["GET"]}}],"collection":[{"href":"https:\/\/staging.nbg.eu\/lv\/wp-json\/wp\/v2\/product"}],"about":[{"href":"https:\/\/staging.nbg.eu\/lv\/wp-json\/wp\/v2\/types\/product"}],"wp:featuredmedia":[{"embeddable":true,"href":"https:\/\/staging.nbg.eu\/lv\/wp-json\/wp\/v2\/media\/73897"}],"wp:attachment":[{"href":"https:\/\/staging.nbg.eu\/lv\/wp-json\/wp\/v2\/media?parent=236095"}],"wp:term":[{"taxonomy":"product_brand","embeddable":true,"href":"https:\/\/staging.nbg.eu\/lv\/wp-json\/wp\/v2\/product_brand?post=236095"},{"taxonomy":"product_cat","embeddable":true,"href":"https:\/\/staging.nbg.eu\/lv\/wp-json\/wp\/v2\/product_cat?post=236095"},{"taxonomy":"product_tag","embeddable":true,"href":"https:\/\/staging.nbg.eu\/lv\/wp-json\/wp\/v2\/product_tag?post=236095"}],"curies":[{"name":"wp","href":"https:\/\/api.w.org\/{rel}","templated":true}]}}