{"id":22556,"date":"2024-08-19T17:28:32","date_gmt":"2024-08-19T17:28:32","guid":{"rendered":"https:\/\/staging.nbg.eu\/product\/product-2\/"},"modified":"2024-09-09T15:08:16","modified_gmt":"2024-09-09T15:08:16","slug":"slidna-atsperes-tapa-kmr","status":"publish","type":"product","link":"https:\/\/staging.nbg.eu\/lv\/product\/slidna-atsperes-tapa-kmr\/","title":{"rendered":"Slidna Atsperes Tapa KMR"},"content":{"rendered":"<p>KMR prec\u012bzijas sl\u012bd\u0146a aptur\u0113\u0161anas atsperes tapa: Iztur\u012bga, prec\u012bza sader\u012bba.<\/p>\n","protected":false},"excerpt":{"rendered":"<p>B\u016btiska KMR pistoles deta\u013ca, izgatavota ar augstu precizit\u0101ti.<\/p>\n","protected":false},"featured_media":60772,"template":"","meta":{"_acf_changed":false},"product_brand":[],"product_cat":[13779],"product_tag":[],"class_list":{"0":"post-22556","1":"product","2":"type-product","3":"status-publish","4":"has-post-thumbnail","6":"product_cat-kmr-detalas","8":"first","9":"instock","10":"taxable","11":"shipping-taxable","12":"product-type-simple"},"acf":[],"_links":{"self":[{"href":"https:\/\/staging.nbg.eu\/lv\/wp-json\/wp\/v2\/product\/22556","targetHints":{"allow":["GET"]}}],"collection":[{"href":"https:\/\/staging.nbg.eu\/lv\/wp-json\/wp\/v2\/product"}],"about":[{"href":"https:\/\/staging.nbg.eu\/lv\/wp-json\/wp\/v2\/types\/product"}],"wp:featuredmedia":[{"embeddable":true,"href":"https:\/\/staging.nbg.eu\/lv\/wp-json\/wp\/v2\/media\/60772"}],"wp:attachment":[{"href":"https:\/\/staging.nbg.eu\/lv\/wp-json\/wp\/v2\/media?parent=22556"}],"wp:term":[{"taxonomy":"product_brand","embeddable":true,"href":"https:\/\/staging.nbg.eu\/lv\/wp-json\/wp\/v2\/product_brand?post=22556"},{"taxonomy":"product_cat","embeddable":true,"href":"https:\/\/staging.nbg.eu\/lv\/wp-json\/wp\/v2\/product_cat?post=22556"},{"taxonomy":"product_tag","embeddable":true,"href":"https:\/\/staging.nbg.eu\/lv\/wp-json\/wp\/v2\/product_tag?post=22556"}],"curies":[{"name":"wp","href":"https:\/\/api.w.org\/{rel}","templated":true}]}}