{"id":214509,"date":"2024-09-02T10:51:57","date_gmt":"2025-02-19T16:46:43","guid":{"rendered":"https:\/\/staging.nbg.eu\/product\/badger-ordnance-30mm-condition-one-accessory-ring-cap\/"},"modified":"2025-02-19T16:48:56","modified_gmt":"2025-02-19T16:48:56","slug":"badger-ordnance-30mm-condition-one-aksesuaru-gredzena-vacins","status":"publish","type":"product","link":"https:\/\/staging.nbg.eu\/lv\/product\/badger-ordnance-30mm-condition-one-aksesuaru-gredzena-vacins\/","title":{"rendered":"Badger Ordnance 30mm Condition One Aksesuaru Gredzena Vacins"},"content":{"rendered":"<div class=\"product-description\">\n<h2>BADGER ORDNANCE 30MM CONDITION ONE PIEDERUMU GREDZENA V\u0100CI\u0145\u0160<\/h2>\n<p>Uzlabojiet savu optisko sist\u0113mu ar Badger Ordnance 30MM Condition One piederumu gredzena v\u0101ci\u0146u. \u0160is univers\u0101lais un iztur\u012bgais piederums ir paredz\u0113ts integr\u0101cijai ar j\u016bsu eso\u0161o \u0161autenes t\u0113mek\u013ca stiprin\u0101jumu, nodro\u0161inot papildu funkcionalit\u0101ti un piel\u0101go\u0161anas iesp\u0113jas.<\/p>\n<ul>\n<li><strong>Kr\u0101sa:<\/strong> Melna apdare<\/li>\n<li><strong>Materi\u0101ls:<\/strong> Izgatavots no 7075 T6 alum\u012bnija iztur\u012bbai un vieglumam<\/li>\n<li><strong>Platforma:<\/strong> Univers\u0101ls dizains, nav paredz\u0113ts k\u0101dai konkr\u0113tai platformai<\/li>\n<li><strong>Svars:<\/strong> 1.8 unces, minim\u0101li palielinot j\u016bsu apr\u012bkojuma kop\u0113jo svaru<\/li>\n<\/ul>\n<p>Izstr\u0101d\u0101ts, lai atbilstu gan taktisko, gan sacens\u012bbu \u0161\u0101v\u0113ju pras\u012bb\u0101m, \u0161is piederumu gredzena v\u0101ci\u0146\u0161 pied\u0101v\u0101 dro\u0161u stiprin\u0101juma risin\u0101jumu da\u017e\u0101diem piederumiem. Uzlabojiet savu optisko sist\u0113mu ar Badger Ordnance produktu.<\/p>\n<\/div>\n","protected":false},"excerpt":{"rendered":"<p>Viegls alum\u012bnija gredzena v\u0101ci\u0146\u0161 30mm optiskajiem t\u0113mek\u013ciem. Iztur\u012bga melna apdare.<\/p>\n","protected":false},"featured_media":83051,"template":"","meta":{"_acf_changed":false},"product_brand":[11085],"product_cat":[13803,13771,13827,13776],"product_tag":[],"class_list":{"0":"post-214509","1":"product","2":"type-product","3":"status-publish","4":"has-post-thumbnail","6":"product_brand-badger-ordnance","7":"product_cat-merkesana","8":"product_cat-palielinosa-optika","9":"product_cat-sautene","10":"product_cat-sautenes-uzlabojumi","12":"first","13":"instock","14":"taxable","15":"shipping-taxable","16":"purchasable","17":"product-type-simple"},"acf":[],"_links":{"self":[{"href":"https:\/\/staging.nbg.eu\/lv\/wp-json\/wp\/v2\/product\/214509","targetHints":{"allow":["GET"]}}],"collection":[{"href":"https:\/\/staging.nbg.eu\/lv\/wp-json\/wp\/v2\/product"}],"about":[{"href":"https:\/\/staging.nbg.eu\/lv\/wp-json\/wp\/v2\/types\/product"}],"wp:featuredmedia":[{"embeddable":true,"href":"https:\/\/staging.nbg.eu\/lv\/wp-json\/wp\/v2\/media\/83051"}],"wp:attachment":[{"href":"https:\/\/staging.nbg.eu\/lv\/wp-json\/wp\/v2\/media?parent=214509"}],"wp:term":[{"taxonomy":"product_brand","embeddable":true,"href":"https:\/\/staging.nbg.eu\/lv\/wp-json\/wp\/v2\/product_brand?post=214509"},{"taxonomy":"product_cat","embeddable":true,"href":"https:\/\/staging.nbg.eu\/lv\/wp-json\/wp\/v2\/product_cat?post=214509"},{"taxonomy":"product_tag","embeddable":true,"href":"https:\/\/staging.nbg.eu\/lv\/wp-json\/wp\/v2\/product_tag?post=214509"}],"curies":[{"name":"wp","href":"https:\/\/api.w.org\/{rel}","templated":true}]}}