{"id":214325,"date":"2024-01-13T11:03:57","date_gmt":"2024-01-13T11:03:57","guid":{"rendered":"https:\/\/staging.nbg.eu\/product\/surefire-m640v-pro-scout-light-pro-infrared\/"},"modified":"2025-02-19T16:46:22","modified_gmt":"2025-02-19T16:46:22","slug":"surefire-m640v-pro-scout-light-pro-infrasarkanais","status":"publish","type":"product","link":"https:\/\/staging.nbg.eu\/lv\/product\/surefire-m640v-pro-scout-light-pro-infrasarkanais\/","title":{"rendered":"SureFire M640V-PRO (SCOUT LIGHT PRO INFRASARKANAIS)"},"content":{"rendered":"<div class=\"product-description\">\n<h2>SureFire M640V-PRO SCOUT LIGHT PRO INFRASARKANS<\/h2>\n<p>M640V-PRO ietver:<\/p>\n<ul>\n<li>Hibr\u012bda stara modelis t\u0101las identifik\u0101cijas un situ\u0101cijas apzin\u0101\u0161an\u0101s nodro\u0161in\u0101\u0161anai<\/li>\n<li>Jauns zema profila stiprin\u0101jums optim\u0101lai pozicion\u0113\u0161anai un sader\u012bbai ar slie\u017eu piederumiem<\/li>\n<li>Da\u017e\u0101das mont\u0101\u017eas iesp\u0113jas Picatinny vai M-Lok slied\u0113m<\/li>\n<li>Du\u0101la spektra iesp\u0113ja: 350 l\u016bmenu balta gaisma \/ 120 mW IR izvade<\/li>\n<li>Viegla spektra izv\u0113le, pagrie\u017eot priek\u0161galu<\/li>\n<li>Patent\u0113ta TIR l\u0113ca t\u0101la stara un pietiekamas apk\u0101rt\u0113j\u0101s gaismas nodro\u0161in\u0101\u0161anai<\/li>\n<li>Vienk\u0101r\u0161a pogas aktiviz\u0113\u0161ana uz aizmugur\u0113j\u0101 v\u0101ci\u0146a<\/li>\n<li>Iztur\u012bga avi\u0101cijas alum\u012bnija konstrukcija ar milit\u0101r\u0101 standarta cieto anod\u0113to apdari<\/li>\n<li>O-gredzena bl\u012bv\u0113jums nodro\u0161ina uzticam\u012bbu visos laika apst\u0101k\u013cos<\/li>\n<\/ul>\n<p>\u0160is iztur\u012bgais, daudzpus\u012bgais ierocis ar gaismu ir piem\u0113rots taktisk\u0101m situ\u0101cij\u0101m.<\/p>\n<\/div>\n","protected":false},"excerpt":{"rendered":"<p>Daudzpus\u012bgs IR iero\u010dlukturis ar hibr\u012bda staru un zema profila stiprin\u0101jumu.<\/p>\n","protected":false},"featured_media":214326,"template":"","meta":{"_acf_changed":false},"product_brand":[11865],"product_cat":[13818,13827,13778],"product_tag":[],"class_list":{"0":"post-214325","1":"product","2":"type-product","3":"status-publish","4":"has-post-thumbnail","6":"product_brand-surefire","7":"product_cat-lukturi","8":"product_cat-sautene","9":"product_cat-sautenes-lukturi","11":"first","12":"instock","13":"taxable","14":"shipping-taxable","15":"purchasable","16":"product-type-simple"},"acf":[],"_links":{"self":[{"href":"https:\/\/staging.nbg.eu\/lv\/wp-json\/wp\/v2\/product\/214325","targetHints":{"allow":["GET"]}}],"collection":[{"href":"https:\/\/staging.nbg.eu\/lv\/wp-json\/wp\/v2\/product"}],"about":[{"href":"https:\/\/staging.nbg.eu\/lv\/wp-json\/wp\/v2\/types\/product"}],"wp:featuredmedia":[{"embeddable":true,"href":"https:\/\/staging.nbg.eu\/lv\/wp-json\/wp\/v2\/media\/214326"}],"wp:attachment":[{"href":"https:\/\/staging.nbg.eu\/lv\/wp-json\/wp\/v2\/media?parent=214325"}],"wp:term":[{"taxonomy":"product_brand","embeddable":true,"href":"https:\/\/staging.nbg.eu\/lv\/wp-json\/wp\/v2\/product_brand?post=214325"},{"taxonomy":"product_cat","embeddable":true,"href":"https:\/\/staging.nbg.eu\/lv\/wp-json\/wp\/v2\/product_cat?post=214325"},{"taxonomy":"product_tag","embeddable":true,"href":"https:\/\/staging.nbg.eu\/lv\/wp-json\/wp\/v2\/product_tag?post=214325"}],"curies":[{"name":"wp","href":"https:\/\/api.w.org\/{rel}","templated":true}]}}