{"id":212927,"date":"2024-07-22T11:51:56","date_gmt":"2024-07-22T11:51:56","guid":{"rendered":"https:\/\/staging.nbg.eu\/product\/blue-force-gear-universal-wire-loop\/"},"modified":"2025-02-19T15:17:13","modified_gmt":"2025-02-19T15:17:13","slug":"blue-force-gear-universala-stieplu-cilpa","status":"publish","type":"product","link":"https:\/\/staging.nbg.eu\/lv\/product\/blue-force-gear-universala-stieplu-cilpa\/","title":{"rendered":"Blue Force Gear Universala Stiep\u013cu Cilpa"},"content":{"rendered":"<h2>Blue Force Gear univers\u0101l\u0101 stieples cilpa<\/h2>\n<p>Univers\u0101l\u0101 stieples cilpa (UWL\u2122) ir daudzpus\u012bgs siksnas stiprin\u0101juma punkts, kas paredz\u0113ts vair\u0101kiem pielietojumiem. Pieejams 3.25&#8243;, 4.5&#8243; un 6.25&#8243; cilpas garum\u0101, tam ir \u0161\u0101das \u012bpa\u0161\u012bbas:<\/p>\n<ul>\n<li>Elast\u012bga neilona p\u0101rkl\u0101ta ner\u016bs\u0113jo\u0161\u0101 t\u0113rauda stieple vieglai piestiprin\u0101\u0161anai<\/li>\n<li>CNC apstr\u0101d\u0101ts 6061-T6 alum\u012bnija korpuss ar neatstarojo\u0161u apdari<\/li>\n<li>Ciet\u0101 anod\u0113\u0161ana iztur\u012bbai<\/li>\n<li>Avi\u0101cijas klases kabelis ar lodveida galiem<\/li>\n<li>Klus\u0101ks un iztur\u012bg\u0101ks nek\u0101 tradicion\u0101lie \u0101\u0137u stiprin\u0101jumi<\/li>\n<li>Nenodils acti\u0146as<\/li>\n<\/ul>\n<p>Piem\u0113rots lieto\u0161anai ar Vickers Combat Applications Slings\u2122, UWL\u2122 pied\u0101v\u0101 daudz piestiprin\u0101\u0161anas iesp\u0113ju. Lai gan ekstrem\u0101ls stobra karstums var deform\u0113t \u0101r\u0113jo p\u0101rkl\u0101jumu, ner\u016bs\u0113jo\u0161\u0101 t\u0113rauda kodols paliek neskarts, nodro\u0161inot uzticam\u012bbu pras\u012bg\u0101s situ\u0101cij\u0101s.<\/p>\n","protected":false},"excerpt":{"rendered":"<p>Daudzpus\u012bgs siksnas stiprin\u0101jums ar elast\u012bgu stiepli da\u017e\u0101d\u0101m mont\u0101\u017eas iesp\u0113j\u0101m.<\/p>\n","protected":false},"featured_media":50147,"template":"","meta":{"_acf_changed":false},"product_brand":[11134],"product_cat":[13794,13790],"product_tag":[],"class_list":{"0":"post-212927","1":"product","2":"type-product","3":"status-publish","4":"has-post-thumbnail","6":"product_brand-blue-force-gear","7":"product_cat-ekipejums","8":"product_cat-siksnas","10":"first","11":"instock","12":"taxable","13":"shipping-taxable","14":"purchasable","15":"product-type-variable","16":"wvs-archive-product-wrapper"},"acf":[],"_links":{"self":[{"href":"https:\/\/staging.nbg.eu\/lv\/wp-json\/wp\/v2\/product\/212927","targetHints":{"allow":["GET"]}}],"collection":[{"href":"https:\/\/staging.nbg.eu\/lv\/wp-json\/wp\/v2\/product"}],"about":[{"href":"https:\/\/staging.nbg.eu\/lv\/wp-json\/wp\/v2\/types\/product"}],"wp:featuredmedia":[{"embeddable":true,"href":"https:\/\/staging.nbg.eu\/lv\/wp-json\/wp\/v2\/media\/50147"}],"wp:attachment":[{"href":"https:\/\/staging.nbg.eu\/lv\/wp-json\/wp\/v2\/media?parent=212927"}],"wp:term":[{"taxonomy":"product_brand","embeddable":true,"href":"https:\/\/staging.nbg.eu\/lv\/wp-json\/wp\/v2\/product_brand?post=212927"},{"taxonomy":"product_cat","embeddable":true,"href":"https:\/\/staging.nbg.eu\/lv\/wp-json\/wp\/v2\/product_cat?post=212927"},{"taxonomy":"product_tag","embeddable":true,"href":"https:\/\/staging.nbg.eu\/lv\/wp-json\/wp\/v2\/product_tag?post=212927"}],"curies":[{"name":"wp","href":"https:\/\/api.w.org\/{rel}","templated":true}]}}