{"id":212188,"date":"2024-07-30T18:47:47","date_gmt":"2025-02-19T14:29:32","guid":{"rendered":"https:\/\/staging.nbg.eu\/product\/surefire-xsc-weaponlight\/"},"modified":"2025-02-19T14:31:18","modified_gmt":"2025-02-19T14:31:18","slug":"surefire-xsc-ierocu-lukturis","status":"publish","type":"product","link":"https:\/\/staging.nbg.eu\/lv\/product\/surefire-xsc-ierocu-lukturis\/","title":{"rendered":"SureFire XSC Iero\u010du Lukturis"},"content":{"rendered":"<div class=\"product-description\">\n<h2>SureFire XSC IERO\u010cGAISMA<\/h2>\n<p>SureFire XSC ir iero\u010dgaisma, kas paredz\u0113ta sl\u0113ptai n\u0113s\u0101\u0161anai. T\u0101 ir izstr\u0101d\u0101ta mikro-kompaktiem un sub-kompaktiem pistol\u0113m un ir piem\u0113rota lieto\u0161anai v\u0101ja apgaismojuma apst\u0101k\u013cos.<\/p>\n<h2>Galven\u0101s iez\u012bmes:<\/h2>\n<ul>\n<li>350 l\u016bmenu balta gaisma<\/li>\n<li>Hibr\u012bda gaismas staru modelis m\u0113r\u0137a identific\u0113\u0161anai<\/li>\n<li>Kompakts un iztur\u012bgs dizains<\/li>\n<li>Uzl\u0101d\u0113jams litija polim\u0113ra akumulators ar \u0101tras nomai\u0146as iesp\u0113ju<\/li>\n<li>Intuit\u012bva, abpus\u0113ja sl\u0113d\u017eu sist\u0113ma<\/li>\n<li>Milit\u0101r\u0101s specifik\u0101cijas anod\u0113ts alum\u012bnija korpuss<\/li>\n<li>IPX4 nov\u0113rt\u0113jums \u016bdens iztur\u012bbai<\/li>\n<\/ul>\n<h2>Specifik\u0101cijas:<\/h2>\n<ul>\n<li>Jauda: 350 l\u016bmeni<\/li>\n<li>Darb\u012bbas laiks: 30 min\u016btes<\/li>\n<li>Svars: 48.2 g<\/li>\n<li>Garums: 4.9 cm<\/li>\n<li>Maksim\u0101l\u0101 stara intensit\u0101te: 2000 kandelas<\/li>\n<li>Stara att\u0101lums: 90 metri<\/li>\n<\/ul>\n<p>Izv\u0113lieties pareizo modeli savam ierocim:<\/p>\n<ul>\n<li>XSC-A Glock 43X un 48 ar sliedi<\/li>\n<li>XSC-P365 SIG SAUER P365 un P365 XL<\/li>\n<li>XSC-HELLCAT Springfield Armory Hellcat<\/li>\n<li>XSC-B da\u017e\u0101diem citiem sub-kompaktiem mode\u013ciem<\/li>\n<\/ul>\n<p>SureFire XSC IERO\u010cGAISMA nodro\u0161ina uzticamu apgaismojumu kritisk\u0101s situ\u0101cij\u0101s.<\/p>\n<\/div>\n","protected":false},"excerpt":{"rendered":"<p>Kompakts, jaud\u012bgs 350 l\u016bmenu lukturis sl\u0113ptai n\u0113s\u0101\u0161anai paredz\u0113tiem pistol\u0113m.<\/p>\n","protected":false},"featured_media":212189,"template":"","meta":{"_acf_changed":false},"product_brand":[11865],"product_cat":[13818,13784,13811],"product_tag":[],"class_list":{"0":"post-212188","1":"product","2":"type-product","3":"status-publish","4":"has-post-thumbnail","6":"product_brand-surefire","7":"product_cat-lukturi","8":"product_cat-pistole","9":"product_cat-pistoles-lukturi","10":"pa_light-p-365-lv","11":"pa_light-xsc-a-lv","12":"pa_light-xsc-b-lv","14":"first","15":"instock","16":"taxable","17":"shipping-taxable","18":"purchasable","19":"product-type-variable","20":"wvs-archive-product-wrapper"},"acf":[],"_links":{"self":[{"href":"https:\/\/staging.nbg.eu\/lv\/wp-json\/wp\/v2\/product\/212188","targetHints":{"allow":["GET"]}}],"collection":[{"href":"https:\/\/staging.nbg.eu\/lv\/wp-json\/wp\/v2\/product"}],"about":[{"href":"https:\/\/staging.nbg.eu\/lv\/wp-json\/wp\/v2\/types\/product"}],"wp:featuredmedia":[{"embeddable":true,"href":"https:\/\/staging.nbg.eu\/lv\/wp-json\/wp\/v2\/media\/212189"}],"wp:attachment":[{"href":"https:\/\/staging.nbg.eu\/lv\/wp-json\/wp\/v2\/media?parent=212188"}],"wp:term":[{"taxonomy":"product_brand","embeddable":true,"href":"https:\/\/staging.nbg.eu\/lv\/wp-json\/wp\/v2\/product_brand?post=212188"},{"taxonomy":"product_cat","embeddable":true,"href":"https:\/\/staging.nbg.eu\/lv\/wp-json\/wp\/v2\/product_cat?post=212188"},{"taxonomy":"product_tag","embeddable":true,"href":"https:\/\/staging.nbg.eu\/lv\/wp-json\/wp\/v2\/product_tag?post=212188"}],"curies":[{"name":"wp","href":"https:\/\/api.w.org\/{rel}","templated":true}]}}