{"id":211511,"date":"2024-01-24T19:30:39","date_gmt":"2025-02-19T13:02:15","guid":{"rendered":"https:\/\/staging.nbg.eu\/product\/iosso-bolt-carrier-brush\/"},"modified":"2025-02-19T13:14:45","modified_gmt":"2025-02-19T13:14:45","slug":"iosso-slega-neseja-suka","status":"publish","type":"product","link":"https:\/\/staging.nbg.eu\/lv\/product\/iosso-slega-neseja-suka\/","title":{"rendered":"Iosso Sle\u0123a Neseja Suka"},"content":{"rendered":"<p style=\"text-align: center\"><strong><span style=\"font-size: 170%\">losso stobra nes\u0113ja birstes<\/span><\/strong><\/p>\n<p>\u0160is komplekts satur stobra nes\u0113ja un kameras birstes. T\u0101s ir izgatavotas prec\u012bzos izm\u0113ros t\u012br\u012b\u0161anai. T\u0101s ir veidotas no zilas \u0161\u0137iedras, kas ir bieza un stingra, saglab\u0101jot savu formu. Tas \u013cauj t\u012br\u012bt uz priek\u0161u un atpaka\u013c, at\u0161\u0137ir\u012bb\u0101 no tradicion\u0101laj\u0101m misi\u0146a un bronzas birst\u0113m. T\u0101s var izmantot vair\u0101kas reizes, pirms t\u0101s nolietojas.<\/p>\n<table width=\"305\">\n<tbody>\n<tr>\n<td width=\"305\"><strong>AR-15 stobra nes\u0113js ar tapu, 2 gab.<\/strong><\/td>\n<\/tr>\n<tr>\n<td><strong>AR.308 \u0161autenes stobra nes\u0113js ar tapu, 2 gab.<\/strong><\/td>\n<\/tr>\n<\/tbody>\n<\/table>\n","protected":false},"excerpt":{"rendered":"<p><strong>Izm\u0113ri prec\u012bzi piel\u0101goti, lai nodro\u0161in\u0101tu r\u016bp\u012bgu t\u012br\u012b\u0161anu<\/strong><\/p>\n","protected":false},"featured_media":107710,"template":"","meta":{"_acf_changed":false},"product_brand":[11480],"product_cat":[13835,13808],"product_tag":[],"class_list":{"0":"post-211511","1":"product","2":"type-product","3":"status-publish","4":"has-post-thumbnail","6":"product_brand-iosso","7":"product_cat-birstes","8":"product_cat-ierocu-tirisana","9":"pa_model-ar-308-lv-2","10":"pa_model-ar-15-lv","12":"first","13":"instock","14":"taxable","15":"shipping-taxable","16":"purchasable","17":"product-type-variable","18":"wvs-archive-product-wrapper"},"acf":[],"_links":{"self":[{"href":"https:\/\/staging.nbg.eu\/lv\/wp-json\/wp\/v2\/product\/211511","targetHints":{"allow":["GET"]}}],"collection":[{"href":"https:\/\/staging.nbg.eu\/lv\/wp-json\/wp\/v2\/product"}],"about":[{"href":"https:\/\/staging.nbg.eu\/lv\/wp-json\/wp\/v2\/types\/product"}],"wp:featuredmedia":[{"embeddable":true,"href":"https:\/\/staging.nbg.eu\/lv\/wp-json\/wp\/v2\/media\/107710"}],"wp:attachment":[{"href":"https:\/\/staging.nbg.eu\/lv\/wp-json\/wp\/v2\/media?parent=211511"}],"wp:term":[{"taxonomy":"product_brand","embeddable":true,"href":"https:\/\/staging.nbg.eu\/lv\/wp-json\/wp\/v2\/product_brand?post=211511"},{"taxonomy":"product_cat","embeddable":true,"href":"https:\/\/staging.nbg.eu\/lv\/wp-json\/wp\/v2\/product_cat?post=211511"},{"taxonomy":"product_tag","embeddable":true,"href":"https:\/\/staging.nbg.eu\/lv\/wp-json\/wp\/v2\/product_tag?post=211511"}],"curies":[{"name":"wp","href":"https:\/\/api.w.org\/{rel}","templated":true}]}}