{"id":208656,"date":"2024-07-29T13:02:15","date_gmt":"2024-07-29T13:02:15","guid":{"rendered":"https:\/\/staging.nbg.eu\/product\/bore-tech-friction-guard-xp-120ml\/"},"modified":"2025-02-16T16:55:01","modified_gmt":"2025-02-16T16:55:01","slug":"bore-tech-friction-guard-xp-120ml","status":"publish","type":"product","link":"https:\/\/staging.nbg.eu\/lv\/product\/bore-tech-friction-guard-xp-120ml\/","title":{"rendered":"Bore Tech Friction Guard XP 120ml"},"content":{"rendered":"<h2>Bore Tech Friction Guard XP iero\u010du e\u013c\u013ca &#8211; 120ml<\/h2>\n<p>Bore Tech Friction Guard XP iero\u010du e\u013c\u013ca ir sint\u0113tiska e\u013c\u013ca, kas atbilst MIL-PRF-63460E pras\u012bb\u0101m un nodro\u0161ina:<\/p>\n<ul>\n<li>E\u013c\u013co\u0161anu temperat\u016br\u0101s no -73\u00b0C l\u012bdz 316\u00b0C<\/li>\n<li>95% berzes un nodiluma samazin\u0101jumu<\/li>\n<li>Aizsardz\u012bbu pret koroziju<\/li>\n<li>Ies\u016bk\u0161anos un piesaisti met\u0101la virsm\u0101m<\/li>\n<li>Pl\u0113ves iztur\u012bbu pret nodilumu<\/li>\n<li>Iztur\u012bbu ekstrem\u0101l\u0101s temperat\u016br\u0101s<\/li>\n<li>Aizsardz\u012bbu vair\u0101k nek\u0101 100 stundas s\u0101ls smidzin\u0101\u0161anas test\u0101<\/li>\n<li>Mitruma izspie\u0161anu<\/li>\n<li>Putek\u013cu un net\u012brumu atgr\u016b\u0161anu<\/li>\n<\/ul>\n<p>Piem\u0113rota \u0161\u0101v\u0113jiem, medniekiem un iero\u010du entuziastiem. Friction Guard XP apstr\u0101d\u0101 iero\u010da stobru un nodro\u0161ina aizsardz\u012bbu lieto\u0161anas un uzglab\u0101\u0161anas laik\u0101.<\/p>\n","protected":false},"excerpt":{"rendered":"<p>Augstas veiktsp\u0113jas sint\u0113tisk\u0101 iero\u010du e\u013c\u013ca augst\u0101kai e\u013c\u013co\u0161anai un aizsardz\u012bbai.<\/p>\n","protected":false},"featured_media":150485,"template":"","meta":{"_acf_changed":false},"product_brand":[11156],"product_cat":[13808,13796],"product_tag":[],"class_list":{"0":"post-208656","1":"product","2":"type-product","3":"status-publish","4":"has-post-thumbnail","6":"product_brand-boretech","7":"product_cat-ierocu-tirisana","8":"product_cat-smervielas","10":"first","11":"instock","12":"taxable","13":"shipping-taxable","14":"purchasable","15":"product-type-simple"},"acf":[],"_links":{"self":[{"href":"https:\/\/staging.nbg.eu\/lv\/wp-json\/wp\/v2\/product\/208656","targetHints":{"allow":["GET"]}}],"collection":[{"href":"https:\/\/staging.nbg.eu\/lv\/wp-json\/wp\/v2\/product"}],"about":[{"href":"https:\/\/staging.nbg.eu\/lv\/wp-json\/wp\/v2\/types\/product"}],"wp:featuredmedia":[{"embeddable":true,"href":"https:\/\/staging.nbg.eu\/lv\/wp-json\/wp\/v2\/media\/150485"}],"wp:attachment":[{"href":"https:\/\/staging.nbg.eu\/lv\/wp-json\/wp\/v2\/media?parent=208656"}],"wp:term":[{"taxonomy":"product_brand","embeddable":true,"href":"https:\/\/staging.nbg.eu\/lv\/wp-json\/wp\/v2\/product_brand?post=208656"},{"taxonomy":"product_cat","embeddable":true,"href":"https:\/\/staging.nbg.eu\/lv\/wp-json\/wp\/v2\/product_cat?post=208656"},{"taxonomy":"product_tag","embeddable":true,"href":"https:\/\/staging.nbg.eu\/lv\/wp-json\/wp\/v2\/product_tag?post=208656"}],"curies":[{"name":"wp","href":"https:\/\/api.w.org\/{rel}","templated":true}]}}