{"id":205959,"date":"2024-10-31T21:26:11","date_gmt":"2025-02-13T16:04:32","guid":{"rendered":"https:\/\/staging.nbg.eu\/product\/front-sight-fiber-optic-rods\/"},"modified":"2025-02-13T16:04:32","modified_gmt":"2025-02-13T16:04:32","slug":"prieksejais-merkis-skiedru-optiskie-stieni","status":"publish","type":"product","link":"https:\/\/staging.nbg.eu\/lv\/product\/prieksejais-merkis-skiedru-optiskie-stieni\/","title":{"rendered":"Priek\u0161ejais Mer\u0137is \u0160kiedru Optiskie Stieni"},"content":{"rendered":"","protected":false},"excerpt":{"rendered":"","protected":false},"featured_media":75121,"template":"","meta":{"_acf_changed":false},"product_brand":[],"product_cat":[13784,13828],"product_tag":[],"class_list":{"0":"post-205959","1":"product","2":"type-product","3":"status-publish","4":"has-post-thumbnail","6":"product_cat-pistole","7":"product_cat-pistoles-detalas","9":"first","10":"instock","11":"taxable","12":"shipping-taxable","13":"purchasable","14":"product-type-variable","15":"wvs-archive-product-wrapper"},"acf":[],"_links":{"self":[{"href":"https:\/\/staging.nbg.eu\/lv\/wp-json\/wp\/v2\/product\/205959","targetHints":{"allow":["GET"]}}],"collection":[{"href":"https:\/\/staging.nbg.eu\/lv\/wp-json\/wp\/v2\/product"}],"about":[{"href":"https:\/\/staging.nbg.eu\/lv\/wp-json\/wp\/v2\/types\/product"}],"wp:featuredmedia":[{"embeddable":true,"href":"https:\/\/staging.nbg.eu\/lv\/wp-json\/wp\/v2\/media\/75121"}],"wp:attachment":[{"href":"https:\/\/staging.nbg.eu\/lv\/wp-json\/wp\/v2\/media?parent=205959"}],"wp:term":[{"taxonomy":"product_brand","embeddable":true,"href":"https:\/\/staging.nbg.eu\/lv\/wp-json\/wp\/v2\/product_brand?post=205959"},{"taxonomy":"product_cat","embeddable":true,"href":"https:\/\/staging.nbg.eu\/lv\/wp-json\/wp\/v2\/product_cat?post=205959"},{"taxonomy":"product_tag","embeddable":true,"href":"https:\/\/staging.nbg.eu\/lv\/wp-json\/wp\/v2\/product_tag?post=205959"}],"curies":[{"name":"wp","href":"https:\/\/api.w.org\/{rel}","templated":true}]}}