{"id":205378,"date":"2024-08-16T18:01:15","date_gmt":"2025-02-13T15:24:27","guid":{"rendered":"https:\/\/staging.nbg.eu\/product\/rhh-ipsc-holster-mount-509\/"},"modified":"2025-02-13T15:26:02","modified_gmt":"2025-02-13T15:26:02","slug":"rhh-ipsc-maksts-stiprinajums-509","status":"publish","type":"product","link":"https:\/\/staging.nbg.eu\/lv\/product\/rhh-ipsc-maksts-stiprinajums-509\/","title":{"rendered":"RHH IPSC Maksts Stiprinajums .509"},"content":{"rendered":"<div class=\"product-description\">\n<h2>RHH IPSC Maksts Stiprin\u0101jums .509<\/h2>\n<p>RHH IPSC Maksts Stiprin\u0101jums .509 pied\u0101v\u0101 piel\u0101go\u0161anas iesp\u0113jas j\u016bsu maksts uzst\u0101d\u012b\u0161anai:<\/p>\n<ul>\n<li><strong>Regul\u0113jams sl\u012bpums:<\/strong> Piel\u0101gojiet le\u0146\u0137i jebkur\u0101 virzien\u0101 atbilsto\u0161i j\u016bsu v\u0113lm\u0113m, ar iesp\u0113ju viegli main\u012bt jebkur\u0101 laik\u0101.<\/li>\n<li><strong>Vair\u0101ku asu konfigur\u0101cija:<\/strong> Apvienojiet ar augstuma regul\u0113\u0161anu, lai veiktu nep\u0101rtrauktas izmai\u0146as l\u012bdz pat trij\u0101s as\u012bs, saglab\u0101jot v\u0113lamo augstumu.<\/li>\n<li><strong>S\u0101nu sl\u012bpuma kontrole:<\/strong> Piel\u0101gojiet maksts sl\u012bpumu, pievelkot skr\u016bves. Iek\u013cauti divi skr\u016bvju un papl\u0101k\u0161\u0146u komplekti da\u017e\u0101diem \u0137erme\u0146a att\u0101lumiem.<\/li>\n<li><strong>Elast\u012bga augstuma regul\u0113\u0161ana:<\/strong> Vair\u0101kas skr\u016bvju atveres \u013cauj optimiz\u0113t maksts augstumu attiec\u012bb\u0101 pret j\u016bsu jostu, lai nodro\u0161in\u0101tu vienm\u0113r\u012bg\u0101ku iero\u010da izvilk\u0161anu.<\/li>\n<\/ul>\n<p><strong>Svars:<\/strong> 0,19 kg<\/p>\n<p>RHH IPSC Maksts Stiprin\u0101jums .509 ir paredz\u0113ts personaliz\u0113tai un efekt\u012bvai \u0161au\u0161anas uzst\u0101d\u012b\u0161anai.<\/p>\n<\/div>\n","protected":false},"excerpt":{"rendered":"<p>Regul\u0113jams IPSC maksts stiprin\u0101jums: piel\u0101gojams sl\u012bpums, augstums un le\u0146\u0137is.<\/p>\n","protected":false},"featured_media":23135,"template":"","meta":{"_acf_changed":false},"product_brand":[11644],"product_cat":[13814,13819],"product_tag":[],"class_list":{"0":"post-205378","1":"product","2":"type-product","3":"status-publish","4":"has-post-thumbnail","6":"product_brand-rh-holsters","7":"product_cat-koburas-aksesuari","8":"product_cat-sporta-kobura","10":"first","11":"instock","12":"taxable","13":"shipping-taxable","14":"purchasable","15":"product-type-simple"},"acf":[],"_links":{"self":[{"href":"https:\/\/staging.nbg.eu\/lv\/wp-json\/wp\/v2\/product\/205378","targetHints":{"allow":["GET"]}}],"collection":[{"href":"https:\/\/staging.nbg.eu\/lv\/wp-json\/wp\/v2\/product"}],"about":[{"href":"https:\/\/staging.nbg.eu\/lv\/wp-json\/wp\/v2\/types\/product"}],"wp:featuredmedia":[{"embeddable":true,"href":"https:\/\/staging.nbg.eu\/lv\/wp-json\/wp\/v2\/media\/23135"}],"wp:attachment":[{"href":"https:\/\/staging.nbg.eu\/lv\/wp-json\/wp\/v2\/media?parent=205378"}],"wp:term":[{"taxonomy":"product_brand","embeddable":true,"href":"https:\/\/staging.nbg.eu\/lv\/wp-json\/wp\/v2\/product_brand?post=205378"},{"taxonomy":"product_cat","embeddable":true,"href":"https:\/\/staging.nbg.eu\/lv\/wp-json\/wp\/v2\/product_cat?post=205378"},{"taxonomy":"product_tag","embeddable":true,"href":"https:\/\/staging.nbg.eu\/lv\/wp-json\/wp\/v2\/product_tag?post=205378"}],"curies":[{"name":"wp","href":"https:\/\/api.w.org\/{rel}","templated":true}]}}