{"id":205264,"date":"2024-09-02T10:50:03","date_gmt":"2024-09-02T10:50:03","guid":{"rendered":"https:\/\/staging.nbg.eu\/product\/badger-ordnance-c1-12-oclock-top-optical-platform-for-trijicon-rmr\/"},"modified":"2025-10-01T16:08:20","modified_gmt":"2025-10-01T13:08:20","slug":"badger-ordnance-c1-12-oclock-augseja-optiska-platforma-trijicon-rmr","status":"publish","type":"product","link":"https:\/\/staging.nbg.eu\/lv\/product\/badger-ordnance-c1-12-oclock-augseja-optiska-platforma-trijicon-rmr\/","title":{"rendered":"Badger Ordnance C1 12 O&#8217;clock Aug\u0161eja Optiska Platforma Trijicon RMR"},"content":{"rendered":"<div class=\"product-description\">\n<h2>Badger Ordnance C1 12 pulkste\u0146a aug\u0161\u0113j\u0101 optisk\u0101 platforma Trijicon RMR<\/h2>\n<p>Badger Ordnance C1 12TOP ir stiprin\u0101juma risin\u0101jums, kas paredz\u0113ts Trijicon RMR vai sader\u012bgas optikas uzst\u0101d\u012b\u0161anai uz C1 ARC sist\u0113mas. \u0160\u012b platforma nodro\u0161ina 12 pulkste\u0146a poz\u012bcij\u0101 uzst\u0101d\u012btu sarkano punktu konfigur\u0101ciju.<\/p>\n<h2>Galven\u0101s iez\u012bmes:<\/h2>\n<ul>\n<li>Izgatavots no 6061 T6 alum\u012bnija<\/li>\n<li>III tipa ciet\u0101 anod\u0113ta apdare<\/li>\n<li>Svars 0,5 unces<\/li>\n<li>Iek\u013cauta l\u012bm\u0113jo\u0161\u0101 \u016bdensiztur\u012bg\u0101 starplikas<\/li>\n<li>Sader\u012bgs ar da\u017e\u0101d\u0101m optik\u0101m, kas izmanto Trijicon RMR p\u0113du<\/li>\n<\/ul>\n<h2>Sader\u012bba:<\/h2>\n<p>C1 12TOP ir sader\u012bgs ar \u0161\u0101d\u0101m optik\u0101m:<\/p>\n<ul>\n<li>Trijicon RMR un SRO<\/li>\n<li>Holosun HS407C, HS507C un HS508T<\/li>\n<li>Swampfox Kingslayer, Liberty RMR 1&#215;22 un Justice RMR 1&#215;27<\/li>\n<li>NcStar VISM FlipDot Pro<\/li>\n<li>Riton X3 Tactix PRD<\/li>\n<li>Vector Optics Frenzy 1x22x26<\/li>\n<\/ul>\n<p>Badger Ordnance C1 12 pulkste\u0146a aug\u0161\u0113j\u0101 optisk\u0101 platforma uzlabo precizit\u0101ti un daudzpus\u012bbu \u0161au\u0161anas situ\u0101cij\u0101s.<\/p>\n<\/div>\n","protected":false},"excerpt":{"rendered":"<p>Badger C1 12TOP: Viegls RMR stiprin\u0101jums 12 stundu poz\u012bcijas optikai<\/p>\n","protected":false},"featured_media":35412,"template":"","meta":{"_acf_changed":false},"product_brand":[11085],"product_cat":[13803,13804],"product_tag":[],"class_list":{"0":"post-205264","1":"product","2":"type-product","3":"status-publish","4":"has-post-thumbnail","6":"product_brand-badger-ordnance","7":"product_cat-merkesana","8":"product_cat-sarkanpunkta-temekli","10":"first","11":"instock","12":"taxable","13":"shipping-taxable","14":"purchasable","15":"product-type-simple"},"acf":[],"_links":{"self":[{"href":"https:\/\/staging.nbg.eu\/lv\/wp-json\/wp\/v2\/product\/205264","targetHints":{"allow":["GET"]}}],"collection":[{"href":"https:\/\/staging.nbg.eu\/lv\/wp-json\/wp\/v2\/product"}],"about":[{"href":"https:\/\/staging.nbg.eu\/lv\/wp-json\/wp\/v2\/types\/product"}],"wp:featuredmedia":[{"embeddable":true,"href":"https:\/\/staging.nbg.eu\/lv\/wp-json\/wp\/v2\/media\/35412"}],"wp:attachment":[{"href":"https:\/\/staging.nbg.eu\/lv\/wp-json\/wp\/v2\/media?parent=205264"}],"wp:term":[{"taxonomy":"product_brand","embeddable":true,"href":"https:\/\/staging.nbg.eu\/lv\/wp-json\/wp\/v2\/product_brand?post=205264"},{"taxonomy":"product_cat","embeddable":true,"href":"https:\/\/staging.nbg.eu\/lv\/wp-json\/wp\/v2\/product_cat?post=205264"},{"taxonomy":"product_tag","embeddable":true,"href":"https:\/\/staging.nbg.eu\/lv\/wp-json\/wp\/v2\/product_tag?post=205264"}],"curies":[{"name":"wp","href":"https:\/\/api.w.org\/{rel}","templated":true}]}}