{"id":199837,"date":"2024-07-29T19:03:50","date_gmt":"2025-02-11T11:22:07","guid":{"rendered":"https:\/\/staging.nbg.eu\/product\/the-shear-hammock\/"},"modified":"2025-02-11T11:24:21","modified_gmt":"2025-02-11T11:24:21","slug":"the-shear-supultikls","status":"publish","type":"product","link":"https:\/\/staging.nbg.eu\/lv\/product\/the-shear-supultikls\/","title":{"rendered":"The Shear Supultikls"},"content":{"rendered":"<div class=\"product-description\">\n<h2>\u0160\u0137\u0113ru \u0160\u016bpulis<\/h2>\n<p>\u0160\u0137\u0113ru \u0160\u016bpulis ir izstr\u0101d\u0101jums medic\u012bnisk\u0101 apr\u012bkojuma n\u0113s\u0101\u0161anai. Tas nodro\u0161ina veidu, k\u0101 p\u0101rn\u0113s\u0101t \u017e\u0146augu, \u0161\u0137\u0113res vai citus l\u012bdz\u012bga izm\u0113ra priek\u0161metus uz eso\u0161\u0101s jostas vai MOLLE sist\u0113mas somas.<\/p>\n<h2>Galven\u0101s \u012bpa\u0161\u012bbas:<\/h2>\n<ul>\n<li>Piestiprin\u0101ms pie jebkuras MOLLE vai jostas sist\u0113mas<\/li>\n<li>Paredz\u0113ts \u0101trai izmanto\u0161anai<\/li>\n<li>Piem\u0113rots CAT \u017e\u0146augam un citiem l\u012bdz\u012bga izm\u0113ra priek\u0161metiem<\/li>\n<li>Aizsarg\u0101 apr\u012bkojumu no UV stariem, laikapst\u0101k\u013ciem, net\u012brumiem un gru\u017eiem<\/li>\n<li>Nav nepiecie\u0161ama papildu vieta uzst\u0101d\u012b\u0161anai<\/li>\n<\/ul>\n<h2>Specifik\u0101cijas:<\/h2>\n<ul>\n<li>Svars: 19g<\/li>\n<li>Da\u013cas numurs: TSP-TQ-01<\/li>\n<li>Izm\u0113ri (tuk\u0161s): 12,7 cm x 7,6 cm x 0,95 cm<\/li>\n<li>Izm\u0113ri (pilns): 12,7 cm x 7,6 cm x 6,35 cm<\/li>\n<li>Materi\u0101li: Ultracomp, kr\u0101sots CORDURA\u00ae audums<\/li>\n<li>Pieejam\u0101s kr\u0101sas: Melns, Kojota br\u016bns un Multicam<\/li>\n<\/ul>\n<p>\u0160\u0137\u0113ru \u0160\u016bpulis var tikt piestiprin\u0101ts pie jebkura MOLLE vai jostas stiprin\u0101juma Micro TKN, vai jebkuras citas MOLLE somas ar 3 kolonnu MOLLE p\u0113du.<\/p>\n<\/div>\n","protected":false},"excerpt":{"rendered":"<p>\u0100tras piek\u013cuves hammoks \u017e\u0146augiem un \u0161\u0137\u0113r\u0113m uz MOLLE apr\u012bkojuma.<\/p>\n","protected":false},"featured_media":153986,"template":"","meta":{"_acf_changed":false},"product_brand":[11134],"product_cat":[13794,13829,13785],"product_tag":[],"class_list":{"0":"post-199837","1":"product","2":"type-product","3":"status-publish","4":"has-post-thumbnail","6":"product_brand-blue-force-gear","7":"product_cat-ekipejums","8":"product_cat-mediciniskais","9":"product_cat-sominas","11":"first","12":"instock","13":"taxable","14":"shipping-taxable","15":"purchasable","16":"product-type-variable","17":"wvs-archive-product-wrapper"},"acf":[],"_links":{"self":[{"href":"https:\/\/staging.nbg.eu\/lv\/wp-json\/wp\/v2\/product\/199837","targetHints":{"allow":["GET"]}}],"collection":[{"href":"https:\/\/staging.nbg.eu\/lv\/wp-json\/wp\/v2\/product"}],"about":[{"href":"https:\/\/staging.nbg.eu\/lv\/wp-json\/wp\/v2\/types\/product"}],"wp:featuredmedia":[{"embeddable":true,"href":"https:\/\/staging.nbg.eu\/lv\/wp-json\/wp\/v2\/media\/153986"}],"wp:attachment":[{"href":"https:\/\/staging.nbg.eu\/lv\/wp-json\/wp\/v2\/media?parent=199837"}],"wp:term":[{"taxonomy":"product_brand","embeddable":true,"href":"https:\/\/staging.nbg.eu\/lv\/wp-json\/wp\/v2\/product_brand?post=199837"},{"taxonomy":"product_cat","embeddable":true,"href":"https:\/\/staging.nbg.eu\/lv\/wp-json\/wp\/v2\/product_cat?post=199837"},{"taxonomy":"product_tag","embeddable":true,"href":"https:\/\/staging.nbg.eu\/lv\/wp-json\/wp\/v2\/product_tag?post=199837"}],"curies":[{"name":"wp","href":"https:\/\/api.w.org\/{rel}","templated":true}]}}