{"id":199706,"date":"2024-07-29T13:09:29","date_gmt":"2025-02-11T11:07:05","guid":{"rendered":"https:\/\/staging.nbg.eu\/product\/single-pistol-belt-pouch\/"},"modified":"2025-02-11T11:09:21","modified_gmt":"2025-02-11T11:09:21","slug":"vienvietiga-pistoles-jostas-somina","status":"publish","type":"product","link":"https:\/\/staging.nbg.eu\/lv\/product\/vienvietiga-pistoles-jostas-somina\/","title":{"rendered":"Vienvietiga Pistoles Jostas Somina"},"content":{"rendered":"<div class=\"product-description\">\n<h2>Vienas pistoles jostas somi\u0146a<\/h2>\n<p>\u0160\u012b Ten-Speed\u00ae somi\u0146a dro\u0161i tur vienu pistoles aptveri, nodro\u0161inot t\u016bl\u012bt\u0113ju piek\u013cuvi dienesta vai sl\u0113ptai n\u0113s\u0101\u0161anai.<\/p>\n<ul>\n<li>Piem\u0113rota jost\u0101m l\u012bdz 5 cm platumam<\/li>\n<li>\u0112rta valk\u0101\u0161ana visas dienas garum\u0101 bez as\u0101m mal\u0101m<\/li>\n<li>Priek\u0161puse ar elast\u012bgu materi\u0101lu un ULTRAcomp\u2122 lamin\u0101tu<\/li>\n<li>\u0100\u0137u un cilpu aizdares sist\u0113ma<\/li>\n<li>Piem\u0113rota vienk\u0101rt\u012bg\u0101m vai divk\u0101rt\u012bg\u0101m aptver\u0113m (l\u012bdz HK45\/USP izm\u0113ram)<\/li>\n<li>Piem\u0113rota ar\u012b luktur\u012b\u0161iem, daudzfunkcion\u0101liem instrumentiem vai l\u012bdz\u012bgiem priek\u0161metiem<\/li>\n<li>No\u0146emams jostas stiprin\u0101jums horizont\u0101lai uzst\u0101d\u012b\u0161anai<\/li>\n<\/ul>\n<p>Izm\u0113rs: 5,7 cm x 11,4 cm | Svars: 20 grami<\/p>\n<p>Uzlabojiet savu n\u0113s\u0101\u0161anas sist\u0113mu ar \u0161o vieglo, iztur\u012bgo un piel\u0101gojamo somi\u0146u.<\/p>\n<\/div>\n","protected":false},"excerpt":{"rendered":"<p>Dro\u0161a, pl\u0101na jostas somi\u0146a pistoles aptverei vai instrumentam. \u0100tra piek\u013cuve.<\/p>\n","protected":false},"featured_media":164227,"template":"","meta":{"_acf_changed":false},"product_brand":[11134],"product_cat":[13794,13770,13785],"product_tag":[],"class_list":{"0":"post-199706","1":"product","2":"type-product","3":"status-publish","4":"has-post-thumbnail","6":"product_brand-blue-force-gear","7":"product_cat-ekipejums","8":"product_cat-magazinu-turetaji","9":"product_cat-sominas","11":"first","12":"instock","13":"taxable","14":"shipping-taxable","15":"purchasable","16":"product-type-simple"},"acf":[],"_links":{"self":[{"href":"https:\/\/staging.nbg.eu\/lv\/wp-json\/wp\/v2\/product\/199706","targetHints":{"allow":["GET"]}}],"collection":[{"href":"https:\/\/staging.nbg.eu\/lv\/wp-json\/wp\/v2\/product"}],"about":[{"href":"https:\/\/staging.nbg.eu\/lv\/wp-json\/wp\/v2\/types\/product"}],"wp:featuredmedia":[{"embeddable":true,"href":"https:\/\/staging.nbg.eu\/lv\/wp-json\/wp\/v2\/media\/164227"}],"wp:attachment":[{"href":"https:\/\/staging.nbg.eu\/lv\/wp-json\/wp\/v2\/media?parent=199706"}],"wp:term":[{"taxonomy":"product_brand","embeddable":true,"href":"https:\/\/staging.nbg.eu\/lv\/wp-json\/wp\/v2\/product_brand?post=199706"},{"taxonomy":"product_cat","embeddable":true,"href":"https:\/\/staging.nbg.eu\/lv\/wp-json\/wp\/v2\/product_cat?post=199706"},{"taxonomy":"product_tag","embeddable":true,"href":"https:\/\/staging.nbg.eu\/lv\/wp-json\/wp\/v2\/product_tag?post=199706"}],"curies":[{"name":"wp","href":"https:\/\/api.w.org\/{rel}","templated":true}]}}