{"id":199061,"date":"2024-06-17T21:23:15","date_gmt":"2025-02-11T09:31:15","guid":{"rendered":"https:\/\/staging.nbg.eu\/product\/blue-force-gear-trauma-kit-now-medium\/"},"modified":"2025-02-11T09:33:22","modified_gmt":"2025-02-11T09:33:22","slug":"blue-force-gear-traumas-komplekts-now-videjs","status":"publish","type":"product","link":"https:\/\/staging.nbg.eu\/lv\/product\/blue-force-gear-traumas-komplekts-now-videjs\/","title":{"rendered":"Blue Force Gear Traumas Komplekts NOW! &#8211; Videjs"},"content":{"rendered":"<h2>Blue Force Gear Trauma komplekts NOW! &#8211; Vid\u0113js, tuk\u0161s<\/h2>\n<p>Trauma komplekts NOW! &#8211; VID\u0112JS ir \u0101tr\u0101s piek\u013cuves neatliekam\u0101s medic\u012bnisk\u0101s pal\u012bdz\u012bbas komplekts, kas paredz\u0113ts lieto\u0161anai ar vienu roku. S\u0101kotn\u0113ji izveidots armijas IFAK saturam, tas ir piel\u0101gojams da\u017e\u0101diem medic\u012bniskajiem komplektiem.<\/p>\n<ul>\n<li>Divu da\u013cu dizains: MOLLE \u0101r\u0113j\u0101 soma ar Helium Whisper stiprin\u0101jumu sist\u0113mu un no\u0146emama iek\u0161\u0113j\u0101 apg\u0101des pl\u0101ksne<\/li>\n<li>Konusveida \u0101r\u0113j\u0101 soma dro\u0161ai satur\u0113\u0161anai un vieglai iz\u0146em\u0161anai<\/li>\n<li>\u0100tri izvietojams iek\u0161\u0113jais nes\u0113js ar Ball Loaded Index Point (BLIP) lieto\u0161anai sare\u017e\u0123\u012btos apst\u0101k\u013cos<\/li>\n<li>MOLLE lauki \u0101r\u0113jai \u017e\u0146auga piestiprin\u0101\u0161anai<\/li>\n<li>Univers\u0101ls dizains piem\u0113rots milit\u0101rai, ties\u012bbsarg\u0101jo\u0161o iest\u0101\u017eu un civilo personu lieto\u0161anai<\/li>\n<\/ul>\n<p>Viens no \u0101tr\u0101k izvietojamiem trauma komplektiem tirg\u016b, izstr\u0101d\u0101ts kritisk\u0101m situ\u0101cij\u0101m, kur katra sekunde ir svar\u012bga.<\/p>\n","protected":false},"excerpt":{"rendered":"<p>\u0100tri izvietojama medic\u012bnisk\u0101 soma ar iz\u0146emamu iek\u0161\u0113jo pane\u013cu sist\u0113mu piel\u0101go\u0161anai.<\/p>\n","protected":false},"featured_media":153802,"template":"","meta":{"_acf_changed":false},"product_brand":[11134],"product_cat":[13794,13829],"product_tag":[],"class_list":{"0":"post-199061","1":"product","2":"type-product","3":"status-publish","4":"has-post-thumbnail","6":"product_brand-blue-force-gear","7":"product_cat-ekipejums","8":"product_cat-mediciniskais","10":"first","11":"instock","12":"taxable","13":"shipping-taxable","14":"purchasable","15":"product-type-variable","16":"wvs-archive-product-wrapper"},"acf":[],"_links":{"self":[{"href":"https:\/\/staging.nbg.eu\/lv\/wp-json\/wp\/v2\/product\/199061","targetHints":{"allow":["GET"]}}],"collection":[{"href":"https:\/\/staging.nbg.eu\/lv\/wp-json\/wp\/v2\/product"}],"about":[{"href":"https:\/\/staging.nbg.eu\/lv\/wp-json\/wp\/v2\/types\/product"}],"wp:featuredmedia":[{"embeddable":true,"href":"https:\/\/staging.nbg.eu\/lv\/wp-json\/wp\/v2\/media\/153802"}],"wp:attachment":[{"href":"https:\/\/staging.nbg.eu\/lv\/wp-json\/wp\/v2\/media?parent=199061"}],"wp:term":[{"taxonomy":"product_brand","embeddable":true,"href":"https:\/\/staging.nbg.eu\/lv\/wp-json\/wp\/v2\/product_brand?post=199061"},{"taxonomy":"product_cat","embeddable":true,"href":"https:\/\/staging.nbg.eu\/lv\/wp-json\/wp\/v2\/product_cat?post=199061"},{"taxonomy":"product_tag","embeddable":true,"href":"https:\/\/staging.nbg.eu\/lv\/wp-json\/wp\/v2\/product_tag?post=199061"}],"curies":[{"name":"wp","href":"https:\/\/api.w.org\/{rel}","templated":true}]}}