{"id":181358,"date":"2024-04-19T07:15:03","date_gmt":"2025-01-30T06:23:21","guid":{"rendered":"https:\/\/staging.nbg.eu\/product\/blue-force-gear-burnsed-socket\/"},"modified":"2025-01-30T06:25:25","modified_gmt":"2025-01-30T06:25:25","slug":"blue-force-gear-burnsed-ligzda","status":"publish","type":"product","link":"https:\/\/staging.nbg.eu\/lv\/product\/blue-force-gear-burnsed-ligzda\/","title":{"rendered":"Blue Force Gear Burnsed Ligzda"},"content":{"rendered":"<p>Here&#8217;s the translation of the product description to Latvian, without including colorful and marketing words:<\/p>\n<p>Burnsed ligzda<\/p>\n<p>Burnsed ligzda, ko ra\u017eo Blue Force Gear &#8211; Burnsed ligzda ir atsevi\u0161\u0137a deta\u013ca, kas p\u0101rveido Vickers kaujas pielietojuma siksnu par 2 l\u012bdz 1 punkta p\u0101rveidojamu siksnu, kad to lieto kop\u0101 ar spiedpogas siksnas \u0161arn\u012bru vai RED \u0161arn\u012bru. Burnsed ligzda tika izstr\u0101d\u0101ta 2005. gad\u0101 k\u0101 galven\u0101 deta\u013ca patent\u0113tajai SOC-C siksnai, kas \u013cauj p\u0101rveidot siksnu no 1 l\u012bdz 2 l\u012bdz 3 punktiem.<\/p>\n<p>Padariet savu siksnu daudzpus\u012bg\u0101ku &#8211; Vienk\u0101r\u0161i uzb\u012bdiet Burnsed ligzdu uz siksnas aizmugures pret aizmugur\u0113jo uztv\u0113r\u0113ju vai tipisku viena punkta siksnas atra\u0161an\u0101s vietu, p\u0113c tam atvienojiet priek\u0161\u0113jo spiedpogas \u0161arn\u012bru no iero\u010da priek\u0161puses un pievienojiet to Burnsed ligzdai.<\/p>\n<p>***Siksna nav iek\u013cauta. Iek\u013cauta tikai 1 Burnsed ligzdas aparat\u016bras deta\u013ca***<\/p>\n<p>Divas aparat\u016bras opcijas:<br \/>\n\u2022 Apstr\u0101d\u0101ts alum\u012bnijs &#8211; \u012bpa\u0161i iztur\u012bgam savienojumam, \u0161\u012b fr\u0113z\u0113t\u0101 Burnsed ligzda ir ciet\u0101 anod\u0113ta mat\u0113t\u0101 meln\u0101 kr\u0101s\u0101.<br \/>\n\u2022 Veidots polim\u0113rs &#8211; vieglam, vienk\u0101r\u0161am siksnas savienojuma punktam, pieejams meln\u0101 kr\u0101s\u0101.<\/p>\n<p>Ra\u017eots ASV &#8211; T\u0101pat k\u0101 visi Blue Force Gear produkti, tas ir izgatavots ar izcil\u012bbu ASV un tam ir m\u016bsu ierobe\u017eot\u0101 m\u016b\u017ea garantija.<\/p>\n<p>SPECIFIK\u0100CIJAS<\/p>\n<p>Funkcijas: Darbojas kop\u0101 ar jebkuru spiedpogas siksnas \u0161arn\u012bru vai EDTM \u0161arn\u012bru, lai izveidotu 2 l\u012bdz 1 punkta p\u0101rveidojamu siksnu (p\u0101rdod atsevi\u0161\u0137i). Nodro\u0161ina iero\u010da n\u0113s\u0101\u0161anu visu dienu 2 punktu re\u017e\u012bm\u0101 maksim\u0101lai kontrolei un komfortam, un \u0101tri p\u0101rveidojas par viena punkta siksnu dinamisk\u0101m vid\u0113m.<\/p>\n<p>Svars: 13g<\/p>\n<p>Izm\u0113rs: 0,75&#8243; x 1,5&#8243; x 0,5&#8243; &#8211; Der jebkurai 1&#8243; vai 1,25&#8243; siksnas lentei (Victory Series siksna, Vickers kaujas pielietojuma siksna)<\/p>\n<p>Materi\u0101li:<br \/>\n\u2022 Apstr\u0101d\u0101ts alum\u012bnijs<br \/>\n\u2022 Veidots polim\u0113rs<\/p>\n<p>Papildu inform\u0101cija: Parasti iee\u013c\u013cojiet visus spiedpogas \u0161arn\u012brus un Burnsed ligzdas katru reizi, kad tiek e\u013c\u013cots iero\u010da korpuss.<\/p>\n","protected":false},"excerpt":{"rendered":"<p><span style=\"font-size: 110%\"><strong>Padariet savu \u0161lingu daudzpus\u012bg\u0101ku<\/strong><\/span><\/p>\n","protected":false},"featured_media":163254,"template":"","meta":{"_acf_changed":false},"product_brand":[11134],"product_cat":[13794,13790],"product_tag":[],"class_list":{"0":"post-181358","1":"product","2":"type-product","3":"status-publish","4":"has-post-thumbnail","6":"product_brand-blue-force-gear","7":"product_cat-ekipejums","8":"product_cat-siksnas","10":"first","11":"instock","12":"taxable","13":"shipping-taxable","14":"purchasable","15":"product-type-simple"},"acf":[],"_links":{"self":[{"href":"https:\/\/staging.nbg.eu\/lv\/wp-json\/wp\/v2\/product\/181358","targetHints":{"allow":["GET"]}}],"collection":[{"href":"https:\/\/staging.nbg.eu\/lv\/wp-json\/wp\/v2\/product"}],"about":[{"href":"https:\/\/staging.nbg.eu\/lv\/wp-json\/wp\/v2\/types\/product"}],"wp:featuredmedia":[{"embeddable":true,"href":"https:\/\/staging.nbg.eu\/lv\/wp-json\/wp\/v2\/media\/163254"}],"wp:attachment":[{"href":"https:\/\/staging.nbg.eu\/lv\/wp-json\/wp\/v2\/media?parent=181358"}],"wp:term":[{"taxonomy":"product_brand","embeddable":true,"href":"https:\/\/staging.nbg.eu\/lv\/wp-json\/wp\/v2\/product_brand?post=181358"},{"taxonomy":"product_cat","embeddable":true,"href":"https:\/\/staging.nbg.eu\/lv\/wp-json\/wp\/v2\/product_cat?post=181358"},{"taxonomy":"product_tag","embeddable":true,"href":"https:\/\/staging.nbg.eu\/lv\/wp-json\/wp\/v2\/product_tag?post=181358"}],"curies":[{"name":"wp","href":"https:\/\/api.w.org\/{rel}","templated":true}]}}