{"id":176738,"date":"2024-11-26T18:35:58","date_gmt":"2025-01-28T10:22:07","guid":{"rendered":"https:\/\/staging.nbg.eu\/product\/geissele-border-patrol-rifle-16-5-56mm-black\/"},"modified":"2025-01-28T10:24:01","modified_gmt":"2025-01-28T10:24:01","slug":"geissele-robezsardzes-sautene-16-556mm-melna","status":"publish","type":"product","link":"https:\/\/staging.nbg.eu\/lv\/product\/geissele-robezsardzes-sautene-16-556mm-melna\/","title":{"rendered":"Geissele Robezsardzes Sautene, 16&#8243;, 5.56MM &#8211; Melna"},"content":{"rendered":"<h2>Geissele robe\u017esardzes \u0161autene, 16&#8243;, 5,56MM &#8211; Melna<\/h2>\n<p>Geissele robe\u017esardzes \u0161autene ir piln\u012bb\u0101 apr\u012bkota dienesta \u0161autene, kas izstr\u0101d\u0101ta uzticam\u012bbai un veiktsp\u0113jai. \u0160is vienk\u0101r\u0161ais AR-15 nodro\u0161ina ilggad\u012bgu uzticamu kalpo\u0161anu.<\/p>\n<h2>Galven\u0101s iez\u012bmes:<\/h2>\n<ul>\n<li>16,25&#8243; auksti kalta (CHF) stobrs ar hrom\u0113tu iek\u0161pusi<\/li>\n<li>1:7 v\u012btnes solis un 5,56x45mm NATO kamera<\/li>\n<li>Geissele garuma g\u0101zes sist\u0113ma ar 17-4 ner\u016bs\u0113jo\u0161\u0101 t\u0113rauda g\u0101zes bloku<\/li>\n<li>14,6&#8243; MK 20 Super Modular sliede ar M-Lok slotiem<\/li>\n<li>Super Duty kalti 7075 T6 alum\u012bnija aug\u0161\u0113jie un apak\u0161\u0113jie uztv\u0113r\u0113ji<\/li>\n<li>Geissele Government uzl\u0101des rokturis abpus\u0113jai lieto\u0161anai<\/li>\n<li>H2 buferis un p\u012bta stieples bufera atspere uzlabotai uzticam\u012bbai<\/li>\n<li>ALG Defense Advanced Combat m\u0113l\u012bte (ACT) ar uzlabotiem p\u0101rkl\u0101jumiem<\/li>\n<\/ul>\n<h2>Specifik\u0101cijas:<\/h2>\n<ul>\n<li>Garums: 32,5&#8243; (saloc\u012bts) l\u012bdz 36&#8243; (izvilkts)<\/li>\n<li>Svars: Aptuveni 6,6 m\u0101rci\u0146as<\/li>\n<li>Kalibrs: 5,56MM<\/li>\n<li>Kr\u0101sa: Melna<\/li>\n<li>Aizsl\u0113ga nes\u0113js: Mang\u0101na fosf\u0101ta p\u0101rkl\u0101ts Geissele BCG<\/li>\n<li>G\u0101zes porta izm\u0113rs: .075&#8243;<\/li>\n<li>Stobra ier\u012bce: A2 liesmas sl\u0101p\u0113t\u0101js<\/li>\n<li>Laidelaide: BCM Mod 0, melna<\/li>\n<li>Rokturis: B5 rokturis ar Geissele logo<\/li>\n<\/ul>\n<p>Robe\u017esardzes \u0161autene ir veidota, lai b\u016btu viegla un manevr\u0113jama, vienlaikus saglab\u0101jot iztur\u012bbu un uzticam\u012bbu. Katrs komponents ir r\u016bp\u012bgi izv\u0113l\u0113ts ilgsto\u0161ai lieto\u0161anai smagos apst\u0101k\u013cos. Skeleta MK 20 Super Modular sliede samazina svaru, nodro\u0161inot stabilu mont\u0101\u017eas platformu, un atsl\u0113got\u0101 savieno\u0161anas sist\u0113ma nodro\u0161ina, ka rokturis paliek stabils intens\u012bvas lieto\u0161anas laik\u0101.<\/p>\n<p>Ar sav\u0101m augst\u0101k\u0101s klases sast\u0101vda\u013c\u0101m, ieskaitot Geissele Government uzl\u0101des rokturi, Super 42 bufera sist\u0113mu un ALG Advanced Combat m\u0113l\u012bti, \u0161\u012b \u0161autene nodro\u0161ina labu veiktsp\u0113ju un uzticam\u012bbu.<\/p>\n","protected":false},"excerpt":{"rendered":"<p>Uzticams 16 collu 5,56 mm AR-15 ar augst\u0101k\u0101s kvalit\u0101tes funkcij\u0101m ilgtermi\u0146a dienesta lieto\u0161anai.<\/p>\n","protected":false},"featured_media":81498,"template":"","meta":{"_acf_changed":false},"product_brand":[11383],"product_cat":[13827],"product_tag":[],"class_list":{"0":"post-176738","1":"product","2":"type-product","3":"status-publish","4":"has-post-thumbnail","6":"product_brand-geissele","7":"product_cat-sautene","9":"first","10":"instock","11":"taxable","12":"shipping-taxable","13":"product-type-simple"},"acf":[],"_links":{"self":[{"href":"https:\/\/staging.nbg.eu\/lv\/wp-json\/wp\/v2\/product\/176738","targetHints":{"allow":["GET"]}}],"collection":[{"href":"https:\/\/staging.nbg.eu\/lv\/wp-json\/wp\/v2\/product"}],"about":[{"href":"https:\/\/staging.nbg.eu\/lv\/wp-json\/wp\/v2\/types\/product"}],"wp:featuredmedia":[{"embeddable":true,"href":"https:\/\/staging.nbg.eu\/lv\/wp-json\/wp\/v2\/media\/81498"}],"wp:attachment":[{"href":"https:\/\/staging.nbg.eu\/lv\/wp-json\/wp\/v2\/media?parent=176738"}],"wp:term":[{"taxonomy":"product_brand","embeddable":true,"href":"https:\/\/staging.nbg.eu\/lv\/wp-json\/wp\/v2\/product_brand?post=176738"},{"taxonomy":"product_cat","embeddable":true,"href":"https:\/\/staging.nbg.eu\/lv\/wp-json\/wp\/v2\/product_cat?post=176738"},{"taxonomy":"product_tag","embeddable":true,"href":"https:\/\/staging.nbg.eu\/lv\/wp-json\/wp\/v2\/product_tag?post=176738"}],"curies":[{"name":"wp","href":"https:\/\/api.w.org\/{rel}","templated":true}]}}