{"id":171500,"date":"2024-08-16T19:44:20","date_gmt":"2025-01-21T16:25:15","guid":{"rendered":"https:\/\/staging.nbg.eu\/product\/barwarus-bw-t33-picatinny-rail-cover\/"},"modified":"2025-01-21T16:27:21","modified_gmt":"2025-01-21T16:27:21","slug":"barwarus-bw-t33-picatinny-sliedes-parsegs","status":"publish","type":"product","link":"https:\/\/staging.nbg.eu\/lv\/product\/barwarus-bw-t33-picatinny-sliedes-parsegs\/","title":{"rendered":"Barwarus BW-T33 Picatinny Sliedes Parsegs"},"content":{"rendered":"<div class=\"product-description\">\n<h2>Barwarus BW-T33 Picatinny sliedes p\u0101rsegs<\/h2>\n<p>AK stila \u0161autenes uzlabo\u0161anai ar Barwarus BW-T33 putek\u013cu p\u0101rsegu ar integr\u0113tu Picatinny sliedi. Sader\u012bgs ar Kala\u0161\u0146ikova tipa sporta \u0161auten\u0113m un karab\u012bn\u0113m, \u0161is p\u0101rsegs \u013cauj viegli uzst\u0101d\u012bt da\u017e\u0101das t\u0113m\u0113\u0161anas ier\u012bces.<\/p>\n<ul>\n<li>Izgatavots no 7075 T6 alum\u012bnija sakaus\u0113juma<\/li>\n<li>170mm \u00b15mm Picatinny sliedes garums<\/li>\n<li>Saglab\u0101 nulles punktu p\u0113c atk\u0101rtotas atv\u0113r\u0161anas\/aizv\u0113r\u0161anas<\/li>\n<li>Dro\u0161i nostiprin\u0101s ar piec\u0101m skr\u016bv\u0113m<\/li>\n<li>Svars: 55 unces \u00b10,03 unces<\/li>\n<li>Izm\u0113ri: 21,7&#8243; \u00b10,5&#8243;<\/li>\n<li>Darba temperat\u016bra: no -50\u00b0C l\u012bdz +50\u00b0C<\/li>\n<\/ul>\n<p>Piez\u012bme: Maksim\u0101lais griezes moments 25 m\u0101rci\u0146as. Var b\u016bt nepiecie\u0161ama viegla piesl\u012bp\u0113\u0161ana.<\/p>\n<\/div>\n","protected":false},"excerpt":{"rendered":"<p>Iztur\u012bgs AK Picatinny sliedes p\u0101rsegs. Uzmont\u0113 optiku, saglab\u0101 nullpunktu.<\/p>\n","protected":false},"featured_media":23458,"template":"","meta":{"_acf_changed":false},"product_brand":[11112],"product_cat":[13761,13776,13775],"product_tag":[],"class_list":{"0":"post-171500","1":"product","2":"type-product","3":"status-publish","4":"has-post-thumbnail","6":"product_brand-barwarus","7":"product_cat-ak-uzlabojumi","8":"product_cat-sautenes-uzlabojumi","9":"product_cat-sliedes","11":"first","12":"instock","13":"taxable","14":"shipping-taxable","15":"product-type-variable","16":"wvs-archive-product-wrapper"},"acf":[],"_links":{"self":[{"href":"https:\/\/staging.nbg.eu\/lv\/wp-json\/wp\/v2\/product\/171500","targetHints":{"allow":["GET"]}}],"collection":[{"href":"https:\/\/staging.nbg.eu\/lv\/wp-json\/wp\/v2\/product"}],"about":[{"href":"https:\/\/staging.nbg.eu\/lv\/wp-json\/wp\/v2\/types\/product"}],"wp:featuredmedia":[{"embeddable":true,"href":"https:\/\/staging.nbg.eu\/lv\/wp-json\/wp\/v2\/media\/23458"}],"wp:attachment":[{"href":"https:\/\/staging.nbg.eu\/lv\/wp-json\/wp\/v2\/media?parent=171500"}],"wp:term":[{"taxonomy":"product_brand","embeddable":true,"href":"https:\/\/staging.nbg.eu\/lv\/wp-json\/wp\/v2\/product_brand?post=171500"},{"taxonomy":"product_cat","embeddable":true,"href":"https:\/\/staging.nbg.eu\/lv\/wp-json\/wp\/v2\/product_cat?post=171500"},{"taxonomy":"product_tag","embeddable":true,"href":"https:\/\/staging.nbg.eu\/lv\/wp-json\/wp\/v2\/product_tag?post=171500"}],"curies":[{"name":"wp","href":"https:\/\/api.w.org\/{rel}","templated":true}]}}