{"id":170987,"date":"2024-08-16T20:04:24","date_gmt":"2025-01-21T10:26:14","guid":{"rendered":"https:\/\/staging.nbg.eu\/product\/barwarus-alpha-1-set-bw-t33-alpha-1\/"},"modified":"2025-01-21T10:28:21","modified_gmt":"2025-01-21T10:28:21","slug":"barwarus-alpha-1-komplekts-bw-t33-alpha-1","status":"publish","type":"product","link":"https:\/\/staging.nbg.eu\/lv\/product\/barwarus-alpha-1-komplekts-bw-t33-alpha-1\/","title":{"rendered":"Barwarus ALPHA-1 KOMPLEKTS (BW-T33 &#038; ALPHA-1)"},"content":{"rendered":"<div class=\"product-description\">\n<h2>Barwarus ALPHA-1 komplekts (BW-T33 un ALPHA-1)<\/h2>\n<p>Barwarus ALPHA-1 komplekts AK \u0161autuv\u0113m, ietver ALPHA-1 rokturi un BW-T33 putek\u013cu v\u0101ku. Komplekt\u0101 ietilpst:<\/p>\n<ul>\n<li>ALPHA-1 \u012bsie \u010detrst\u016brainie Picatinny rokturi (aug\u0161\u0113jais un apak\u0161\u0113jais)<\/li>\n<li>BW-T33 putek\u013cu v\u0101ks ar integr\u0113tu Picatinny sliedi<\/li>\n<\/ul>\n<p>ALPHA-1 rokturi izgatavoti no 6082-T6 alum\u012bnija ar Cerakote p\u0101rkl\u0101jumu. Sader\u012bgi ar \u0161tanc\u0113tiem AK mode\u013ciem, tostarp AK 103, 104, 105, 74S, 74M, AKM, AKMS un Saiga.<\/p>\n<p>BW-T33 putek\u013cu v\u0101ks izgatavots no 7075 T6 alum\u012bnija sakaus\u0113juma. Tas nodro\u0161ina stabilu platformu optikai, netrauc\u0113jot meh\u0101niskajiem t\u0113mek\u013ciem.<\/p>\n<\/div>\n","protected":false},"excerpt":{"rendered":"<p>Premium AK uzlabojums: \u010cetru slie\u017eu rokturis un putek\u013cu p\u0101rsegs ar sliedi<\/p>\n","protected":false},"featured_media":280690,"template":"","meta":{"_acf_changed":false},"product_brand":[11112],"product_cat":[13761,13776,13775],"product_tag":[],"class_list":{"0":"post-170987","1":"product","2":"type-product","3":"status-publish","4":"has-post-thumbnail","6":"product_brand-barwarus","7":"product_cat-ak-uzlabojumi","8":"product_cat-sautenes-uzlabojumi","9":"product_cat-sliedes","11":"first","12":"instock","13":"taxable","14":"shipping-taxable","15":"product-type-variable","16":"wvs-archive-product-wrapper"},"acf":[],"_links":{"self":[{"href":"https:\/\/staging.nbg.eu\/lv\/wp-json\/wp\/v2\/product\/170987","targetHints":{"allow":["GET"]}}],"collection":[{"href":"https:\/\/staging.nbg.eu\/lv\/wp-json\/wp\/v2\/product"}],"about":[{"href":"https:\/\/staging.nbg.eu\/lv\/wp-json\/wp\/v2\/types\/product"}],"wp:featuredmedia":[{"embeddable":true,"href":"https:\/\/staging.nbg.eu\/lv\/wp-json\/wp\/v2\/media\/280690"}],"wp:attachment":[{"href":"https:\/\/staging.nbg.eu\/lv\/wp-json\/wp\/v2\/media?parent=170987"}],"wp:term":[{"taxonomy":"product_brand","embeddable":true,"href":"https:\/\/staging.nbg.eu\/lv\/wp-json\/wp\/v2\/product_brand?post=170987"},{"taxonomy":"product_cat","embeddable":true,"href":"https:\/\/staging.nbg.eu\/lv\/wp-json\/wp\/v2\/product_cat?post=170987"},{"taxonomy":"product_tag","embeddable":true,"href":"https:\/\/staging.nbg.eu\/lv\/wp-json\/wp\/v2\/product_tag?post=170987"}],"curies":[{"name":"wp","href":"https:\/\/api.w.org\/{rel}","templated":true}]}}