{"id":170418,"date":"2024-11-06T20:55:17","date_gmt":"2025-01-21T09:35:07","guid":{"rendered":"https:\/\/staging.nbg.eu\/product\/throw-lever-sai-optics\/"},"modified":"2025-01-21T09:37:19","modified_gmt":"2025-01-21T09:37:19","slug":"sviras-rokturis-sai-optikas-iericem","status":"publish","type":"product","link":"https:\/\/staging.nbg.eu\/lv\/product\/sviras-rokturis-sai-optikas-iericem\/","title":{"rendered":"Sviras Rokturis SAI Optikas Iericem"},"content":{"rendered":"<div class=\"product-description\">\n<h2>SAI optika ar p\u0101rsl\u0113g\u0161anas sviru<\/h2>\n<ul>\n<li>\u0100tra p\u0101reja starp 1x un 6x palielin\u0101jumu<\/li>\n<li>Ergonomisks dizains \u0113rtai lieto\u0161anai<\/li>\n<\/ul>\n<p>SAI 6\u2122 p\u0101rsl\u0113g\u0161anas svira \u013cauj \u0101tri piel\u0101got palielin\u0101jumu, nezaud\u0113jot m\u0113r\u0137i no redzesloka.<\/p>\n<\/div>\n","protected":false},"excerpt":{"rendered":"<p>\u0100tra 1x-6x palielin\u0101juma p\u0101rsl\u0113g\u0161ana.<\/p>\n","protected":false},"featured_media":78879,"template":"","meta":{"_acf_changed":false},"product_brand":[11710],"product_cat":[13803,13771],"product_tag":[],"class_list":{"0":"post-170418","1":"product","2":"type-product","3":"status-publish","4":"has-post-thumbnail","6":"product_brand-sai-optics","7":"product_cat-merkesana","8":"product_cat-palielinosa-optika","10":"first","11":"instock","12":"taxable","13":"shipping-taxable","14":"purchasable","15":"product-type-variable","16":"wvs-archive-product-wrapper"},"acf":[],"_links":{"self":[{"href":"https:\/\/staging.nbg.eu\/lv\/wp-json\/wp\/v2\/product\/170418","targetHints":{"allow":["GET"]}}],"collection":[{"href":"https:\/\/staging.nbg.eu\/lv\/wp-json\/wp\/v2\/product"}],"about":[{"href":"https:\/\/staging.nbg.eu\/lv\/wp-json\/wp\/v2\/types\/product"}],"wp:featuredmedia":[{"embeddable":true,"href":"https:\/\/staging.nbg.eu\/lv\/wp-json\/wp\/v2\/media\/78879"}],"wp:attachment":[{"href":"https:\/\/staging.nbg.eu\/lv\/wp-json\/wp\/v2\/media?parent=170418"}],"wp:term":[{"taxonomy":"product_brand","embeddable":true,"href":"https:\/\/staging.nbg.eu\/lv\/wp-json\/wp\/v2\/product_brand?post=170418"},{"taxonomy":"product_cat","embeddable":true,"href":"https:\/\/staging.nbg.eu\/lv\/wp-json\/wp\/v2\/product_cat?post=170418"},{"taxonomy":"product_tag","embeddable":true,"href":"https:\/\/staging.nbg.eu\/lv\/wp-json\/wp\/v2\/product_tag?post=170418"}],"curies":[{"name":"wp","href":"https:\/\/api.w.org\/{rel}","templated":true}]}}