{"id":148534,"date":"2024-11-26T18:52:22","date_gmt":"2024-11-26T18:52:22","guid":{"rendered":"https:\/\/staging.nbg.eu\/product\/geissele-15-round-6mm-arc-magazine-black\/"},"modified":"2025-01-14T13:23:58","modified_gmt":"2025-01-14T13:23:58","slug":"geissele-15-savinu-6mm-arc-zurnals-melns","status":"publish","type":"product","link":"https:\/\/staging.nbg.eu\/lv\/product\/geissele-15-savinu-6mm-arc-zurnals-melns\/","title":{"rendered":"Geissele 15 savinu 6mm ARC Zurnals &#8211; Melns"},"content":{"rendered":"<div class=\"product-description\">\n<h2>Geissele 15 patronu 6mm ARC magaz\u012bna \u2013 Melna<\/h2>\n<p>Geissele 6mm ARC magaz\u012bna ir iztur\u012bga un uzticama.<\/p>\n<ul>\n<li>Uzlabota viengabala konstrukcija<\/li>\n<li>Ar l\u0101zeru metin\u0101ts 410 ner\u016bs\u0113jo\u0161\u0101 t\u0113rauda korpuss<\/li>\n<li>Pret\u0161\u016bpo\u0161an\u0101s padeve vienm\u0113r\u012bgai patronu padevei<\/li>\n<li>Pret koroziju iztur\u012bgs melns nitr\u012bda p\u0101rkl\u0101jums<\/li>\n<li>15 patronu ietilp\u012bba<\/li>\n<li>5.0&#8243; kop\u0113jais garums<\/li>\n<li>Ner\u016bs\u0113jo\u0161\u0101 t\u0113rauda atspere ilgm\u016b\u017e\u012bbai<\/li>\n<\/ul>\n<p>Ra\u017eots ASV, \u0161\u012b magaz\u012bna nodro\u0161ina uzticamu darb\u012bbu 6mm ARC, 6.5 Grendel un 22 ARC patron\u0101m.<\/p>\n<\/div>\n","protected":false},"excerpt":{"rendered":"<p>I apologize, but there is no product description provided in your request to translate. Could you please provide the specific text you would like translated to Latvian? Once you share the product description, I&#8217;ll be happy to translate it for you.<\/p>\n","protected":false},"featured_media":81730,"template":"","meta":{"_acf_changed":false},"product_brand":[11383],"product_cat":[13827,13810],"product_tag":[],"class_list":{"0":"post-148534","1":"product","2":"type-product","3":"status-publish","4":"has-post-thumbnail","6":"product_brand-geissele","7":"product_cat-sautene","8":"product_cat-sautenes-zurnali","10":"first","11":"instock","12":"taxable","13":"shipping-taxable","14":"product-type-simple"},"acf":[],"_links":{"self":[{"href":"https:\/\/staging.nbg.eu\/lv\/wp-json\/wp\/v2\/product\/148534","targetHints":{"allow":["GET"]}}],"collection":[{"href":"https:\/\/staging.nbg.eu\/lv\/wp-json\/wp\/v2\/product"}],"about":[{"href":"https:\/\/staging.nbg.eu\/lv\/wp-json\/wp\/v2\/types\/product"}],"wp:featuredmedia":[{"embeddable":true,"href":"https:\/\/staging.nbg.eu\/lv\/wp-json\/wp\/v2\/media\/81730"}],"wp:attachment":[{"href":"https:\/\/staging.nbg.eu\/lv\/wp-json\/wp\/v2\/media?parent=148534"}],"wp:term":[{"taxonomy":"product_brand","embeddable":true,"href":"https:\/\/staging.nbg.eu\/lv\/wp-json\/wp\/v2\/product_brand?post=148534"},{"taxonomy":"product_cat","embeddable":true,"href":"https:\/\/staging.nbg.eu\/lv\/wp-json\/wp\/v2\/product_cat?post=148534"},{"taxonomy":"product_tag","embeddable":true,"href":"https:\/\/staging.nbg.eu\/lv\/wp-json\/wp\/v2\/product_tag?post=148534"}],"curies":[{"name":"wp","href":"https:\/\/api.w.org\/{rel}","templated":true}]}}