{"id":141596,"date":"2025-01-01T20:56:43","date_gmt":"2025-01-10T22:55:12","guid":{"rendered":"https:\/\/staging.nbg.eu\/product\/area-419-ruger-american-short-action-scope-base\/"},"modified":"2025-01-10T22:56:59","modified_gmt":"2025-01-10T22:56:59","slug":"area-419-ruger-american-isas-darbibas-temekla-pamatne","status":"publish","type":"product","link":"https:\/\/staging.nbg.eu\/lv\/product\/area-419-ruger-american-isas-darbibas-temekla-pamatne\/","title":{"rendered":"Area 419 &#8211; Ruger American Isas Darbibas Temekla Pamatne"},"content":{"rendered":"<div class=\"product-description\">\n<h2>Area 419 &#8211; Ruger American \u012bs\u0101s darb\u012bbas optisk\u0101 t\u0113mek\u013ca pamatne<\/h2>\n<p>Ruger American \u0161autenes optisk\u0101 t\u0113mek\u013ca pamatne. Izgatavota no viena T7075 alum\u012bnija gabala, \u0161\u012b pamatne ir:<\/p>\n<ul>\n<li>Izgatavota uz vietas prec\u012bzam piel\u0101gojumam<\/li>\n<li>Iztur\u012bga<\/li>\n<li>III tipa meln\u0101 ciet\u0101 anod\u0113ta<\/li>\n<li>Izstr\u0101d\u0101ta ar 20MOA sl\u012bpumu t\u0101l\u0101kiem \u0161\u0101vieniem<\/li>\n<\/ul>\n<p>Iek\u013cauta uzgrie\u017e\u0146u atsl\u0113ga skr\u016bvju pievilk\u0161anai (ieteicams: 15 collas\/m\u0101rci\u0146a). Paredz\u0113ta t\u0101l\u0101s distances \u0161au\u0161anai.<\/p>\n<h3>Specifik\u0101cijas:<\/h3>\n<ul>\n<li>Svars: 0,2 m\u0101rci\u0146as<\/li>\n<li>Izm\u0113ri: 8,5 \u00d7 1 \u00d7 1 collas<\/li>\n<li>Ra\u017eot\u0101js: Area 419<\/li>\n<li>Izm\u0113rs: 20MOA<\/li>\n<\/ul>\n<\/div>\n","protected":false},"excerpt":{"rendered":"<p>Prec\u012bzi izstr\u0101d\u0101ta 20MOA optisk\u0101 t\u0113mek\u013ca pamatne Ruger American \u0161auten\u0113m.<\/p>\n","protected":false},"featured_media":112126,"template":"","meta":{"_acf_changed":false},"product_brand":[11043],"product_cat":[13827,13775,390],"product_tag":[],"class_list":{"0":"post-141596","1":"product","2":"type-product","3":"status-publish","4":"has-post-thumbnail","6":"product_brand-area-419","7":"product_cat-sautene","8":"product_cat-sliedes","9":"product_cat-aiming","11":"first","12":"instock","13":"taxable","14":"shipping-taxable","15":"purchasable","16":"product-type-simple"},"acf":[],"_links":{"self":[{"href":"https:\/\/staging.nbg.eu\/lv\/wp-json\/wp\/v2\/product\/141596","targetHints":{"allow":["GET"]}}],"collection":[{"href":"https:\/\/staging.nbg.eu\/lv\/wp-json\/wp\/v2\/product"}],"about":[{"href":"https:\/\/staging.nbg.eu\/lv\/wp-json\/wp\/v2\/types\/product"}],"wp:featuredmedia":[{"embeddable":true,"href":"https:\/\/staging.nbg.eu\/lv\/wp-json\/wp\/v2\/media\/112126"}],"wp:attachment":[{"href":"https:\/\/staging.nbg.eu\/lv\/wp-json\/wp\/v2\/media?parent=141596"}],"wp:term":[{"taxonomy":"product_brand","embeddable":true,"href":"https:\/\/staging.nbg.eu\/lv\/wp-json\/wp\/v2\/product_brand?post=141596"},{"taxonomy":"product_cat","embeddable":true,"href":"https:\/\/staging.nbg.eu\/lv\/wp-json\/wp\/v2\/product_cat?post=141596"},{"taxonomy":"product_tag","embeddable":true,"href":"https:\/\/staging.nbg.eu\/lv\/wp-json\/wp\/v2\/product_tag?post=141596"}],"curies":[{"name":"wp","href":"https:\/\/api.w.org\/{rel}","templated":true}]}}