{"id":141486,"date":"2025-01-04T07:53:30","date_gmt":"2025-01-10T22:37:20","guid":{"rendered":"https:\/\/staging.nbg.eu\/product\/area-419-s-m-a-l-single-mlok-arcalock-rail\/"},"modified":"2025-01-10T22:39:08","modified_gmt":"2025-01-10T22:39:08","slug":"area-419-smal-viena-mlok-arcalock-sliede","status":"publish","type":"product","link":"https:\/\/staging.nbg.eu\/lv\/product\/area-419-smal-viena-mlok-arcalock-sliede\/","title":{"rendered":"Area 419 &#8211; S.M.A.L. &#8211; Viena MLOK ARCALOCK Sliede"},"content":{"rendered":"<div class=\"product-description\">\n<h2>Area 419 &#8211; S.M.A.L. &#8211; Viena MLOK ARCALOCK sliede<\/h2>\n<p>S.M.A.L. (Viena MLOK ARCALOCK) sliede ir piem\u0113rota t\u0101lm\u0113ru, binok\u013cu, nov\u0113rot\u0101ju un SBR uzst\u0101d\u012b\u0161anai ar minim\u0101lu izm\u0113ru.<\/p>\n<ul>\n<li>MLOK stiprin\u0101juma punkti ar iek\u013cautu aparat\u016bru<\/li>\n<li>Centr\u0101lais 1\/4-20 stiprin\u0101juma punkts (aparat\u016bra iek\u013cauta)<\/li>\n<li>Fr\u0113z\u0113ts Amerik\u0101 no 6061-T6 alum\u012bnija<\/li>\n<li>Melna ciet\u0101 anod\u0113ta apdare<\/li>\n<\/ul>\n<h3>Specifik\u0101cijas:<\/h3>\n<ul>\n<li>Svars: 0,4 m\u0101rci\u0146as<\/li>\n<li>Izm\u0113ri: 6 \u00d7 4 \u00d7 1 collas<\/li>\n<\/ul>\n<p>S.M.A.L. sliede nodro\u0161ina daudzpus\u012bgu stiprin\u0101juma risin\u0101jumu j\u016bsu prec\u012bzijas apr\u012bkojumam.<\/p>\n<\/div>\n","protected":false},"excerpt":{"rendered":"<p>Kompakta MLOK ARCALOCK sliede daudzpus\u012bgai stiprin\u0101\u0161anai. Ra\u017eota ASV no 6061-T6 alum\u012bnija.<\/p>\n","protected":false},"featured_media":115744,"template":"","meta":{"_acf_changed":false},"product_brand":[11043],"product_cat":[13827,13775,390],"product_tag":[],"class_list":{"0":"post-141486","1":"product","2":"type-product","3":"status-publish","4":"has-post-thumbnail","6":"product_brand-area-419","7":"product_cat-sautene","8":"product_cat-sliedes","9":"product_cat-aiming","11":"first","12":"instock","13":"taxable","14":"shipping-taxable","15":"purchasable","16":"product-type-simple"},"acf":[],"_links":{"self":[{"href":"https:\/\/staging.nbg.eu\/lv\/wp-json\/wp\/v2\/product\/141486","targetHints":{"allow":["GET"]}}],"collection":[{"href":"https:\/\/staging.nbg.eu\/lv\/wp-json\/wp\/v2\/product"}],"about":[{"href":"https:\/\/staging.nbg.eu\/lv\/wp-json\/wp\/v2\/types\/product"}],"wp:featuredmedia":[{"embeddable":true,"href":"https:\/\/staging.nbg.eu\/lv\/wp-json\/wp\/v2\/media\/115744"}],"wp:attachment":[{"href":"https:\/\/staging.nbg.eu\/lv\/wp-json\/wp\/v2\/media?parent=141486"}],"wp:term":[{"taxonomy":"product_brand","embeddable":true,"href":"https:\/\/staging.nbg.eu\/lv\/wp-json\/wp\/v2\/product_brand?post=141486"},{"taxonomy":"product_cat","embeddable":true,"href":"https:\/\/staging.nbg.eu\/lv\/wp-json\/wp\/v2\/product_cat?post=141486"},{"taxonomy":"product_tag","embeddable":true,"href":"https:\/\/staging.nbg.eu\/lv\/wp-json\/wp\/v2\/product_tag?post=141486"}],"curies":[{"name":"wp","href":"https:\/\/api.w.org\/{rel}","templated":true}]}}