{"id":141384,"date":"2025-01-04T07:20:19","date_gmt":"2025-01-10T22:32:51","guid":{"rendered":"https:\/\/staging.nbg.eu\/product\/area-419-arcalock-clamp\/"},"modified":"2025-01-10T22:34:40","modified_gmt":"2025-01-10T22:34:40","slug":"area-419-arcalock-skava","status":"publish","type":"product","link":"https:\/\/staging.nbg.eu\/lv\/product\/area-419-arcalock-skava\/","title":{"rendered":"Area 419 &#8211; ARCALOCK Skava"},"content":{"rendered":"<div class=\"product-description\">\n<h2>Area 419 &#8211; ARCALOCK skava<\/h2>\n<p>ARCALOCK skava no Area 419 darbojas ar vis\u0101m standarta ARCA\/1,5&#8243; bezdel\u012bgastes slied\u0113m, nodro\u0161inot meh\u0101niski fiks\u0113tu risin\u0101jumu.<\/p>\n<ul>\n<li>Divu posmu skr\u016bves dizains \u0101trai kust\u012bbai un papildu griezes momentam<\/li>\n<li>Sader\u012bga ar Atlas divk\u0101jiem un piel\u0101gojama Harris divk\u0101jiem<\/li>\n<li>Var izmantot k\u0101 barjeras aizturi<\/li>\n<li>Sader\u012bga ar standarta ARCA slied\u0113m<\/li>\n<li>Izgatavota no 6061-T6 alum\u012bnija ar III tipa ciet\u0101s anod\u0113\u0161anas p\u0101rkl\u0101jumu<\/li>\n<li>Svars 72,5 grami<\/li>\n<\/ul>\n<p>Area 419 ARCALOCK skava ir uzlabojums prec\u012bzijas \u0161aute\u0146u apr\u012bkojumam.<\/p>\n<\/div>\n","protected":false},"excerpt":{"rendered":"<p>Dro\u0161s ARCA stiprin\u0101jums ar fiks\u0101cijas meh\u0101nismu prec\u012bzijas \u0161auten\u0113m.<\/p>\n","protected":false},"featured_media":115251,"template":"","meta":{"_acf_changed":false},"product_brand":[11043],"product_cat":[13827,13775],"product_tag":[],"class_list":{"0":"post-141384","1":"product","2":"type-product","3":"status-publish","4":"has-post-thumbnail","6":"product_brand-area-419","7":"product_cat-sautene","8":"product_cat-sliedes","10":"first","11":"instock","12":"taxable","13":"shipping-taxable","14":"purchasable","15":"product-type-simple"},"acf":[],"_links":{"self":[{"href":"https:\/\/staging.nbg.eu\/lv\/wp-json\/wp\/v2\/product\/141384","targetHints":{"allow":["GET"]}}],"collection":[{"href":"https:\/\/staging.nbg.eu\/lv\/wp-json\/wp\/v2\/product"}],"about":[{"href":"https:\/\/staging.nbg.eu\/lv\/wp-json\/wp\/v2\/types\/product"}],"wp:featuredmedia":[{"embeddable":true,"href":"https:\/\/staging.nbg.eu\/lv\/wp-json\/wp\/v2\/media\/115251"}],"wp:attachment":[{"href":"https:\/\/staging.nbg.eu\/lv\/wp-json\/wp\/v2\/media?parent=141384"}],"wp:term":[{"taxonomy":"product_brand","embeddable":true,"href":"https:\/\/staging.nbg.eu\/lv\/wp-json\/wp\/v2\/product_brand?post=141384"},{"taxonomy":"product_cat","embeddable":true,"href":"https:\/\/staging.nbg.eu\/lv\/wp-json\/wp\/v2\/product_cat?post=141384"},{"taxonomy":"product_tag","embeddable":true,"href":"https:\/\/staging.nbg.eu\/lv\/wp-json\/wp\/v2\/product_tag?post=141384"}],"curies":[{"name":"wp","href":"https:\/\/api.w.org\/{rel}","templated":true}]}}