{"id":141266,"date":"2025-01-04T07:26:25","date_gmt":"2025-01-10T21:46:11","guid":{"rendered":"https:\/\/staging.nbg.eu\/product\/area-419-arcalock-clamp-black\/"},"modified":"2025-01-10T21:47:59","modified_gmt":"2025-01-10T21:47:59","slug":"area-419-arcalock-skava-melna","status":"publish","type":"product","link":"https:\/\/staging.nbg.eu\/lv\/product\/area-419-arcalock-skava-melna\/","title":{"rendered":"Area 419 &#8211; ARCALOCK Skava melna"},"content":{"rendered":"<div class=\"product-description\">\n<h2>Area 419 &#8211; ARCALOCK skava (Melna)<\/h2>\n<p>\u0160\u012b skava darbojas uz vis\u0101m standarta ARCA\/1,5&#8243; bezdel\u012bgastes slied\u0113m, nodro\u0161inot meh\u0101niski fiks\u0113tu risin\u0101jumu.<\/p>\n<ul>\n<li>Divu pak\u0101pju skr\u016bves dizains \u0101trai kust\u012bbai un papildu griezes momentam<\/li>\n<li>Sader\u012bga ar Atlas bipodam un piel\u0101gojama Harris bipodam<\/li>\n<li>Atpaka\u013csader\u012bga ar standarta ARCA slied\u0113m<\/li>\n<li>Izgatavota no 6061-T6 alum\u012bnija ar III tipa melnu anod\u0113tu apdari<\/li>\n<li>303 ner\u016bs\u0113jo\u0161\u0101 t\u0113rauda skr\u016bve<\/li>\n<li>Svars: 72,5 grami<\/li>\n<\/ul>\n<p>Area 419 ARCALOCK skava ir izstr\u0101d\u0101ta un ra\u017eota ASV.<\/p>\n<\/div>\n","protected":false},"excerpt":{"rendered":"<p>Dro\u0161s ARCA sliedes stiprin\u0101jums ar melnu pogu prec\u012bzijas \u0161auten\u0113m.<\/p>\n","protected":false},"featured_media":115375,"template":"","meta":{"_acf_changed":false},"product_brand":[11043],"product_cat":[13827,13775,390],"product_tag":[],"class_list":{"0":"post-141266","1":"product","2":"type-product","3":"status-publish","4":"has-post-thumbnail","6":"product_brand-area-419","7":"product_cat-sautene","8":"product_cat-sliedes","9":"product_cat-aiming","11":"first","12":"instock","13":"taxable","14":"shipping-taxable","15":"purchasable","16":"product-type-simple"},"acf":[],"_links":{"self":[{"href":"https:\/\/staging.nbg.eu\/lv\/wp-json\/wp\/v2\/product\/141266","targetHints":{"allow":["GET"]}}],"collection":[{"href":"https:\/\/staging.nbg.eu\/lv\/wp-json\/wp\/v2\/product"}],"about":[{"href":"https:\/\/staging.nbg.eu\/lv\/wp-json\/wp\/v2\/types\/product"}],"wp:featuredmedia":[{"embeddable":true,"href":"https:\/\/staging.nbg.eu\/lv\/wp-json\/wp\/v2\/media\/115375"}],"wp:attachment":[{"href":"https:\/\/staging.nbg.eu\/lv\/wp-json\/wp\/v2\/media?parent=141266"}],"wp:term":[{"taxonomy":"product_brand","embeddable":true,"href":"https:\/\/staging.nbg.eu\/lv\/wp-json\/wp\/v2\/product_brand?post=141266"},{"taxonomy":"product_cat","embeddable":true,"href":"https:\/\/staging.nbg.eu\/lv\/wp-json\/wp\/v2\/product_cat?post=141266"},{"taxonomy":"product_tag","embeddable":true,"href":"https:\/\/staging.nbg.eu\/lv\/wp-json\/wp\/v2\/product_tag?post=141266"}],"curies":[{"name":"wp","href":"https:\/\/api.w.org\/{rel}","templated":true}]}}