{"id":140972,"date":"2025-01-04T08:28:27","date_gmt":"2025-01-04T08:28:27","guid":{"rendered":"https:\/\/staging.nbg.eu\/product\/area-419-arcalock-dual-clamp-with-picatinny\/"},"modified":"2025-01-10T19:10:01","modified_gmt":"2025-01-10T19:10:01","slug":"area-419-arcalock-dubulta-skava-ar-picatinny","status":"publish","type":"product","link":"https:\/\/staging.nbg.eu\/lv\/product\/area-419-arcalock-dubulta-skava-ar-picatinny\/","title":{"rendered":"Area 419 &#8211; ARCALOCK Dubulta Skava ar Picatinny"},"content":{"rendered":"<div class=\"product-description\">\n<h2>Area 419 &#8211; ARCALOCK dubultskava ar Picatinny<\/h2>\n<p>\u0160\u012b skava pied\u0101v\u0101 div\u0113j\u0101du funkcionalit\u0101ti ARCALOCK un Picatinny slied\u0113m. T\u0101 ir izgatavota ASV.<\/p>\n<ul>\n<li>Regul\u0113jams spriegojums ab\u0101m virsm\u0101m<\/li>\n<li>&#8220;Iesl\u0113gt\/Izsl\u0113gt&#8221; ARCALOCK sl\u0113dzis sader\u012bbai ar da\u017e\u0101diem ra\u017eot\u0101jiem<\/li>\n<li>R\u016bd\u012bta t\u0113rauda komponenti Picatinny stiprin\u0101jumam<\/li>\n<li>ARMS 17S stiprin\u0101jums izmanto\u0161anai ar bipodi\u0146iem<\/li>\n<\/ul>\n<p>Izgatavota no 6061-T6 alum\u012bnija un ner\u016bs\u0113jo\u0161\u0101 t\u0113rauda, svars 1,25 m\u0101rci\u0146as, izm\u0113ri 6&#8243; \u00d7 3,5&#8243; \u00d7 2&#8243;. Piem\u0113rota vid\u0113ja un gara diapazona \u0161au\u0161anai.<\/p>\n<p><strong>Piez\u012bme:<\/strong> Nav sader\u012bga ar vis\u0101m Area 419 ARCALOCK ier\u012bc\u0113m, ieskaitot Garmin XERO Arms un RailChanger X.<\/p>\n<\/div>\n","protected":false},"excerpt":{"rendered":"<p>Daudzpus\u012bgs ARCALOCK\/Picatinny stiprin\u0101jums prec\u012bzai \u0161au\u0161anai.<\/p>\n","protected":false},"featured_media":115954,"template":"","meta":{"_acf_changed":false},"product_brand":[11043],"product_cat":[13827,13775],"product_tag":[],"class_list":{"0":"post-140972","1":"product","2":"type-product","3":"status-publish","4":"has-post-thumbnail","6":"product_brand-area-419","7":"product_cat-sautene","8":"product_cat-sliedes","10":"first","11":"outofstock","12":"taxable","13":"shipping-taxable","14":"purchasable","15":"product-type-simple"},"acf":[],"_links":{"self":[{"href":"https:\/\/staging.nbg.eu\/lv\/wp-json\/wp\/v2\/product\/140972","targetHints":{"allow":["GET"]}}],"collection":[{"href":"https:\/\/staging.nbg.eu\/lv\/wp-json\/wp\/v2\/product"}],"about":[{"href":"https:\/\/staging.nbg.eu\/lv\/wp-json\/wp\/v2\/types\/product"}],"wp:featuredmedia":[{"embeddable":true,"href":"https:\/\/staging.nbg.eu\/lv\/wp-json\/wp\/v2\/media\/115954"}],"wp:attachment":[{"href":"https:\/\/staging.nbg.eu\/lv\/wp-json\/wp\/v2\/media?parent=140972"}],"wp:term":[{"taxonomy":"product_brand","embeddable":true,"href":"https:\/\/staging.nbg.eu\/lv\/wp-json\/wp\/v2\/product_brand?post=140972"},{"taxonomy":"product_cat","embeddable":true,"href":"https:\/\/staging.nbg.eu\/lv\/wp-json\/wp\/v2\/product_cat?post=140972"},{"taxonomy":"product_tag","embeddable":true,"href":"https:\/\/staging.nbg.eu\/lv\/wp-json\/wp\/v2\/product_tag?post=140972"}],"curies":[{"name":"wp","href":"https:\/\/api.w.org\/{rel}","templated":true}]}}