{"id":140865,"date":"2025-01-04T07:33:44","date_gmt":"2025-01-10T19:01:33","guid":{"rendered":"https:\/\/staging.nbg.eu\/product\/area-419-arcalock-qd-clamp\/"},"modified":"2025-01-10T19:03:24","modified_gmt":"2025-01-10T19:03:24","slug":"area-419-arcalock-qd-skava","status":"publish","type":"product","link":"https:\/\/staging.nbg.eu\/lv\/product\/area-419-arcalock-qd-skava\/","title":{"rendered":"Area 419 &#8211; ARCALOCK QD Skava"},"content":{"rendered":"<div class=\"product-description\">\n<h2>Area 419 &#8211; ARCALOCK QD skava<\/h2>\n<p>ARCALOCK QD skava darbojas uz vis\u0101m standarta ARCA\/1,5&#8243; bezdel\u012bgastes slied\u0113m, pied\u0101v\u0101jot meh\u0101niski blo\u0137\u0113tu risin\u0101jumu uzlabotai stabilit\u0101tei.<\/p>\n<ul>\n<li>Divu pak\u0101pju skr\u016bves dizains \u0101trai kust\u012bbai un papildu griezes momentam<\/li>\n<li>Sader\u012bga ar Atlas divk\u0101jiem un piel\u0101gojama Harris divk\u0101jiem<\/li>\n<li>Atpaka\u013csader\u012bga ar standarta ARCA slied\u0113m<\/li>\n<li>Izgatavota no 6061-T6 alum\u012bnija ar III tipa melno anod\u0113\u0161anu<\/li>\n<li>303 ner\u016bs\u0113jo\u0161\u0101 t\u0113rauda skr\u016bve iztur\u012bbai<\/li>\n<li>Viegla, tikai 72,5 grami<\/li>\n<\/ul>\n<p>ARCALOCK QD skava ir izstr\u0101d\u0101ta un ra\u017eota ASV, Area 419.<\/p>\n<\/div>\n","protected":false},"excerpt":{"rendered":"<p>\u0100tri no\u0146emams ARCA skava ar fiks\u0101cijas meh\u0101nismu dro\u0161ai uzst\u0101d\u012b\u0161anai.<\/p>\n","protected":false},"featured_media":115497,"template":"","meta":{"_acf_changed":false},"product_brand":[11043],"product_cat":[13827,13775,390],"product_tag":[],"class_list":{"0":"post-140865","1":"product","2":"type-product","3":"status-publish","4":"has-post-thumbnail","6":"product_brand-area-419","7":"product_cat-sautene","8":"product_cat-sliedes","9":"product_cat-aiming","11":"first","12":"instock","13":"taxable","14":"shipping-taxable","15":"purchasable","16":"product-type-simple"},"acf":[],"_links":{"self":[{"href":"https:\/\/staging.nbg.eu\/lv\/wp-json\/wp\/v2\/product\/140865","targetHints":{"allow":["GET"]}}],"collection":[{"href":"https:\/\/staging.nbg.eu\/lv\/wp-json\/wp\/v2\/product"}],"about":[{"href":"https:\/\/staging.nbg.eu\/lv\/wp-json\/wp\/v2\/types\/product"}],"wp:featuredmedia":[{"embeddable":true,"href":"https:\/\/staging.nbg.eu\/lv\/wp-json\/wp\/v2\/media\/115497"}],"wp:attachment":[{"href":"https:\/\/staging.nbg.eu\/lv\/wp-json\/wp\/v2\/media?parent=140865"}],"wp:term":[{"taxonomy":"product_brand","embeddable":true,"href":"https:\/\/staging.nbg.eu\/lv\/wp-json\/wp\/v2\/product_brand?post=140865"},{"taxonomy":"product_cat","embeddable":true,"href":"https:\/\/staging.nbg.eu\/lv\/wp-json\/wp\/v2\/product_cat?post=140865"},{"taxonomy":"product_tag","embeddable":true,"href":"https:\/\/staging.nbg.eu\/lv\/wp-json\/wp\/v2\/product_tag?post=140865"}],"curies":[{"name":"wp","href":"https:\/\/api.w.org\/{rel}","templated":true}]}}