{"id":140756,"date":"2025-01-04T10:50:43","date_gmt":"2025-01-04T10:50:43","guid":{"rendered":"https:\/\/staging.nbg.eu\/product\/area-419-mlok-nut-and-screw-set\/"},"modified":"2025-01-10T18:39:20","modified_gmt":"2025-01-10T18:39:20","slug":"area-419-mlok-uzgrieznu-un-skruvju-komplekts","status":"publish","type":"product","link":"https:\/\/staging.nbg.eu\/lv\/product\/area-419-mlok-uzgrieznu-un-skruvju-komplekts\/","title":{"rendered":"Area 419 &#8211; MLOK Uzgrieznu un Skruvju Komplekts"},"content":{"rendered":"<div class=\"product-description\">\n<h2>Area 419 &#8211; MLOK uzgrieznis un skr\u016bvju komplekts<\/h2>\n<p>Area 419 MLOK uzgrieznis un skr\u016bvju komplekts M-LOK aksesu\u0101riem. \u0160is aparat\u016bras komplekts nodro\u0161ina dro\u0161u stiprin\u0101jumu vis\u0101m M-LOK sader\u012bg\u0101m ier\u012bc\u0113m.<\/p>\n<h3>Galven\u0101s iez\u012bmes:<\/h3>\n<ul>\n<li>Iek\u013cauti 4 MLOK uzgrie\u017e\u0146i un 4 skr\u016bves<\/li>\n<li>Izgatavots no 4140 Chromoly t\u0113rauda<\/li>\n<li>Mil-Spec mang\u0101na fosf\u0101ta p\u0101rkl\u0101jums aizsardz\u012bbai pret koroziju<\/li>\n<li>Sader\u012bgs ar visiem M-LOK aksesu\u0101riem<\/li>\n<li>Izstr\u0101d\u0101ts prec\u012bzai sader\u012bbai un funkcijai<\/li>\n<\/ul>\n<h3>Specifik\u0101cijas:<\/h3>\n<ul>\n<li>Svars: 0,1 m\u0101rci\u0146as<\/li>\n<li>Izm\u0113ri: 0,3 \u00d7 0,3 \u00d7 0,3 collas<\/li>\n<\/ul>\n<p>M-LOK T-uzgrie\u017e\u0146u nomai\u0146as komplekts. Area 419 produkts ilgsto\u0161ai lieto\u0161anai.<\/p>\n<\/div>\n","protected":false},"excerpt":{"rendered":"<p>4140 t\u0113rauda M-LOK stiprin\u0101jumu komplekts: 4 uzgrie\u017e\u0146i, 4 skr\u016bves. Milit\u0101r\u0101s specifik\u0101cijas apdare.<\/p>\n","protected":false},"featured_media":117742,"template":"","meta":{"_acf_changed":false},"product_brand":[11043],"product_cat":[13827,13775],"product_tag":[],"class_list":{"0":"post-140756","1":"product","2":"type-product","3":"status-publish","4":"has-post-thumbnail","6":"product_brand-area-419","7":"product_cat-sautene","8":"product_cat-sliedes","10":"first","11":"instock","12":"taxable","13":"shipping-taxable","14":"purchasable","15":"product-type-simple"},"acf":[],"_links":{"self":[{"href":"https:\/\/staging.nbg.eu\/lv\/wp-json\/wp\/v2\/product\/140756","targetHints":{"allow":["GET"]}}],"collection":[{"href":"https:\/\/staging.nbg.eu\/lv\/wp-json\/wp\/v2\/product"}],"about":[{"href":"https:\/\/staging.nbg.eu\/lv\/wp-json\/wp\/v2\/types\/product"}],"wp:featuredmedia":[{"embeddable":true,"href":"https:\/\/staging.nbg.eu\/lv\/wp-json\/wp\/v2\/media\/117742"}],"wp:attachment":[{"href":"https:\/\/staging.nbg.eu\/lv\/wp-json\/wp\/v2\/media?parent=140756"}],"wp:term":[{"taxonomy":"product_brand","embeddable":true,"href":"https:\/\/staging.nbg.eu\/lv\/wp-json\/wp\/v2\/product_brand?post=140756"},{"taxonomy":"product_cat","embeddable":true,"href":"https:\/\/staging.nbg.eu\/lv\/wp-json\/wp\/v2\/product_cat?post=140756"},{"taxonomy":"product_tag","embeddable":true,"href":"https:\/\/staging.nbg.eu\/lv\/wp-json\/wp\/v2\/product_tag?post=140756"}],"curies":[{"name":"wp","href":"https:\/\/api.w.org\/{rel}","templated":true}]}}