{"id":140572,"date":"2025-01-04T07:09:46","date_gmt":"2025-01-10T17:48:46","guid":{"rendered":"https:\/\/staging.nbg.eu\/product\/area-419-arcalock-arm-for-garmin-xero\/"},"modified":"2025-01-10T17:50:49","modified_gmt":"2025-01-10T17:50:49","slug":"area-419-arcalock-turetajs-garmin-xero","status":"publish","type":"product","link":"https:\/\/staging.nbg.eu\/lv\/product\/area-419-arcalock-turetajs-garmin-xero\/","title":{"rendered":"Area 419 &#8211; ARCALOCK Turetajs Garmin Xero"},"content":{"rendered":"<div class=\"product-description\">\n<h2>Area 419 &#8211; ARCALOCK rokturis Garmin Xero C1<\/h2>\n<p>ARCALOCK rokturis Garmin Xero C1 nodro\u0161ina vair\u0101kas mont\u0101\u017eas iesp\u0113jas:<\/p>\n<ul>\n<li>L\u012bnij\u0101 ar stobru (d\u0113l\u012b\u0161a vai s\u0101nu stiprin\u0101jums)<\/li>\n<li>Ar nob\u012bdi, izmantojot ARCA sliedi vai pagarin\u0101tu pic sliedi<\/li>\n<li>No\u0146emams lieto\u0161anai ar jebkuru ARCA sader\u012bgu trijk\u0101ji<\/li>\n<\/ul>\n<p>Izgatavots no alum\u012bnija, \u0161im rokturim ir 17S stiprin\u0101juma sh\u0113ma, kas ir sader\u012bga ar m\u016bsu Arcalock skav\u0101m vai QD picatinny sviras skavu. Papildin\u0101jums Garmin Xero C1 hronogr\u0101fam.<\/p>\n<h3>Specifik\u0101cijas:<\/h3>\n<ul>\n<li>Svars: 0,45 kg<\/li>\n<li>Izm\u0113ri: 15,24 cm \u00d7 10,16 cm \u00d7 2,54 cm<\/li>\n<\/ul>\n<\/div>\n","protected":false},"excerpt":{"rendered":"<p>Daudzpus\u012bgs stiprin\u0101jums Garmin Xero C1: Sader\u012bgs ar stobru, sliedi vai trijk\u0101ji.<\/p>\n","protected":false},"featured_media":114885,"template":"","meta":{"_acf_changed":false},"product_brand":[11043],"product_cat":[13827,13775],"product_tag":[],"class_list":{"0":"post-140572","1":"product","2":"type-product","3":"status-publish","4":"has-post-thumbnail","6":"product_brand-area-419","7":"product_cat-sautene","8":"product_cat-sliedes","10":"first","11":"instock","12":"taxable","13":"shipping-taxable","14":"purchasable","15":"product-type-variable","16":"wvs-archive-product-wrapper"},"acf":[],"_links":{"self":[{"href":"https:\/\/staging.nbg.eu\/lv\/wp-json\/wp\/v2\/product\/140572","targetHints":{"allow":["GET"]}}],"collection":[{"href":"https:\/\/staging.nbg.eu\/lv\/wp-json\/wp\/v2\/product"}],"about":[{"href":"https:\/\/staging.nbg.eu\/lv\/wp-json\/wp\/v2\/types\/product"}],"wp:featuredmedia":[{"embeddable":true,"href":"https:\/\/staging.nbg.eu\/lv\/wp-json\/wp\/v2\/media\/114885"}],"wp:attachment":[{"href":"https:\/\/staging.nbg.eu\/lv\/wp-json\/wp\/v2\/media?parent=140572"}],"wp:term":[{"taxonomy":"product_brand","embeddable":true,"href":"https:\/\/staging.nbg.eu\/lv\/wp-json\/wp\/v2\/product_brand?post=140572"},{"taxonomy":"product_cat","embeddable":true,"href":"https:\/\/staging.nbg.eu\/lv\/wp-json\/wp\/v2\/product_cat?post=140572"},{"taxonomy":"product_tag","embeddable":true,"href":"https:\/\/staging.nbg.eu\/lv\/wp-json\/wp\/v2\/product_tag?post=140572"}],"curies":[{"name":"wp","href":"https:\/\/api.w.org\/{rel}","templated":true}]}}