{"id":140308,"date":"2025-01-04T04:41:18","date_gmt":"2025-01-10T15:16:21","guid":{"rendered":"https:\/\/staging.nbg.eu\/product\/area-419-arcalock-12-m-lok-dovetail-rail\/"},"modified":"2025-01-10T15:18:22","modified_gmt":"2025-01-10T15:18:22","slug":"area-419-arcalock-12-m-lok-peleka-sliede","status":"publish","type":"product","link":"https:\/\/staging.nbg.eu\/lv\/product\/area-419-arcalock-12-m-lok-peleka-sliede\/","title":{"rendered":"Area 419 &#8211; ARCALOCK 12&#8243; M-LOK Peleka Sliede"},"content":{"rendered":"<div class=\"product-description\">\n<h2>Area 419 &#8211; ARCALOCK 12&#8243; M-LOK Dovetail sliede<\/h2>\n<p>ARCALOCK 12&#8243; M-LOK Dovetail sliede no Area 419. \u0160ai slie\u017eu sist\u0113mai ir \u0161\u0101das \u012bpa\u0161\u012bbas:<\/p>\n<ul>\n<li>Rievot\u0101s sliedes malas meh\u0101niskai fiks\u0101cijai ar Area 419 skav\u0101m<\/li>\n<li>Savietojam\u012bba ar standarta Arca piederumiem<\/li>\n<li>12&#8243; garums<\/li>\n<li>Svars 4.1 unces<\/li>\n<li>Sader\u012bba ar RRS 1.5&#8243; Dovetail standartu<\/li>\n<li>Nosl\u012bp\u0113tas malas un noapa\u013coti st\u016bri<\/li>\n<li>3. tipa ciet\u0101 anod\u0113t\u0101 apdare<\/li>\n<li>Ra\u017eots ASV no 6061-T6 alum\u012bnija<\/li>\n<li>M-LOK atveres apak\u0161pus\u0113 papildu stiprin\u0101jumiem<\/li>\n<\/ul>\n<p>ARCALOCK sliede nodro\u0161ina stabilit\u0101ti un daudzpus\u012bbu. T\u0101 ir paredz\u0113ta, lai nov\u0113rstu sl\u012bd\u0113\u0161anu zem spiediena. Komplekt\u0101 ietilpst viss nepiecie\u0161amais M-LOK stiprin\u0101juma apr\u012bkojums.<\/p>\n<p><strong>Piez\u012bme:<\/strong> Nepiecie\u0161amas 6 sec\u012bgas MLOK atveres stiprin\u0101\u0161anai. Aizmugur\u0113jais sl\u012bpais barjeras aizturis tiek p\u0101rdots atsevi\u0161\u0137i.<\/p>\n<\/div>\n","protected":false},"excerpt":{"rendered":"<p>Blo\u0137\u0113jo\u0161a 12&#8243; ARCA sliede ar M-LOK slotiem. Robotas malas, viegla, iztur\u012bga.<\/p>\n","protected":false},"featured_media":112414,"template":"","meta":{"_acf_changed":false},"product_brand":[11043],"product_cat":[13827,13775,390],"product_tag":[],"class_list":{"0":"post-140308","1":"product","2":"type-product","3":"status-publish","4":"has-post-thumbnail","6":"product_brand-area-419","7":"product_cat-sautene","8":"product_cat-sliedes","9":"product_cat-aiming","11":"first","12":"instock","13":"taxable","14":"shipping-taxable","15":"purchasable","16":"product-type-variable","17":"wvs-archive-product-wrapper"},"acf":[],"_links":{"self":[{"href":"https:\/\/staging.nbg.eu\/lv\/wp-json\/wp\/v2\/product\/140308","targetHints":{"allow":["GET"]}}],"collection":[{"href":"https:\/\/staging.nbg.eu\/lv\/wp-json\/wp\/v2\/product"}],"about":[{"href":"https:\/\/staging.nbg.eu\/lv\/wp-json\/wp\/v2\/types\/product"}],"wp:featuredmedia":[{"embeddable":true,"href":"https:\/\/staging.nbg.eu\/lv\/wp-json\/wp\/v2\/media\/112414"}],"wp:attachment":[{"href":"https:\/\/staging.nbg.eu\/lv\/wp-json\/wp\/v2\/media?parent=140308"}],"wp:term":[{"taxonomy":"product_brand","embeddable":true,"href":"https:\/\/staging.nbg.eu\/lv\/wp-json\/wp\/v2\/product_brand?post=140308"},{"taxonomy":"product_cat","embeddable":true,"href":"https:\/\/staging.nbg.eu\/lv\/wp-json\/wp\/v2\/product_cat?post=140308"},{"taxonomy":"product_tag","embeddable":true,"href":"https:\/\/staging.nbg.eu\/lv\/wp-json\/wp\/v2\/product_tag?post=140308"}],"curies":[{"name":"wp","href":"https:\/\/api.w.org\/{rel}","templated":true}]}}