{"id":139862,"date":"2025-01-04T06:50:31","date_gmt":"2025-01-10T13:08:22","guid":{"rendered":"https:\/\/staging.nbg.eu\/product\/area-419-arcalock-6-m-lok-dovetail-rail\/"},"modified":"2025-01-10T13:10:22","modified_gmt":"2025-01-10T13:10:22","slug":"area-419-arcalock-6-m-lok-para-aste-sliede","status":"publish","type":"product","link":"https:\/\/staging.nbg.eu\/lv\/product\/area-419-arcalock-6-m-lok-para-aste-sliede\/","title":{"rendered":"Area 419 &#8211; ARCALOCK 6&#8243; M-LOK para aste sliede"},"content":{"rendered":"<div class=\"product-description\">\n<h2>Area 419 &#8211; ARCALOCK 6&#8243; M-LOK bezdel\u012bgas astes sliede<\/h2>\n<p><strong>Piez\u012bme: Nepiecie\u0161amas 3 sec\u012bgas M-LOK spraugas piestiprin\u0101\u0161anai.<\/strong><\/p>\n<p>ARCALOCK bezdel\u012bgas astes slie\u017eu sist\u0113ma. \u0160\u012b 6&#8243; sliede ietver:<\/p>\n<ul>\n<li>Robotas s\u0101nu malas meh\u0101niskai fiks\u0101cijai ar Area 419 skav\u0101m<\/li>\n<li>Sader\u012bba ar standarta ARCA piederumiem<\/li>\n<li>Viegla konstrukcija, tikai 2.2 unces<\/li>\n<li>Atbilst RRS 1.5&#8243; bezdel\u012bgas astes standartam<\/li>\n<li>Nosl\u012bp\u0113tas malas un noapa\u013coti st\u016bri<\/li>\n<li>3. tipa ciet\u0101 p\u0101rkl\u0101juma anod\u0113ts 6061-T6 alum\u012bnija konstrukcija<\/li>\n<li>Ra\u017eots ASV no viet\u0113jiem materi\u0101liem<\/li>\n<\/ul>\n<p>\u0160\u012b iztur\u012bg\u0101 sliede. Iek\u013cauj visus nepiecie\u0161amos M-LOK mont\u0101\u017eas piederumus.<\/p>\n<\/div>\n","protected":false},"excerpt":{"rendered":"<p>Dro\u0161a 6 collu M-LOK bezdel\u012bgas astes sliede ar fiks\u0113jo\u0161\u0101m riev\u0101m. Ra\u017eots ASV.<\/p>\n","protected":false},"featured_media":114265,"template":"","meta":{"_acf_changed":false},"product_brand":[11043],"product_cat":[13827,13775],"product_tag":[],"class_list":{"0":"post-139862","1":"product","2":"type-product","3":"status-publish","4":"has-post-thumbnail","6":"product_brand-area-419","7":"product_cat-sautene","8":"product_cat-sliedes","10":"first","11":"instock","12":"taxable","13":"shipping-taxable","14":"purchasable","15":"product-type-variable","16":"wvs-archive-product-wrapper"},"acf":[],"_links":{"self":[{"href":"https:\/\/staging.nbg.eu\/lv\/wp-json\/wp\/v2\/product\/139862","targetHints":{"allow":["GET"]}}],"collection":[{"href":"https:\/\/staging.nbg.eu\/lv\/wp-json\/wp\/v2\/product"}],"about":[{"href":"https:\/\/staging.nbg.eu\/lv\/wp-json\/wp\/v2\/types\/product"}],"wp:featuredmedia":[{"embeddable":true,"href":"https:\/\/staging.nbg.eu\/lv\/wp-json\/wp\/v2\/media\/114265"}],"wp:attachment":[{"href":"https:\/\/staging.nbg.eu\/lv\/wp-json\/wp\/v2\/media?parent=139862"}],"wp:term":[{"taxonomy":"product_brand","embeddable":true,"href":"https:\/\/staging.nbg.eu\/lv\/wp-json\/wp\/v2\/product_brand?post=139862"},{"taxonomy":"product_cat","embeddable":true,"href":"https:\/\/staging.nbg.eu\/lv\/wp-json\/wp\/v2\/product_cat?post=139862"},{"taxonomy":"product_tag","embeddable":true,"href":"https:\/\/staging.nbg.eu\/lv\/wp-json\/wp\/v2\/product_tag?post=139862"}],"curies":[{"name":"wp","href":"https:\/\/api.w.org\/{rel}","templated":true}]}}