{"id":139585,"date":"2025-01-04T11:00:05","date_gmt":"2025-01-10T12:07:02","guid":{"rendered":"https:\/\/staging.nbg.eu\/product\/area-419-improved-bipod-picatinny-rail-ibr\/"},"modified":"2025-01-10T12:30:12","modified_gmt":"2025-01-10T12:30:12","slug":"area-419-uzlabota-divkaja-picatinny-sliede-ibr","status":"publish","type":"product","link":"https:\/\/staging.nbg.eu\/lv\/product\/area-419-uzlabota-divkaja-picatinny-sliede-ibr\/","title":{"rendered":"Area 419 &#8211; uzlabota divkaja Picatinny sliede (IBR)"},"content":{"rendered":"<div class=\"product-description\">\n<h2>Area 419 &#8211; Uzlabota Bipoda Picatinny Sliede (IBR)<\/h2>\n<p>Area 419 IBR ir 4,8 collu sliede ar 10 slotiem, kas pied\u0101v\u0101 43% vair\u0101k iesp\u0113ju nek\u0101 konkurentiem. T\u0101 sver tikai 1,09 unces.<\/p>\n<ul>\n<li>Prec\u012bzi apstr\u0101d\u0101ta ar noapa\u013cotiem st\u016briem un sl\u012bp\u0101m mal\u0101m<\/li>\n<li>Piem\u0113rota skr\u016bvju caurumu att\u0101lumam no 1,5&#8243; l\u012bdz 3,475&#8243;<\/li>\n<li>Pilna platuma izvirz\u012bjums Larue stila bipoda stiprin\u0101jumiem<\/li>\n<li>Visi sloti izmantojami neatkar\u012bgi no skr\u016bvju novietojuma<\/li>\n<li>Izgatavota no 7075-T651 alum\u012bnija<\/li>\n<li>Ra\u017eota ASV no Amerikas izcelsmes materi\u0101liem<\/li>\n<li>Iek\u013cauta mont\u0101\u017eas aparat\u016bra<\/li>\n<\/ul>\n<p>Area 419 IBR pied\u0101v\u0101 kvalit\u0101ti un funkcionalit\u0101ti.<\/p>\n<\/div>\n","protected":false},"excerpt":{"rendered":"<p>Area 419 IBR: Viegla, iztur\u012bga divk\u0101ju stat\u012bva sliede ar 10 ierobiem.<\/p>\n","protected":false},"featured_media":118178,"template":"","meta":{"_acf_changed":false},"product_brand":[11043],"product_cat":[13827,13775],"product_tag":[],"class_list":{"0":"post-139585","1":"product","2":"type-product","3":"status-publish","4":"has-post-thumbnail","6":"product_brand-area-419","7":"product_cat-sautene","8":"product_cat-sliedes","10":"first","11":"instock","12":"taxable","13":"shipping-taxable","14":"purchasable","15":"product-type-variable","16":"wvs-archive-product-wrapper"},"acf":[],"_links":{"self":[{"href":"https:\/\/staging.nbg.eu\/lv\/wp-json\/wp\/v2\/product\/139585","targetHints":{"allow":["GET"]}}],"collection":[{"href":"https:\/\/staging.nbg.eu\/lv\/wp-json\/wp\/v2\/product"}],"about":[{"href":"https:\/\/staging.nbg.eu\/lv\/wp-json\/wp\/v2\/types\/product"}],"wp:featuredmedia":[{"embeddable":true,"href":"https:\/\/staging.nbg.eu\/lv\/wp-json\/wp\/v2\/media\/118178"}],"wp:attachment":[{"href":"https:\/\/staging.nbg.eu\/lv\/wp-json\/wp\/v2\/media?parent=139585"}],"wp:term":[{"taxonomy":"product_brand","embeddable":true,"href":"https:\/\/staging.nbg.eu\/lv\/wp-json\/wp\/v2\/product_brand?post=139585"},{"taxonomy":"product_cat","embeddable":true,"href":"https:\/\/staging.nbg.eu\/lv\/wp-json\/wp\/v2\/product_cat?post=139585"},{"taxonomy":"product_tag","embeddable":true,"href":"https:\/\/staging.nbg.eu\/lv\/wp-json\/wp\/v2\/product_tag?post=139585"}],"curies":[{"name":"wp","href":"https:\/\/api.w.org\/{rel}","templated":true}]}}