{"id":139310,"date":"2025-01-04T11:28:41","date_gmt":"2025-01-04T11:28:41","guid":{"rendered":"https:\/\/staging.nbg.eu\/product\/area-419-3-inch-stackable-drop-tube\/"},"modified":"2025-01-10T10:36:22","modified_gmt":"2025-01-10T10:36:22","slug":"area-419-3-collu-sakraujama-nomesanas-caurule","status":"publish","type":"product","link":"https:\/\/staging.nbg.eu\/lv\/product\/area-419-3-collu-sakraujama-nomesanas-caurule\/","title":{"rendered":"Area 419 &#8211; 3 collu sakraujama nome\u0161anas caurule"},"content":{"rendered":"<h2>Area 419 &#8211; 3 collu saliekam\u0101 piltuves caurule<\/h2>\n<p>Area 419 3 collu saliekam\u0101 piltuves caurule paredz\u0113ta lieto\u0161anai ar ekstrud\u0113tiem pulveriem, kas \u013cauj piepild\u012bt \u010daulas piln\u012bg\u0101k nek\u0101 ar standarta metod\u0113m.<\/p>\n<h2>Galven\u0101s \u012bpa\u0161\u012bbas:<\/h2>\n<ul>\n<li>Sader\u012bga ar Area 419 main\u0101mo galvi\u0146u pulvera piltuves sist\u0113mu<\/li>\n<li>3 collu garums, saliekama p\u0113c vajadz\u012bbas<\/li>\n<li>Pie\u0146em kalibram specifiskas galvi\u0146as<\/li>\n<li>Izgatavota no 6061-T6 alum\u012bnija<\/li>\n<li>II tipa anod\u0113ts p\u0101rkl\u0101jums<\/li>\n<\/ul>\n<h2>Specifik\u0101cijas:<\/h2>\n<ul>\n<li>Svars: 0,2 m\u0101rci\u0146as<\/li>\n<li>Izm\u0113ri: 3&#8243; \u00d7 0,8&#8243; \u00d7 0,8&#8243;<\/li>\n<li>Ra\u017eot\u0101js: Area 419<\/li>\n<\/ul>\n<p>\u0160\u012b daudzpus\u012bg\u0101 un prec\u012bzi izstr\u0101d\u0101t\u0101 piltuves caurule uzlabo mun\u012bcijas p\u0101rl\u0101d\u0113\u0161anas procesu.<\/p>\n","protected":false},"excerpt":{"rendered":"<p>Sab\u012bd\u0101ma 3 collu (7,62 cm) pulvera doz\u0113\u0161anas caurule efekt\u012bvai patronu uzpild\u012b\u0161anai. Alum\u012bnija.<\/p>\n","protected":false},"featured_media":119165,"template":"","meta":{"_acf_changed":false},"product_brand":[11043],"product_cat":[13823,13777],"product_tag":[],"class_list":{"0":"post-139310","1":"product","2":"type-product","3":"status-publish","4":"has-post-thumbnail","6":"product_brand-area-419","7":"product_cat-parladesana","8":"product_cat-parladesanas-aksesuari","10":"first","11":"outofstock","12":"taxable","13":"shipping-taxable","14":"purchasable","15":"product-type-simple"},"acf":[],"_links":{"self":[{"href":"https:\/\/staging.nbg.eu\/lv\/wp-json\/wp\/v2\/product\/139310","targetHints":{"allow":["GET"]}}],"collection":[{"href":"https:\/\/staging.nbg.eu\/lv\/wp-json\/wp\/v2\/product"}],"about":[{"href":"https:\/\/staging.nbg.eu\/lv\/wp-json\/wp\/v2\/types\/product"}],"wp:featuredmedia":[{"embeddable":true,"href":"https:\/\/staging.nbg.eu\/lv\/wp-json\/wp\/v2\/media\/119165"}],"wp:attachment":[{"href":"https:\/\/staging.nbg.eu\/lv\/wp-json\/wp\/v2\/media?parent=139310"}],"wp:term":[{"taxonomy":"product_brand","embeddable":true,"href":"https:\/\/staging.nbg.eu\/lv\/wp-json\/wp\/v2\/product_brand?post=139310"},{"taxonomy":"product_cat","embeddable":true,"href":"https:\/\/staging.nbg.eu\/lv\/wp-json\/wp\/v2\/product_cat?post=139310"},{"taxonomy":"product_tag","embeddable":true,"href":"https:\/\/staging.nbg.eu\/lv\/wp-json\/wp\/v2\/product_tag?post=139310"}],"curies":[{"name":"wp","href":"https:\/\/api.w.org\/{rel}","templated":true}]}}