{"id":139185,"date":"2025-01-04T11:14:34","date_gmt":"2025-01-04T11:14:34","guid":{"rendered":"https:\/\/staging.nbg.eu\/product\/fixed-scope-level-for-area-419-rings-and-mounts\/"},"modified":"2025-01-10T10:28:03","modified_gmt":"2025-01-10T10:28:03","slug":"fiksetais-temekla-limenis-area-419-gredzeniem-un-striprinajumiem","status":"publish","type":"product","link":"https:\/\/staging.nbg.eu\/lv\/product\/fiksetais-temekla-limenis-area-419-gredzeniem-un-striprinajumiem\/","title":{"rendered":"Fiksetais temekla limenis Area 419 gredzeniem un striprinajumiem"},"content":{"rendered":"<div class=\"product-description\">\n<h2>Fiks\u0113ts t\u0113mek\u013ca l\u012bme\u0146r\u0101dis Area 419 gredzeniem un stiprin\u0101jumiem<\/h2>\n<p>M\u016bsu fiks\u0113tais t\u0113mek\u013ca l\u012bme\u0146r\u0101dis ir izstr\u0101d\u0101ts labai redzam\u012bbai un atk\u0101rtojam\u012bbai. Tam ir \u0161\u0101das \u012bpa\u0161\u012bbas:<\/p>\n<ul>\n<li>Labi saskat\u0101ma l\u012bme\u0146a ampula vieglai nolas\u012b\u0161anai<\/li>\n<li>Univers\u0101ls dizains, sader\u012bgs ar vair\u0101kiem stiprin\u0101juma punktiem<\/li>\n<li>Izgatavots no iztur\u012bga 6061 alum\u012bnija<\/li>\n<li>Ra\u017eots Amerik\u0101<\/li>\n<\/ul>\n<p>Piem\u0113rots \u0161\u0101v\u0113jiem, kuriem nepiecie\u0161ama precizit\u0101te. To var piestiprin\u0101t jebkuram no m\u016bsu gredzeniem un stiprin\u0101jumiem p\u0113c izv\u0113les.<\/p>\n<h3>Specifik\u0101cijas:<\/h3>\n<ul>\n<li>Svars: 0,5 m\u0101rci\u0146as<\/li>\n<li>Izm\u0113ri: 6 \u00d7 4 \u00d7 1 collas<\/li>\n<\/ul>\n<p>Uzlabojiet savu \u0161au\u0161anas pieredzi ar m\u016bsu fiks\u0113to t\u0113mek\u013ca l\u012bme\u0146r\u0101di.<\/p>\n<\/div>\n","protected":false},"excerpt":{"rendered":"<p>&#8220;Redzams, atk\u0101rtojams l\u012bme\u0146r\u0101dis \u0161aute\u0146u t\u0113meklim. ASV ra\u017eots alum\u012bnijs. Daudzpus\u012bga stiprin\u0101\u0161ana.&#8221;<\/p>\n","protected":false},"featured_media":118923,"template":"","meta":{"_acf_changed":false},"product_brand":[11043],"product_cat":[13803,13760],"product_tag":[],"class_list":{"0":"post-139185","1":"product","2":"type-product","3":"status-publish","4":"has-post-thumbnail","6":"product_brand-area-419","7":"product_cat-merkesana","8":"product_cat-merkesanas-aksesuari","10":"first","11":"instock","12":"taxable","13":"shipping-taxable","14":"purchasable","15":"product-type-simple"},"acf":[],"_links":{"self":[{"href":"https:\/\/staging.nbg.eu\/lv\/wp-json\/wp\/v2\/product\/139185","targetHints":{"allow":["GET"]}}],"collection":[{"href":"https:\/\/staging.nbg.eu\/lv\/wp-json\/wp\/v2\/product"}],"about":[{"href":"https:\/\/staging.nbg.eu\/lv\/wp-json\/wp\/v2\/types\/product"}],"wp:featuredmedia":[{"embeddable":true,"href":"https:\/\/staging.nbg.eu\/lv\/wp-json\/wp\/v2\/media\/118923"}],"wp:attachment":[{"href":"https:\/\/staging.nbg.eu\/lv\/wp-json\/wp\/v2\/media?parent=139185"}],"wp:term":[{"taxonomy":"product_brand","embeddable":true,"href":"https:\/\/staging.nbg.eu\/lv\/wp-json\/wp\/v2\/product_brand?post=139185"},{"taxonomy":"product_cat","embeddable":true,"href":"https:\/\/staging.nbg.eu\/lv\/wp-json\/wp\/v2\/product_cat?post=139185"},{"taxonomy":"product_tag","embeddable":true,"href":"https:\/\/staging.nbg.eu\/lv\/wp-json\/wp\/v2\/product_tag?post=139185"}],"curies":[{"name":"wp","href":"https:\/\/api.w.org\/{rel}","templated":true}]}}